{"id":662,"date":"2020-10-19T11:18:27","date_gmt":"2020-10-19T11:18:27","guid":{"rendered":"http:\/\/eurotrat.ro\/m\/?page_id=662"},"modified":"2020-11-02T15:50:01","modified_gmt":"2020-11-02T15:50:01","slug":"imagistica_medicala","status":"publish","type":"page","link":"https:\/\/eurotrat.ro\/m\/imagistica_medicala\/","title":{"rendered":"IMAGISTIC\u0102 MEDICAL\u0102"},"content":{"rendered":"\t\t<div data-elementor-type=\"wp-page\" data-elementor-id=\"662\" class=\"elementor elementor-662\" data-elementor-post-type=\"page\">\n\t\t\t\t\t\t<section class=\"elementor-section elementor-top-section elementor-element elementor-element-491e5fa elementor-section-boxed elementor-section-height-default elementor-section-height-default\" data-id=\"491e5fa\" data-element_type=\"section\" data-e-type=\"section\">\n\t\t\t\t\t\t<div class=\"elementor-container elementor-column-gap-default\">\n\t\t\t\t\t<div class=\"elementor-column elementor-col-100 elementor-top-column elementor-element elementor-element-40348a1\" data-id=\"40348a1\" data-element_type=\"column\" data-e-type=\"column\">\n\t\t\t<div class=\"elementor-widget-wrap elementor-element-populated\">\n\t\t\t\t\t\t<section class=\"elementor-section elementor-inner-section elementor-element elementor-element-fd2c21e elementor-section-boxed elementor-section-height-default elementor-section-height-default\" data-id=\"fd2c21e\" data-element_type=\"section\" data-e-type=\"section\">\n\t\t\t\t\t\t<div class=\"elementor-container elementor-column-gap-default\">\n\t\t\t\t\t<div class=\"elementor-column elementor-col-50 elementor-inner-column elementor-element elementor-element-bdf1940\" data-id=\"bdf1940\" data-element_type=\"column\" data-e-type=\"column\">\n\t\t\t<div class=\"elementor-widget-wrap elementor-element-populated\">\n\t\t\t\t\t\t<div class=\"elementor-element elementor-element-09522f4 elementor-widget elementor-widget-image\" data-id=\"09522f4\" data-element_type=\"widget\" data-e-type=\"widget\" data-widget_type=\"image.default\">\n\t\t\t\t<div class=\"elementor-widget-container\">\n\t\t\t\t\t\t\t\t\t\t\t\t\t\t\t<img fetchpriority=\"high\" decoding=\"async\" width=\"800\" height=\"600\" src=\"https:\/\/eurotrat.ro\/m\/wp-content\/uploads\/2020\/10\/poze-38-1024x768.jpg\" class=\"attachment-large size-large wp-image-1012\" alt=\"\" srcset=\"https:\/\/eurotrat.ro\/m\/wp-content\/uploads\/2020\/10\/poze-38-1024x768.jpg 1024w, https:\/\/eurotrat.ro\/m\/wp-content\/uploads\/2020\/10\/poze-38-300x225.jpg 300w, https:\/\/eurotrat.ro\/m\/wp-content\/uploads\/2020\/10\/poze-38-768x576.jpg 768w, https:\/\/eurotrat.ro\/m\/wp-content\/uploads\/2020\/10\/poze-38-1536x1152.jpg 1536w, https:\/\/eurotrat.ro\/m\/wp-content\/uploads\/2020\/10\/poze-38-2048x1536.jpg 2048w\" sizes=\"(max-width: 800px) 100vw, 800px\" \/>\t\t\t\t\t\t\t\t\t\t\t\t\t\t\t<\/div>\n\t\t\t\t<\/div>\n\t\t\t\t\t<\/div>\n\t\t<\/div>\n\t\t\t\t<div class=\"elementor-column elementor-col-50 elementor-inner-column elementor-element elementor-element-15addca\" data-id=\"15addca\" data-element_type=\"column\" data-e-type=\"column\">\n\t\t\t<div class=\"elementor-widget-wrap elementor-element-populated\">\n\t\t\t\t\t\t<div class=\"elementor-element elementor-element-066e84e elementor-widget elementor-widget-text-editor\" data-id=\"066e84e\" data-element_type=\"widget\" data-e-type=\"widget\" data-widget_type=\"text-editor.default\">\n\t\t\t\t<div class=\"elementor-widget-container\">\n\t\t\t\t\t\t\t\t\t<p><strong>Imagistic\u0103 Medical\u0103<\/strong><\/p><p><strong>Osteodensitometru\u00a0 Dexa<\/strong><\/p><p>Program: Luni-Vineri 09:00-12:00<br \/>Miercuri: 16:00-18:00<\/p><p><strong>Radiografie<\/strong><\/p><p>Program: Luni-Vineri 09:00-12:00<\/p><p><strong>Program\u0103ri \u015fi informa\u0163ii:<\/strong> <a href=\"tel:0775 349 099\">0775 349 099<\/a><\/p><p>Program: Luni-Vineri 08:00-15:00<\/p>\t\t\t\t\t\t\t\t<\/div>\n\t\t\t\t<\/div>\n\t\t\t\t<div class=\"elementor-element elementor-element-6e0d06c elementor-widget elementor-widget-button\" data-id=\"6e0d06c\" data-element_type=\"widget\" data-e-type=\"widget\" data-widget_type=\"button.default\">\n\t\t\t\t<div class=\"elementor-widget-container\">\n\t\t\t\t\t\t\t\t\t<div class=\"elementor-button-wrapper\">\n\t\t\t\t\t<a class=\"elementor-button elementor-button-link elementor-size-sm\" href=\"http:\/\/eurotrat.ro\/m\/programari-online\/\">\n\t\t\t\t\t\t<span class=\"elementor-button-content-wrapper\">\n\t\t\t\t\t\t\t\t\t<span class=\"elementor-button-text\">Programare online<\/span>\n\t\t\t\t\t<\/span>\n\t\t\t\t\t<\/a>\n\t\t\t\t<\/div>\n\t\t\t\t\t\t\t\t<\/div>\n\t\t\t\t<\/div>\n\t\t\t\t\t<\/div>\n\t\t<\/div>\n\t\t\t\t\t<\/div>\n\t\t<\/section>\n\t\t\t\t\t<\/div>\n\t\t<\/div>\n\t\t\t\t\t<\/div>\n\t\t<\/section>\n\t\t\t\t<\/div>\n\t\t","protected":false},"excerpt":{"rendered":"<p>Imagistic\u0103 Medical\u0103 Osteodensitometru\u00a0 Dexa Program: Luni-Vineri 09:00-12:00Miercuri: 16:00-18:00 Radiografie Program: Luni-Vineri 09:00-12:00 Program\u0103ri \u015fi informa\u0163ii: 0775 349 099 Program: Luni-Vineri 08:00-15:00 Programare online<\/p>\n","protected":false},"author":1,"featured_media":0,"parent":0,"menu_order":0,"comment_status":"closed","ping_status":"closed","template":"","meta":{"footnotes":""},"class_list":["post-662","page","type-page","status-publish","hentry"],"_links":{"self":[{"href":"https:\/\/eurotrat.ro\/m\/wp-json\/wp\/v2\/pages\/662","targetHints":{"allow":["GET"]}}],"collection":[{"href":"https:\/\/eurotrat.ro\/m\/wp-json\/wp\/v2\/pages"}],"about":[{"href":"https:\/\/eurotrat.ro\/m\/wp-json\/wp\/v2\/types\/page"}],"author":[{"embeddable":true,"href":"https:\/\/eurotrat.ro\/m\/wp-json\/wp\/v2\/users\/1"}],"replies":[{"embeddable":true,"href":"https:\/\/eurotrat.ro\/m\/wp-json\/wp\/v2\/comments?post=662"}],"version-history":[{"count":0,"href":"https:\/\/eurotrat.ro\/m\/wp-json\/wp\/v2\/pages\/662\/revisions"}],"wp:attachment":[{"href":"https:\/\/eurotrat.ro\/m\/wp-json\/wp\/v2\/media?parent=662"}],"curies":[{"name":"wp","href":"https:\/\/api.w.org\/{rel}","templated":true}]}}