{"id":393,"date":"2020-10-12T12:00:12","date_gmt":"2020-10-12T12:00:12","guid":{"rendered":"http:\/\/eurotrat.ro\/m\/?page_id=393"},"modified":"2022-04-21T13:18:23","modified_gmt":"2022-04-21T10:18:23","slug":"accesul-in-unitate-si-accesul-mass-media","status":"publish","type":"page","link":"https:\/\/eurotrat.ro\/m\/accesul-in-unitate-si-accesul-mass-media\/","title":{"rendered":"Accesul in unitate si accesul Mass-media"},"content":{"rendered":"\t\t<div data-elementor-type=\"wp-page\" data-elementor-id=\"393\" class=\"elementor elementor-393\" data-elementor-post-type=\"page\">\n\t\t\t\t\t\t<section class=\"elementor-section elementor-top-section elementor-element elementor-element-e4ca0df elementor-section-boxed elementor-section-height-default elementor-section-height-default\" data-id=\"e4ca0df\" data-element_type=\"section\" data-e-type=\"section\">\n\t\t\t\t\t\t<div class=\"elementor-container elementor-column-gap-default\">\n\t\t\t\t\t<div class=\"elementor-column elementor-col-100 elementor-top-column elementor-element elementor-element-958bd56\" data-id=\"958bd56\" data-element_type=\"column\" data-e-type=\"column\">\n\t\t\t<div class=\"elementor-widget-wrap elementor-element-populated\">\n\t\t\t\t\t\t<div class=\"elementor-element elementor-element-9320cdc elementor-view-default elementor-position-block-start elementor-mobile-position-block-start elementor-widget elementor-widget-icon-box\" data-id=\"9320cdc\" data-element_type=\"widget\" data-e-type=\"widget\" data-widget_type=\"icon-box.default\">\n\t\t\t\t<div class=\"elementor-widget-container\">\n\t\t\t\t\t\t\t<div class=\"elementor-icon-box-wrapper\">\n\n\t\t\t\t\t\t<div class=\"elementor-icon-box-icon\">\n\t\t\t\t<span  class=\"elementor-icon\">\n\t\t\t\t<svg xmlns=\"http:\/\/www.w3.org\/2000\/svg\" xmlns:xlink=\"http:\/\/www.w3.org\/1999\/xlink\" id=\"Capa_1\" x=\"0px\" y=\"0px\" viewBox=\"0 0 512 512\" style=\"enable-background:new 0 0 512 512;\" xml:space=\"preserve\"><path style=\"fill:#8B9BA9;\" d=\"M426,202.457c-43.285,0-78.5,35.215-78.5,78.5v190h157v-190  C504.5,237.672,469.285,202.457,426,202.457z\"><\/path><g>\t<path style=\"fill:#596775;\" d=\"M504.5,470.957v-190c0-36.816-25.481-67.778-59.729-76.215c-5.938,12.76-2.218,28.342,9.601,36.914   c12.604,9.14,20.128,23.832,20.128,39.302v160h-127v30h157V470.957z\"><\/path>\t<path style=\"fill:#596775;\" d=\"M66.702,43.064l372.17,214.906c12.555,7.25,16.855,23.304,9.606,35.859l0,0   c-7.25,12.555-23.304,16.855-35.859,9.606L40.449,88.528c-7.174-4.143-9.632-13.317-5.489-20.491l11.251-19.485   C50.353,41.379,59.528,38.921,66.702,43.064z\"><\/path><\/g><path style=\"fill:#35404A;\" d=\"M438.871,257.97l-3.247-1.875l0,0c-6.214,10.761-19.975,14.447-30.736,8.234L42.46,55.048  l-7.501,12.99c-4.143,7.174-1.685,16.348,5.489,20.491l372.169,214.906c12.521,7.23,28.586,2.989,35.859-9.606l0,0  C455.734,281.262,451.415,265.213,438.871,257.97z\"><\/path><g>\t<polygon style=\"fill:#FFCF5D;\" points=\"246.839,147.082 198.343,160.073 256.801,193.829 305.297,180.838  \"><\/polygon>\t<polygon style=\"fill:#FFCF5D;\" points=\"422.213,248.351 363.755,214.595 315.26,227.585 373.718,261.342  \"><\/polygon><\/g><polygon style=\"fill:#FF983B;\" points=\"216.102,155.316 175.121,166.294 233.579,200.05 274.561,189.072 \"><\/polygon><polygon style=\"fill:#FFCF5D;\" points=\"129.922,79.57 81.427,92.561 139.885,126.317 188.38,113.326 \"><\/polygon><g>\t<polygon style=\"fill:#FF983B;\" points=\"99.186,87.803 58.205,98.782 116.663,132.538 157.644,121.56  \"><\/polygon>\t<polygon style=\"fill:#FF983B;\" points=\"333.019,222.828 292.037,233.806 350.495,267.562 391.477,256.584  \"><\/polygon><\/g><path style=\"fill:#8B9BA9;\" d=\"M7.5,310.957v160h86.996v-160c0-16.569-13.431-30-30-30H37.5C20.931,280.957,7.5,294.388,7.5,310.957  z\"><\/path><path style=\"fill:#596775;\" d=\"M64.496,280.957v30.975H37.5v26.996h26.996v102.029H7.5v30h86.996v-160  C94.496,294.388,81.064,280.957,64.496,280.957z\"><\/path><circle style=\"fill:#60F375;\" cx=\"426\" cy=\"357.11\" r=\"25\"><\/circle><path d=\"M408.87,309.926c1.14,0.66,2.43,1.011,3.739,1.011c2.671,0,5.171-1.44,6.5-3.75c1-1.73,1.271-3.761,0.75-5.69  c-0.51-1.93-1.75-3.55-3.479-4.55l-0.01-0.01l-46.44-26.811c17.73-4.75,41.95-11.24,51.22-13.729l13.971,8.069  c5.77,3.33,9.37,9.561,9.38,16.26c-0.01,3.311-0.851,6.461-2.521,9.351c-1.359,2.36-3.16,4.34-5.35,5.89  c-1.63,1.17-2.72,2.891-3.05,4.87c-0.33,1.97,0.13,3.96,1.29,5.59c1.399,1.98,3.689,3.16,6.109,3.16c1.561,0,3.061-0.479,4.33-1.38  c0.01,0,0.01-0.01,0.021-0.01c3.95-2.811,7.2-6.38,9.64-10.61c2.97-5.14,4.53-10.96,4.53-16.86c0-5.81-1.51-11.569-4.38-16.649  c-2.96-5.23-7.28-9.58-12.5-12.601l0,0c-0.013-0.008,0,0-0.013-0.008l-53.672-30.994c11.107-6.822,23.936-10.51,37.066-10.518  c18.92,0,36.74,7.4,50.18,20.82c13.42,13.439,20.82,31.26,20.82,50.18v182.5H355v-168.85c0-4.141-3.37-7.5-7.5-7.5  c-4.141,0-7.5,3.359-7.5,7.5v176.35c0,1.98,0.8,3.91,2.2,5.3c1.39,1.4,3.319,2.2,5.3,2.2h157c1.97,0,3.91-0.8,5.3-2.2  c1.4-1.39,2.2-3.33,2.2-5.3v-190c0-11.6-2.28-22.85-6.771-33.45c-4.34-10.24-10.54-19.43-18.449-27.33  c-7.9-7.91-17.091-14.109-27.33-18.45c-10.601-4.489-21.851-6.77-33.45-6.77h-0.021c-10.359,0-20.51,1.84-30.16,5.48  c-7.639,2.872-14.775,6.816-21.299,11.714l0,0l0,0l0,0L70.452,36.568l0,0l0,0c-5.205-3.006-11.269-3.805-17.074-2.248  c-5.805,1.556-10.657,5.278-13.662,10.482L28.464,64.287c-3.005,5.205-3.804,11.269-2.249,17.073  c1.555,5.806,5.278,10.657,10.482,13.663L408.87,309.926C408.871,309.926,408.87,309.925,408.87,309.926L408.87,309.926   M44.199,82.033c-1.735-1.002-2.976-2.619-3.495-4.554c-0.518-1.936-0.252-3.956,0.75-5.69l11.251-19.485  c1.002-1.735,2.619-2.977,4.554-3.495c1.937-0.52,3.956-0.251,5.691,0.75l47.541,27.453L59.266,90.734L44.199,82.033z   M77.636,101.341l51.226-13.722l40.087,23.147l-51.227,13.723L77.636,101.341z M136.094,135.097l51.227-13.722l40.088,23.149  l-51.226,13.722L136.094,135.097z M194.552,168.853l51.227-13.722l40.088,23.147L234.64,192L194.552,168.853z M253.01,202.609  l51.226-13.723l40.088,23.149l-51.227,13.722L253.01,202.609z M402.782,245.791l-51.227,13.723l-40.088-23.148l51.228-13.723  l8.59,4.96c0.04,0.024,0.08,0.046,0.12,0.069L402.782,245.791z\"><\/path><path d=\"M64.496,273.457H37.5c-20.678,0-37.5,16.822-37.5,37.5v160c0,4.143,3.358,7.5,7.5,7.5h86.996c4.142,0,7.5-3.357,7.5-7.5  v-160C101.996,290.279,85.173,273.457,64.496,273.457z M86.996,463.457H15v-152.5c0-12.406,10.093-22.5,22.5-22.5h26.996  c12.407,0,22.5,10.094,22.5,22.5V463.457z\"><\/path><path d=\"M64.496,304.432H37.5c-4.142,0-7.5,3.357-7.5,7.5v26.995c0,4.143,3.358,7.5,7.5,7.5s7.5-3.357,7.5-7.5v-19.495h11.996  v19.495c0,4.143,3.358,7.5,7.5,7.5s7.5-3.357,7.5-7.5v-26.995C71.996,307.789,68.638,304.432,64.496,304.432z\"><\/path><path d=\"M458.5,357.111c0-17.921-14.579-32.5-32.5-32.5s-32.5,14.579-32.5,32.5s14.579,32.5,32.5,32.5S458.5,375.032,458.5,357.111z   M408.5,357.111c0-9.649,7.851-17.5,17.5-17.5s17.5,7.851,17.5,17.5s-7.851,17.5-17.5,17.5S408.5,366.761,408.5,357.111z\"><\/path><g><\/g><g><\/g><g><\/g><g><\/g><g><\/g><g><\/g><g><\/g><g><\/g><g><\/g><g><\/g><g><\/g><g><\/g><g><\/g><g><\/g><g><\/g><\/svg>\t\t\t\t<\/span>\n\t\t\t<\/div>\n\t\t\t\n\t\t\t\t\t\t<div class=\"elementor-icon-box-content\">\n\n\t\t\t\t\t\t\t\t\t<h3 class=\"elementor-icon-box-title\">\n\t\t\t\t\t\t<span  >\n\t\t\t\t\t\t\tAccesul \u00een unitate \u0219i accesul Mass-media\t\t\t\t\t\t<\/span>\n\t\t\t\t\t<\/h3>\n\t\t\t\t\n\t\t\t\t\n\t\t\t<\/div>\n\t\t\t\n\t\t<\/div>\n\t\t\t\t\t\t<\/div>\n\t\t\t\t<\/div>\n\t\t\t\t\t<\/div>\n\t\t<\/div>\n\t\t\t\t\t<\/div>\n\t\t<\/section>\n\t\t\t\t<section class=\"elementor-section elementor-top-section elementor-element elementor-element-22c8b93 elementor-section-boxed elementor-section-height-default elementor-section-height-default\" data-id=\"22c8b93\" data-element_type=\"section\" data-e-type=\"section\">\n\t\t\t\t\t\t<div class=\"elementor-container elementor-column-gap-default\">\n\t\t\t\t\t<div class=\"elementor-column elementor-col-100 elementor-top-column elementor-element elementor-element-127f7be\" data-id=\"127f7be\" data-element_type=\"column\" data-e-type=\"column\">\n\t\t\t<div class=\"elementor-widget-wrap elementor-element-populated\">\n\t\t\t\t\t\t<div class=\"elementor-element elementor-element-8610576 elementor-widget elementor-widget-text-editor\" data-id=\"8610576\" data-element_type=\"widget\" data-e-type=\"widget\" data-widget_type=\"text-editor.default\">\n\t\t\t\t<div class=\"elementor-widget-container\">\n\t\t\t\t\t\t\t\t\t<p>Accesul \u00een unitate se realizeaz\u0103 astfel:<\/p><ul><li>Personalul propriu:<\/li><\/ul><p>Accesul salaria\u021bilor\u00a0spitalului este permis numai pe la punctele de control-acces, care respect\u0103 circuitele func\u021bionale ale spitalului, pe baza ecusonului de serviciu.<\/p><p>Pentru urgen\u021bele medico-chirurgicale\u00a0ale pacien\u021bilor, accesul acestora \u00een spital este permanent;<\/p><ul><li>Personalul din afar\u0103 unit\u0103\u021bii\u00a0venit in interes de serviciu- pe baza buletinului de identitate sau a legitima\u021biei de serviciu;<\/li><li>Apar\u021bin\u0103torii \u0219i vizitatorii bolnavilor: Zilnic\u00a0 \u00eentre orele 18-20 cu respectarea urm\u0103toarelor condi\u021bii:<\/li><\/ul><p>Accesul se permite numai persoanelor cu \u021binut\u0103 decent\u0103;<\/p><p>Accesul se permite numai prin intrarea \u0219i \u00een locurile \u0219i spatile special destinate vizitatorilor;<\/p><p>Este interzis accesul persoanelor str\u0103ine \u00een spital \u00een zonele cu risc: depozite de de\u0219euri medicale periculoase, echipament radiologie etc.<\/p><p>Pe durata orelor de vizit\u0103, personalul medico-sanitar ia toate m\u0103surile necesare pentru respectarea cu stricte\u021be a interdic\u021biilor de acces \u00een zonele precizate cu risc, a regulilor de acces \u0219i circul\u0103\u021bie \u00een spital, precum \u0219i a normelor de conduit\u0103 civilizat\u0103.<\/p><p>\u00cen cazul apari\u021biei oric\u0103ror nereguli , personalul medico-sanitar sesizeaz\u0103 de urgen\u021b\u0103 serviciul de paz\u0103.<\/p><p>Dac\u0103 apare o perioada de carantin\u0103 \u00een aceast\u0103 perioada se limiteaz\u0103 sau se interzice, dup\u0103 caz, accesul vizitatorilor \u00een spital.<\/p><ul><li>Accesul salaria\u021bilor unor firme prestatoare de servicii\u00a0\u00een spital este permis numai \u00een baza unui tabel nominal, aprobat de manager, document de identitate \u0219i\/sau legitima\u021bie de serviciu.<\/li><\/ul><ul><li>Accesul reprezentan\u021bilor mass-mediei:\u00a0accesul reprezentan\u021bilor mass-mediei se face cu permis de vizitare, numai pe baza legitima\u021biei de acreditare \u00een specialitate \u0219i a documentului de identitate, precum \u0219i cu acordul managerului spitalului, \u00een urm\u0103 unei solicit\u0103ri scrise sau telefonice.<\/li><\/ul><p>Reprezentan\u021b\u00eei mass-mediei pot filma \u00een spitale numai \u00een spa\u021biile pentru care managerul \u0219i-a exprimat acordul \u00een mod explicit, iar intervievarea pacien\u021bilor sau filmarea acestora se poate face numai \u00een condi\u021biile legii (ob\u021binerea consim\u021b\u0103m\u00e2ntului informat al pacientului privind filmarea \/ fotografierea).<\/p><p>Managerul de spital desemneaz\u0103 prin decizie un purt\u0103tor de cuv\u00e2nt al institu\u021biei, aceast\u0103 fiind singur\u0103 persoan\u0103 care \u00eei \u00eenso\u021be\u0219te pe reprezentan\u021b\u00eei mass-mediei, pe durata prezen\u021bei acestora \u00een incinta spitalului.<\/p><p>Accesul \u00een sec\u021biile spitalului va fi restric\u021bionat \u0219i acordat doar cu avizul \u0219efului de sec\u021bie. Pentru evenimente medicale deosebite (accidente rutiere, accidente de munc\u0103, accidente casnice, calamit\u0103\u021bi etc.), reprezentan\u021b\u00eei mass-media vor avea acces \u00een spital pe la intrare camera de garda \u0219i vor fi primi\u021bi \u00een holul camerei de garda.<\/p><p>Dup\u0103 stabilizarea pacien\u021bilor \u0219i ob\u021binerea unui diagnostic de internare, toate informa\u021biile solicitate de pres\u0103 vor fi comunicate de c\u0103tre purt\u0103torul de cuv\u00e2nt al spitalului, sau medicul de garda.<\/p><p>Toate informa\u021biile solicitate vor fi date sub rezerva codului deontologic \u0219i \u021bin\u00e2nd cont de Legea 46\/2003, privind drepturile pacien\u021bilor \u2014acceptul pacientului sau al apar\u021bin\u0103torilor.<\/p><ul><li>Reprezentan\u021bii presei<\/li><\/ul><p>Realizarea unui interviu cu echipa managerial\u0103 a spitalului se va realiza doar \u00een urma unei solicit\u0103ri scrise \u0219i doar cu acordul personal al directorul respectiv.<\/p><p>Managerul spitalului va nominaliza \u00een mod explicit locurile \u00een care se poate filma sau persoanele c\u0103rora li se pot lua interviuri, cu respectarea drepturilor pacien\u021bilor la intimitate.<\/p><p>Pentru aceasta, anterior, reprezentan\u021bii mass-media vor face demersuri scrise sau verbale \u00een vederea ob\u021binerii acordului de principiu. \u00cen vederea desf\u0103\u0219ur\u0103rii fluente a acestei activit\u0103\u021bi, directorul general al spitalului a nominalizat un reprezentant al spitalului c\u0103 purt\u0103tor de cuv\u00e2nt al institu\u021biei.<\/p><p>Presa are acces ne\u00eengr\u0103dit \u00een urm\u0103toarele situa\u021bii: c\u00e2nd \u00eenso\u021be\u0219te o delega\u021bie oficial\u0103 (Ministru, Secretar de Stat etc.) cu acordul acesteia, fiind \u00eenso\u021bi\u021bi de manager, de purt\u0103torul de cuv\u00e2nt, sau de persoanele numite prin decizie de c\u0103tre manager; Persoanele din cadrul delega\u021biilor ministerelor \u00ee\u0219i vor asum\u0103 r\u0103spunderea pentru reprezentan\u021bii mass-media care \u00eei \u00eenso\u021besc;\u00a0<span style=\"color: var( --e-global-color-5f8d0db9 ); font-family: var( --e-global-typography-text-font-family ), Sans-serif; font-weight: var( --e-global-typography-text-font-weight ); font-size: 1rem;\">\u00eenso\u021bit\u0103 de Manager \u0219i\/sau ceilal\u021bi Directori din Comitetul Director.<\/span><\/p><ul><li>Accesul \u00een spital al altor categorii de persoane,\u00a0precum echipe de control din cadrul Ministerului S\u0103n\u0103t\u0103\u021bii sau din cadrul institu\u021biilor aflate \u00een subordinea s\u0103, medici \u00een schimb de experien\u021b\u0103, medici reziden\u021bi, studen\u021bi etc., se face pe baza legitima\u021biei de serviciu.<\/li><\/ul><p>Accesul persoanelor care au asupra lor aparate de filmat, de fotografiat sau de \u00eenregistrat se face numai cu aprobarea managerului spitalului.<\/p><p>Este interzis accesul \u00een spital al persoanelor care au asupra lor armament, muni\u021bie, substan\u021be toxice, stupefiante, explozive ori alte instrumente care pot pune \u00een pericol via\u021b\u0103, integritatea corporal\u0103 sau s\u0103n\u0103tatea personalului propriu \u0219i a pacien\u021bilor ori patrimoniul unit\u0103\u021bii. Fac excep\u021bie persoanele care se afl\u0103 \u00een timpul execut\u0103rii misiunilor de interven\u021bie, de protec\u021bie a demnitarilor rom\u00e2ni sau str\u0103ini ori a personalit\u0103\u021bilor sau care asigur\u0103 paza persoanelor internate, private de libertate.<\/p><p>Accesul autovehiculelor salaria\u021bilor se face doar pe baza de ecuson, eliberate de administra\u021bia spitalului. Pentru ob\u021binerea acestui permis se face o solicitare scris\u0103. \u00cen parcarea spitalului au acces \u0219i autoturismele care transporta persoane cu handicap.<\/p><p>Autovehiculele serviciului de ambulan\u021b\u0103, autovehiculele personale sau alte vehicule care transport\u0103 persoane care necesit\u0103 \u00eengrijiri de urgen\u021b\u0103 ori persoane care nu se pot deplasa au acces permanent \u00een spital.<\/p><p>Se permite accesul autovehiculelor furnizorilor de produse \u0219i servicii \u00een unitatea sanitar\u0103, cu respectarea urm\u0103toarelor condi\u021bii:<\/p><p>-numai \u00een baza protocoalelor scrise \u00een documentele \u00eencheiate cu beneficiarii respectivelor servicii sau produse; la stabilirea programului de acces se vor evita pe c\u00e2t posibil perioadele aglomerate datorit\u0103 activit\u0103\u021bilor specifice spitalului;<\/p><p>-\u00een situa\u021biile de urgen\u021b\u0103, numai cu acordul managerului spitalului sau al loc\u021biitorului delegat de acesta;<\/p><p>-pe baza legitima\u021biei de serviciu, a documentului de identitate \u0219i a confirm\u0103rii \u0219efilor de\u00a0<span style=\"color: var( --e-global-color-5f8d0db9 ); font-family: var( --e-global-typography-text-font-family ), Sans-serif; font-weight: var( --e-global-typography-text-font-weight ); font-size: 1rem;\">servicii sau ai departamentului solicitant.<\/span><\/p><p>Este intezis\u0103 circula\u021bia auto pe la punctele de acces destinate doar persoanelor. La intrarea \u0219i la ie\u0219irea din incinta spitalului au prioritate ambulan\u021bele.<\/p><p>Este strict interzis\u0103 blocarea caii de acces c\u0103tre camera de garda. De asemenea, este interzis\u0103 blocarea punctelor de acces \u00een pavilioane.<\/p><p>Sunt interzise oprirea \u0219i sta\u021bionarea autovehiculelor pe c\u0103ile de circula\u021bie.<\/p><p>Pentru sta\u021bionare se vor utiliza parc\u0103rile semnalizate \u0219i amenajate.<\/p><p>Pe c\u0103ile de acces comune pentru persoane \u0219i autovehicule prioritate au brancardierii care transport\u0103 pacien\u021bi, pacien\u021bii, cadrele medicale, celelalte tipuri de angaja\u021bi ai spitalului, vizitatorii; persoanele care se deplaseaz\u0103 pietonal nu vor sta\u021biona nejustificat pe c\u0103ile de circul\u0103\u021bie comune \u0219i vor fi atente la autovehiculele \u00een mi\u0219care; conduc\u0103torii auto vor circula cu maximum de pruden\u021b\u0103 pentru a evita lovirea \/ accidentarea persoanelor care se deplaseaz\u0103 pe jos \/ pietonal.<\/p><p>La deplasarea \u00een incint\u0103 se va circul\u0103 cu maximum 5 Km\/h. Este obligatorie respectarea limit\u0103rii vitezei de circula\u021bie. Excep\u021bie fac ambulan\u021bele.<\/p><p>Autovehiculele vor circula doar pe traseul indicat cu excep\u021bia prestatorilor de servicii \u0219i numai cu condi\u021bia respect\u0103rii unor reguli speciale ce vor fi consemnate \u00een contractele de prest\u0103ri servicii. \u00cen acest sens se vor respecta indicatoarele de circula\u021bie amplasate pe c\u0103ile de circul\u0103\u021bie.<\/p><p>Toate informa\u021biile referitoare la activitatea desf\u0103\u0219urat\u0103 \u00een spital vor fi furnizate mijloacelor mass-media de c\u0103tre purt\u0103torul de cuv\u00e2nt al spitalului. Excep\u021bie fac numai informa\u021biile despre unii bolnavi care pot fi furnizate de c\u0103tre medicul \u0219ef de sec\u021bie sau de o persoan\u0103 desemnat\u0103 de acesta \u0219i cu acceptul bolnavului.<\/p><p>\u00cen situa\u021bia \u00een care datele solicitate pot fi furnizate de o alt\u0103 persoan\u0103, aceasta poate angaja discu\u021bia la caz dup\u0103 prealabil\u0103 informare a \u0219efului de sec\u021bie \u0219i a managerului spitalului.<\/p><p>Consultarea unor documente medicale de c\u0103tre reprezenta\u021bii mass-media este posibil\u0103 \u00een prezen\u021ba medicului curant, dup\u0103 ob\u021binerea acordului \u0219efului de sec\u021bie;<\/p><p>Documentele medicale nu vor putea fi \u00eenstrainate dec\u00e2t \u00een condi\u021biile prev\u0103zute de dispozi\u021biile legale.<\/p><p>Filmarea unui caz se va putea face cu acordul scris al persoanei respective.<\/p><p>Circula\u021bia reporterilor prin spital se va efectua respect\u00e2nd circuitele func\u021bionale ale spitalului (sec\u021biei) \u0219i numai \u00eensotiti de purt\u0103torul de cuv\u00e2nt al unit\u0103\u021bii sau manager, director medical, \u0219ef de sec\u021bie.<\/p><p>Vizitarea bolnavilor, acolo unde este posibil\u0103, se va face numai conform programului stabilit de c\u0103tre conducerea unit\u0103\u021b\u00eei \u0219i afi\u0219at la poarta spitalului.<\/p><p>Vizitatorii sunt \u00eendruma\u021bi la patul bolnavilor de un cadru mediu desemnat de \u0219eful de\u00a0<span style=\"color: var( --e-global-color-5f8d0db9 ); font-family: var( --e-global-typography-text-font-family ), Sans-serif; font-weight: var( --e-global-typography-text-font-weight ); font-size: 1rem;\">sec\u021bie sau de asistenta\u00a0\u0219efa. \u00cen situa\u021bia mai multor vizitatori, ace\u0219tia vor fi introdu\u0219i pe r\u00e2nd, astfel c\u0103 num\u0103rul lor Ia un bolnav s\u0103 nu dep\u0103\u0219easc\u0103 2 persoane.<\/span><\/p><p>Este interzis vizitatorilor introducerea de alimente contraindicate regimului dietetic al bolnavului sau \u00een cantitate prea mare. Spitalul \u00ee\u0219i rezerv\u0103 dreptul de a distruge alimentele aduse bolnavilor dac\u0103 acestea sunt alterate sau contraindicate regimului stabilit de c\u0103tre medicul curant.<\/p><p>Este interzis\u0103 introducerea de alcool \u00een incinta spitalului.<\/p><p>Vizitatorii vor evita discu\u021biile nepl\u0103cute ce pot afecta pacien\u021bii, vor respecta lini\u0219tea celorlal\u021bi bolnavi interna\u021bi.<\/p><p>Vizitatorilor le este interzis fumatul \u00een unitate. \u00cen caz contrar ace\u015ftia vor fi amenda\u021bi \u00een conformitate cu prevederile art. 10 lit. a din legea nr. 349 \/ 2002.<\/p><p>Vizitatorii trebuie s\u0103 respecte orele de vizit\u0103 \u0219i s\u0103 dea curs indica\u021biilor medicilor, personalului sanitar sau de paz\u0103. Personalul de paz\u0103 de la punctele de ccontrol-acces r\u0103spunde\u00a0\u00een baza fi\u0219ei postului dac\u0103 intr\u0103 \u00een incint\u0103\u00a0persoane neautorizate care pot filma, \u00eenregistra sau fura dn patrimoniul unit\u0103\u021bii, pe care le face publice ulterior.<\/p>\t\t\t\t\t\t\t\t<\/div>\n\t\t\t\t<\/div>\n\t\t\t\t\t<\/div>\n\t\t<\/div>\n\t\t\t\t\t<\/div>\n\t\t<\/section>\n\t\t\t\t<\/div>\n\t\t","protected":false},"excerpt":{"rendered":"<p>Accesul \u00een unitate \u0219i accesul Mass-media Accesul \u00een unitate se realizeaz\u0103 astfel: Personalul propriu: Accesul salaria\u021bilor\u00a0spitalului este permis numai pe la punctele de control-acces, care respect\u0103 circuitele func\u021bionale ale spitalului, pe baza ecusonului de serviciu. Pentru urgen\u021bele medico-chirurgicale\u00a0ale pacien\u021bilor, accesul acestora \u00een spital este permanent; Personalul din afar\u0103 unit\u0103\u021bii\u00a0venit in interes de serviciu- pe baza [&hellip;]<\/p>\n","protected":false},"author":1,"featured_media":0,"parent":0,"menu_order":0,"comment_status":"closed","ping_status":"closed","template":"","meta":{"footnotes":""},"class_list":["post-393","page","type-page","status-publish","hentry"],"_links":{"self":[{"href":"https:\/\/eurotrat.ro\/m\/wp-json\/wp\/v2\/pages\/393","targetHints":{"allow":["GET"]}}],"collection":[{"href":"https:\/\/eurotrat.ro\/m\/wp-json\/wp\/v2\/pages"}],"about":[{"href":"https:\/\/eurotrat.ro\/m\/wp-json\/wp\/v2\/types\/page"}],"author":[{"embeddable":true,"href":"https:\/\/eurotrat.ro\/m\/wp-json\/wp\/v2\/users\/1"}],"replies":[{"embeddable":true,"href":"https:\/\/eurotrat.ro\/m\/wp-json\/wp\/v2\/comments?post=393"}],"version-history":[{"count":0,"href":"https:\/\/eurotrat.ro\/m\/wp-json\/wp\/v2\/pages\/393\/revisions"}],"wp:attachment":[{"href":"https:\/\/eurotrat.ro\/m\/wp-json\/wp\/v2\/media?parent=393"}],"curies":[{"name":"wp","href":"https:\/\/api.w.org\/{rel}","templated":true}]}}