{"id":387,"date":"2020-10-12T11:59:13","date_gmt":"2020-10-12T11:59:13","guid":{"rendered":"http:\/\/eurotrat.ro\/m\/?page_id=387"},"modified":"2020-10-30T14:16:33","modified_gmt":"2020-10-30T14:16:33","slug":"legislatie","status":"publish","type":"page","link":"https:\/\/eurotrat.ro\/m\/legislatie\/","title":{"rendered":"Legisla\u021bie"},"content":{"rendered":"\t\t<div data-elementor-type=\"wp-page\" data-elementor-id=\"387\" class=\"elementor elementor-387\" data-elementor-post-type=\"page\">\n\t\t\t\t\t\t<section class=\"elementor-section elementor-top-section elementor-element elementor-element-e7716fa elementor-section-boxed elementor-section-height-default elementor-section-height-default\" data-id=\"e7716fa\" data-element_type=\"section\" data-e-type=\"section\">\n\t\t\t\t\t\t<div class=\"elementor-container elementor-column-gap-default\">\n\t\t\t\t\t<div class=\"elementor-column elementor-col-100 elementor-top-column elementor-element elementor-element-3c311b4\" data-id=\"3c311b4\" data-element_type=\"column\" data-e-type=\"column\">\n\t\t\t<div class=\"elementor-widget-wrap elementor-element-populated\">\n\t\t\t\t\t\t<div class=\"elementor-element elementor-element-8d0d3aa elementor-widget elementor-widget-text-editor\" data-id=\"8d0d3aa\" data-element_type=\"widget\" data-e-type=\"widget\" data-widget_type=\"text-editor.default\">\n\t\t\t\t<div class=\"elementor-widget-container\">\n\t\t\t\t\t\t\t\t\t<p>Legisla\u021bie<\/p>\t\t\t\t\t\t\t\t<\/div>\n\t\t\t\t<\/div>\n\t\t\t\t\t<\/div>\n\t\t<\/div>\n\t\t\t\t\t<\/div>\n\t\t<\/section>\n\t\t\t\t<section class=\"elementor-section elementor-top-section elementor-element elementor-element-69bc945 elementor-section-boxed elementor-section-height-default elementor-section-height-default\" data-id=\"69bc945\" data-element_type=\"section\" data-e-type=\"section\">\n\t\t\t\t\t\t<div class=\"elementor-container elementor-column-gap-default\">\n\t\t\t\t\t<div class=\"elementor-column elementor-col-100 elementor-top-column elementor-element elementor-element-9424e89\" data-id=\"9424e89\" data-element_type=\"column\" data-e-type=\"column\">\n\t\t\t<div class=\"elementor-widget-wrap elementor-element-populated\">\n\t\t\t\t\t\t<div class=\"elementor-element elementor-element-ac6714a elementor-widget elementor-widget-text-editor\" data-id=\"ac6714a\" data-element_type=\"widget\" data-e-type=\"widget\" data-widget_type=\"text-editor.default\">\n\t\t\t\t<div class=\"elementor-widget-container\">\n\t\t\t\t\t\t\t\t\t<p><strong>Legisla\u021bie administrativ\u0103<\/strong><\/p><p><strong>2019<\/strong><\/p><p><a href=\"http:\/\/eurotrat.ro\/m\/wp-content\/uploads\/2020\/10\/norme-din-20-iulie-2007.pdf\">Norme din 20 iulie 2007<\/a><\/p><p><a href=\"http:\/\/eurotrat.ro\/m\/wp-content\/uploads\/2020\/10\/norme-metodologice-din-29-noiembrie-2018.pdf\">Norme metodologice din 29 noiembrie 2018<\/a><\/p><p><a href=\"http:\/\/eurotrat.ro\/m\/wp-content\/uploads\/2020\/10\/Ordin-MS-nr.-914-din-2006-republicat.docx\" target=\"_blank\" rel=\"noreferrer noopener\">Ordin MS nr. 914 din 2006 republicat<\/a><\/p><p><a href=\"http:\/\/eurotrat.ro\/m\/wp-content\/uploads\/2020\/10\/ordin-nr-39-din-16-ianuarie-2008.pdf\" target=\"_blank\" rel=\"noreferrer noopener\">Ordin nr 39 din 16 ianuarie 2008<\/a><\/p><p><a href=\"http:\/\/spitalgherla.ro\/v2\/wp-content\/uploads\/2020\/05\/ordin-nr-914-din-26-iulie-2006.pdf\" target=\"_blank\" rel=\"noreferrer noopener\">Ordin nr 914 din 26 iulie 2006<\/a><\/p><p><a href=\"http:\/\/eurotrat.ro\/m\/wp-content\/uploads\/2020\/10\/ordin-nr-1301-din-20-iulie-2007.pdf\" target=\"_blank\" rel=\"noreferrer noopener\">Ordin nr 1301 din 20 iulie 2007<\/a><\/p><p><a href=\"http:\/\/eurotrat.ro\/m\/wp-content\/uploads\/2020\/10\/ordin-nr-1549-din-29-noiembrie-2018.pdf\" target=\"_blank\" rel=\"noreferrer noopener\">Ordin nr 1549 din 29 noiembrie 2018<\/a><\/p><p>\u00a0<\/p><p><strong>Legisla\u021bie financiar contabil\u0103<\/strong><\/p><p><strong>2018<\/strong><\/p><p><a href=\"http:\/\/eurotrat.ro\/m\/wp-content\/uploads\/2020\/10\/hg-nr-1045-din-2018.pdf\" target=\"_blank\" rel=\"noreferrer noopener\">Hg nr 1045 din 2018<\/a><\/p><p><a href=\"http:\/\/eurotrat.ro\/m\/wp-content\/uploads\/2020\/10\/legea-nr-113-din-2018.pdf\" target=\"_blank\" rel=\"noreferrer noopener\">Legea nr 113 din 2018<\/a><\/p><p><a href=\"http:\/\/eurotrat.ro\/m\/wp-content\/uploads\/2020\/10\/ordin-ms-nr-78-din-2018.pdf\" target=\"_blank\" rel=\"noreferrer noopener\">Ordin ms nr 78 din 2018<\/a><\/p><p><a href=\"http:\/\/eurotrat.ro\/m\/wp-content\/uploads\/2020\/10\/ordin-ms-nr-180-din-2018.pdf\" target=\"_blank\" rel=\"noreferrer noopener\">Ordin ms nr 180 din 2018<\/a><\/p><p><a href=\"http:\/\/eurotrat.ro\/m\/wp-content\/uploads\/2020\/10\/ordin-ms-nr-340-din-2018.pdf\" target=\"_blank\" rel=\"noreferrer noopener\">Ordin ms nr 340 din 2018<\/a><\/p><p><a href=\"http:\/\/spitalgherla.ro\/v2\/wp-content\/uploads\/2020\/05\/ordin-ms-nr-735-din-2018.pdf\" target=\"_blank\" rel=\"noreferrer noopener\">Ordin ms nr 735 din 2018<\/a><\/p><p><a href=\"http:\/\/eurotrat.ro\/m\/wp-content\/uploads\/2020\/10\/ordin-nr-314-2018.pdf\" target=\"_blank\" rel=\"noreferrer noopener\">Ordin nr 314 2018<\/a><\/p><p>\u00a0<\/p><p><strong>Legisla\u021bie medical\u0103<\/strong><\/p><p><strong>2019<\/strong><\/p><p><a href=\"http:\/\/eurotrat.ro\/m\/wp-content\/uploads\/2020\/10\/ordin-ms-nr-2-din-2019.pdf\" target=\"_blank\" rel=\"noreferrer noopener\">Ordin ms nr 2 din 2019<\/a><\/p><p><a href=\"http:\/\/eurotrat.ro\/m\/wp-content\/uploads\/2020\/10\/ordin-ms-nr-3-din-2019.pdf\" target=\"_blank\" rel=\"noreferrer noopener\">Ordin ms nr 3 din 2019<\/a><\/p><p><a href=\"http:\/\/eurotrat.ro\/m\/wp-content\/uploads\/2020\/10\/ordin-ms-nr-17-din-2019.pdf\" target=\"_blank\" rel=\"noreferrer noopener\">Ordin ms nr 17 din 2019<\/a><\/p><p><a href=\"http:\/\/eurotrat.ro\/m\/wp-content\/uploads\/2020\/10\/protocol-ms-din-07.01.2019.pdf\" target=\"_blank\" rel=\"noreferrer noopener\">Protocol ms din 07.01.2019<\/a><\/p><p>\u00a0<\/p><p><strong>Legisla\u021bie Managementul calit\u0103\u021bii \u00een s\u0103n\u0103tate<\/strong><\/p><p><strong>2019<\/strong><\/p><p><a href=\"http:\/\/eurotrat.ro\/m\/wp-content\/uploads\/2020\/10\/ordin-ms-nr-1537-din-2018.pdf\" target=\"_blank\" rel=\"noreferrer noopener\">Ordin ms nr 1537 din 2018<\/a><\/p><p>\u00a0<\/p><p><strong>Legisla\u021bie protec\u021bia datelor cu caracter personal<\/strong><\/p><p><strong>2018<\/strong><\/p><p><a href=\"http:\/\/eurotrat.ro\/m\/wp-content\/uploads\/2020\/10\/lege-nr-190-din-18-iulie-2018.pdf\" target=\"_blank\" rel=\"noreferrer noopener\">Lege nr 190 din 18 iulie 2018<\/a><\/p><p><a href=\"http:\/\/eurotrat.ro\/m\/wp-content\/uploads\/2020\/10\/lege-nr-129-din-15-iunie-2018.pdf\" target=\"_blank\" rel=\"noreferrer noopener\">Lege nr 129 din 15 iunie 2018<\/a><\/p><p><a href=\"http:\/\/eurotrat.ro\/m\/wp-content\/uploads\/2020\/10\/legea-nr-190-din-2018.pdf\" target=\"_blank\" rel=\"noreferrer noopener\">Legea nr 190 din 2018<\/a><\/p><p><a href=\"http:\/\/eurotrat.ro\/m\/wp-content\/uploads\/2020\/10\/legea-nr-102-din-3-mai-2005-republicata.pdf\" target=\"_blank\" rel=\"noreferrer noopener\">Legea nr 102 din 3 mai 2005 republicata<\/a><\/p><p>\u00a0<\/p><p><strong>Legisla\u021bie pacien\u021bi<\/strong><\/p><p><strong>2019<\/strong><\/p><p><a href=\"http:\/\/eurotrat.ro\/m\/wp-content\/uploads\/2020\/10\/norme-din-12-decembrie-2016.pdf\" target=\"_blank\" rel=\"noreferrer noopener\">Norme din 12 decembrie-2016<\/a><\/p><p><a href=\"http:\/\/eurotrat.ro\/m\/wp-content\/uploads\/2020\/10\/lege-nr-46-din-21-ianuarie-2003.pdf\" target=\"_blank\" rel=\"noreferrer noopener\">Lege nr 46 din 21 ianuarie 2003<\/a><\/p><p><a href=\"http:\/\/spitalgherla.ro\/v2\/wp-content\/uploads\/2020\/05\/Legea-nr.-46-din-2003.docx\" target=\"_blank\" rel=\"noreferrer noopener\">Legea nr. 46 din 2003<\/a><\/p><p>\u00a0<\/p><p><strong>Legisla\u021bie SSM<\/strong><\/p><p><strong>2019<\/strong><\/p><p><a href=\"http:\/\/eurotrat.ro\/m\/wp-content\/uploads\/2020\/10\/hg-nr-584-din-2018.pdf\" target=\"_blank\" rel=\"noreferrer noopener\">Hg nr 584 din 2018<\/a><\/p><p><a href=\"http:\/\/eurotrat.ro\/m\/wp-content\/uploads\/2020\/10\/hotarare-nr-1425-din-11-octombrie-2006-actualizata.pdf\" target=\"_blank\" rel=\"noreferrer noopener\">Hotarare nr 1425 din 11 octombrie 2006 actualizata<\/a><\/p><p><a href=\"http:\/\/eurotrat.ro\/m\/wp-content\/uploads\/2020\/10\/legea-nr-307-din-12-iulie-2006-republicata.pdf\" target=\"_blank\" rel=\"noreferrer noopener\">Legea nr 307 din 12 iulie 2006 republicata<\/a><\/p><p><a href=\"http:\/\/eurotrat.ro\/m\/wp-content\/uploads\/2020\/10\/lege-nr-319-din-14-iulie-2006.pdf\" target=\"_blank\" rel=\"noreferrer noopener\">Lege nr 319 din 14 iulie 2006<\/a><\/p><p>\u00a0<\/p><p><strong>Legisla\u021bie tehnic\u0103<\/strong><\/p><p><strong>2019<\/strong><\/p><p><a href=\"http:\/\/eurotrat.ro\/m\/wp-content\/uploads\/2020\/10\/ordin-nr-961-din-19-august-2016-actualizat.pdf\" target=\"_blank\" rel=\"noreferrer noopener\">Ordin nr 961 din 19 august 2016 actualizat<\/a><\/p><p><a href=\"http:\/\/eurotrat.ro\/m\/wp-content\/uploads\/2020\/10\/ordin-nr-1226-din-3-decembrie-2012.pdf\" target=\"_blank\" rel=\"noreferrer noopener\">Ordin nr 1226 din 3 decembrie 2012<\/a><\/p><p><a href=\"http:\/\/eurotrat.ro\/m\/wp-content\/uploads\/2020\/10\/Ordin-MS-nr.39-din-2008-1.docx\" target=\"_blank\" rel=\"noreferrer noopener\">Ordin MS nr.39 din 2008 1<\/a><\/p><p><a href=\"http:\/\/eurotrat.ro\/m\/wp-content\/uploads\/2020\/10\/Ordin-MS-nr.-914-din-2006-republicat-1.docx\" target=\"_blank\" rel=\"noreferrer noopener\">Ordin MS nr. 914 din 2006 republicat 1<\/a><\/p>\t\t\t\t\t\t\t\t<\/div>\n\t\t\t\t<\/div>\n\t\t\t\t\t<\/div>\n\t\t<\/div>\n\t\t\t\t\t<\/div>\n\t\t<\/section>\n\t\t\t\t<\/div>\n\t\t","protected":false},"excerpt":{"rendered":"<p>Legisla\u021bie Legisla\u021bie administrativ\u0103 2019 Norme din 20 iulie 2007 Norme metodologice din 29 noiembrie 2018 Ordin MS nr. 914 din 2006 republicat Ordin nr 39 din 16 ianuarie 2008 Ordin nr 914 din 26 iulie 2006 Ordin nr 1301 din 20 iulie 2007 Ordin nr 1549 din 29 noiembrie 2018 \u00a0 Legisla\u021bie financiar contabil\u0103 2018 [&hellip;]<\/p>\n","protected":false},"author":1,"featured_media":0,"parent":0,"menu_order":0,"comment_status":"closed","ping_status":"closed","template":"","meta":{"footnotes":""},"class_list":["post-387","page","type-page","status-publish","hentry"],"_links":{"self":[{"href":"https:\/\/eurotrat.ro\/m\/wp-json\/wp\/v2\/pages\/387","targetHints":{"allow":["GET"]}}],"collection":[{"href":"https:\/\/eurotrat.ro\/m\/wp-json\/wp\/v2\/pages"}],"about":[{"href":"https:\/\/eurotrat.ro\/m\/wp-json\/wp\/v2\/types\/page"}],"author":[{"embeddable":true,"href":"https:\/\/eurotrat.ro\/m\/wp-json\/wp\/v2\/users\/1"}],"replies":[{"embeddable":true,"href":"https:\/\/eurotrat.ro\/m\/wp-json\/wp\/v2\/comments?post=387"}],"version-history":[{"count":0,"href":"https:\/\/eurotrat.ro\/m\/wp-json\/wp\/v2\/pages\/387\/revisions"}],"wp:attachment":[{"href":"https:\/\/eurotrat.ro\/m\/wp-json\/wp\/v2\/media?parent=387"}],"curies":[{"name":"wp","href":"https:\/\/api.w.org\/{rel}","templated":true}]}}