{"id":383,"date":"2020-10-12T11:58:45","date_gmt":"2020-10-12T11:58:45","guid":{"rendered":"http:\/\/eurotrat.ro\/m\/?page_id=383"},"modified":"2021-06-17T11:35:50","modified_gmt":"2021-06-17T08:35:50","slug":"structuri-functionale","status":"publish","type":"page","link":"https:\/\/eurotrat.ro\/m\/structuri-functionale\/","title":{"rendered":"Structura Func\u021bional\u0103"},"content":{"rendered":"\t\t<div data-elementor-type=\"wp-page\" data-elementor-id=\"383\" class=\"elementor elementor-383\" data-elementor-post-type=\"page\">\n\t\t\t\t\t\t<section class=\"elementor-section elementor-top-section elementor-element elementor-element-2248742 elementor-section-boxed elementor-section-height-default elementor-section-height-default\" data-id=\"2248742\" data-element_type=\"section\" data-e-type=\"section\">\n\t\t\t\t\t\t<div class=\"elementor-container elementor-column-gap-default\">\n\t\t\t\t\t<div class=\"elementor-column elementor-col-100 elementor-top-column elementor-element elementor-element-8934453\" data-id=\"8934453\" data-element_type=\"column\" data-e-type=\"column\">\n\t\t\t<div class=\"elementor-widget-wrap elementor-element-populated\">\n\t\t\t\t\t\t<div class=\"elementor-element elementor-element-eb17e08 elementor-widget elementor-widget-text-editor\" data-id=\"eb17e08\" data-element_type=\"widget\" data-e-type=\"widget\" data-widget_type=\"text-editor.default\">\n\t\t\t\t<div class=\"elementor-widget-container\">\n\t\t\t\t\t\t\t\t\t<p style=\"font-weight: 400; text-align: center;\">STRUCTURA FUNC\u021aIONAL\u0102<\/p>\n<p style=\"font-weight: 400;\">\n<\/p><p style=\"font-weight: 400;\">COMPARTIMENT CU PATURI (60 PATURI)<\/p>\n<p style=\"font-weight: 400;\">CORP A:<\/p>\n<p style=\"font-weight: 400;\">PARTER: hol acces, 5 saloane a 2 paturi+grupuri sanitare propria cu du\u0219, 2 saloane spitalizare de zi a 3 paturi+grupuri sanitare proprii cu dus, vestiar personal, box\u0103 lenjerie murdar\u0103, box\u0103, materiale de&nbsp;cur\u0103\u021benie, hol acces.<\/p>\n<p style=\"font-weight: 400;\">ETAJ 1: hol acces, 7 saloane a 2 paturi+grupuri sanitare proprii cu du\u0219, sal\u0103 de tratamente, box\u0103 depozitare lenjerie curat\u0103, box\u0103&nbsp;materiale de&nbsp;cur\u0103\u021benie, hol acces.<\/p>\n<p style=\"font-weight: 400;\">CORP B:<\/p>\n<p style=\"font-weight: 400;\">ETAJ 1: hol acces, 12 saloane a 2 paturi+grupuri sanitare proprii cu du\u0219, 4 saloane a 3 paturi+grupuri sanitare proprii cu dus, sal\u0103 de tratamente, box\u0103 depozitare lenjerie curat\u0103, box\u0103&nbsp;materiale de&nbsp;cur\u0103\u021benie, birou contabilitate.<\/p>\n<p style=\"font-weight: 400;\">CORP B:<\/p>\n<p style=\"font-weight: 400;\">PARTER: Buc\u0103t\u0103ria: sal\u0103 preparare hran\u0103, box\u0103 legume, box\u0103&nbsp;carne, box\u0103&nbsp;lactate, box\u0103&nbsp;ou\u0103,&nbsp;spa\u021biu&nbsp;sp\u0103lare&nbsp;vesel\u0103, sal\u0103&nbsp;de&nbsp;mese, vestiar personal&nbsp;buc\u0103t\u0103rie+grup sanitar, holuri acces.<\/p>\n<p style=\"font-weight: 400;\">\n<\/p><p style=\"font-weight: 400;\"><u>BAZA DE TRATAMENTE<\/u><\/p>\n<p style=\"font-weight: 400;\">CORP B \u2013 PARTER: hol acces, recep\u021bie+sala de a\u0219teptare, 4 cabinete de consulta\u021bii, grup sanitar personal, punct de recoltare probe biologice, spa\u021bii comune cu baza de tratament: vestiar pentru personal, grupuri sanitare pentru pacien\u021bi (4), box\u0103 depozitare de\u0219euri periculoase.<\/p>\n<p style=\"font-weight: 400;\">\n<\/p><p style=\"font-weight: 400;\"><u>LABORATOR DE ANALIZE MEDICALE<\/u><\/p>\n<p style=\"font-weight: 400;\">CORP B \u2013 ETAJ 1: hol acces, sal\u0103 primire probe, laborator biochimie, laborator microbiologie, sal\u0103&nbsp;neutralizare, depozit de materiale, vestiar+grup sanitar personal, birou,&nbsp;box\u0103&nbsp;depozitare&nbsp;temporar\u0103&nbsp;de\u0219euri.<\/p>\t\t\t\t\t\t\t\t<\/div>\n\t\t\t\t<\/div>\n\t\t\t\t\t<\/div>\n\t\t<\/div>\n\t\t\t\t\t<\/div>\n\t\t<\/section>\n\t\t\t\t<\/div>\n\t\t","protected":false},"excerpt":{"rendered":"<p>STRUCTURA FUNC\u021aIONAL\u0102 COMPARTIMENT CU PATURI (60 PATURI) CORP A: PARTER: hol acces, 5 saloane a 2 paturi+grupuri sanitare propria cu du\u0219, 2 saloane spitalizare de zi a 3 paturi+grupuri sanitare proprii cu dus, vestiar personal, box\u0103 lenjerie murdar\u0103, box\u0103, materiale de&nbsp;cur\u0103\u021benie, hol acces. ETAJ 1: hol acces, 7 saloane a 2 paturi+grupuri sanitare proprii cu [&hellip;]<\/p>\n","protected":false},"author":1,"featured_media":0,"parent":0,"menu_order":0,"comment_status":"closed","ping_status":"closed","template":"","meta":{"footnotes":""},"class_list":["post-383","page","type-page","status-publish","hentry"],"_links":{"self":[{"href":"https:\/\/eurotrat.ro\/m\/wp-json\/wp\/v2\/pages\/383","targetHints":{"allow":["GET"]}}],"collection":[{"href":"https:\/\/eurotrat.ro\/m\/wp-json\/wp\/v2\/pages"}],"about":[{"href":"https:\/\/eurotrat.ro\/m\/wp-json\/wp\/v2\/types\/page"}],"author":[{"embeddable":true,"href":"https:\/\/eurotrat.ro\/m\/wp-json\/wp\/v2\/users\/1"}],"replies":[{"embeddable":true,"href":"https:\/\/eurotrat.ro\/m\/wp-json\/wp\/v2\/comments?post=383"}],"version-history":[{"count":0,"href":"https:\/\/eurotrat.ro\/m\/wp-json\/wp\/v2\/pages\/383\/revisions"}],"wp:attachment":[{"href":"https:\/\/eurotrat.ro\/m\/wp-json\/wp\/v2\/media?parent=383"}],"curies":[{"name":"wp","href":"https:\/\/api.w.org\/{rel}","templated":true}]}}