{"id":354,"date":"2020-10-12T11:41:02","date_gmt":"2020-10-12T11:41:02","guid":{"rendered":"http:\/\/eurotrat.ro\/m\/?page_id=354"},"modified":"2020-10-23T08:09:08","modified_gmt":"2020-10-23T08:09:08","slug":"drepturile-asiguratului","status":"publish","type":"page","link":"https:\/\/eurotrat.ro\/m\/drepturile-asiguratului\/","title":{"rendered":"Drepturile Asiguratului"},"content":{"rendered":"\t\t<div data-elementor-type=\"wp-page\" data-elementor-id=\"354\" class=\"elementor elementor-354\" data-elementor-post-type=\"page\">\n\t\t\t\t\t\t<section class=\"elementor-section elementor-top-section elementor-element elementor-element-611d56a elementor-section-boxed elementor-section-height-default elementor-section-height-default\" data-id=\"611d56a\" data-element_type=\"section\" data-e-type=\"section\">\n\t\t\t\t\t\t<div class=\"elementor-container elementor-column-gap-default\">\n\t\t\t\t\t<div class=\"elementor-column elementor-col-100 elementor-top-column elementor-element elementor-element-8ea539c\" data-id=\"8ea539c\" data-element_type=\"column\" data-e-type=\"column\">\n\t\t\t<div class=\"elementor-widget-wrap elementor-element-populated\">\n\t\t\t\t\t\t<div class=\"elementor-element elementor-element-03714dd elementor-view-default elementor-position-block-start elementor-mobile-position-block-start elementor-widget elementor-widget-icon-box\" data-id=\"03714dd\" data-element_type=\"widget\" data-e-type=\"widget\" data-widget_type=\"icon-box.default\">\n\t\t\t\t<div class=\"elementor-widget-container\">\n\t\t\t\t\t\t\t<div class=\"elementor-icon-box-wrapper\">\n\n\t\t\t\t\t\t<div class=\"elementor-icon-box-icon\">\n\t\t\t\t<span  class=\"elementor-icon\">\n\t\t\t\t<svg xmlns=\"http:\/\/www.w3.org\/2000\/svg\" id=\"Capa_1\" height=\"512\" viewBox=\"0 0 512.665 512.665\" width=\"512\"><g><g><g id=\"XMLID_223_\"><g><path d=\"m170.562 173.744 10.45 249.68v69.548c0 5.695 4.617 10.312 10.312 10.312h157.596c5.695 0 10.312-4.617 10.312-10.312v-71.648c0-1.96.52-3.88 1.51-5.56l11.37-19.42c6.36-10.87 9.72-23.24 9.72-35.83v-185.8z\" fill=\"#eb9c8d\"><\/path><path d=\"m174.753 273.869 5.857 139.947h75.268c27.548 0 50.208-22.114 50.402-49.661.001-.19.002-43.76.002-43.76 0-.169-.001-.339-.002-.508-.178-25.524-21.171-46.017-46.696-46.017h-84.831z\" fill=\"#d78878\"><\/path><path d=\"m172.998 231.936c4.684 1.514 9.674 2.341 14.856 2.341 8.013 0 15.57-1.968 22.234-5.428 8.798 9.006 21.062 14.611 34.616 14.611 8.38 0 16.268-2.142 23.15-5.904 8.724 8.469 20.609 13.699 33.699 13.699 8.41 0 16.323-2.158 23.222-5.945 8.719 8.425 20.574 13.625 33.629 13.625 8.495 0 16.482-2.206 23.43-6.065v-78.155l-211.27-.97z\" fill=\"#d78878\"><\/path><path d=\"m216.274 185.856c0 15.7-12.72 28.42-28.42 28.42s-28.42-12.72-28.42-28.42v-56.23c0-15.7 12.72-28.43 28.42-28.43 7.85 0 14.96 3.18 20.1 8.33 5.14 5.14 8.32 12.25 8.32 20.1z\" fill=\"#eb9c8d\"><\/path><path d=\"m273.123 195.039c0 15.7-12.72 28.42-28.42 28.42s-28.42-12.72-28.42-28.42v-56.23c0-15.7 12.72-28.43 28.42-28.43 7.85 0 14.96 3.18 20.1 8.33 5.14 5.14 8.32 12.25 8.32 20.1z\" fill=\"#eb9c8d\"><\/path><g fill=\"#d78878\"><path d=\"m180.73 185.856v-56.23c0-11.934 7.365-22.149 17.786-26.364-3.29-1.331-6.895-2.066-10.661-2.066-15.7 0-28.42 12.73-28.42 28.43v56.23c0 15.7 12.72 28.42 28.42 28.42 3.767 0 7.359-.739 10.648-2.069-10.422-4.212-17.773-14.417-17.773-26.351z\"><\/path><path d=\"m237.579 195.039v-56.23c0-11.934 7.362-22.149 17.783-26.365-3.29-1.331-6.892-2.065-10.659-2.065-15.7 0-28.42 12.73-28.42 28.43v56.23c0 15.7 12.72 28.42 28.42 28.42 3.767 0 7.358-.739 10.647-2.069-10.419-4.213-17.771-14.418-17.771-26.351z\"><\/path><path d=\"m225.973 415.355-47.552-53.87 2.592 61.939v69.548c0 5.695 4.617 10.312 10.312 10.312h34.726z\"><\/path><\/g><path d=\"m255.072 263.524 18.88 22.73c7.97 9.59 12.33 21.67 12.33 34.14v43.19c0 33.049-26.791 59.84-59.84 59.84h-45.43v-1.79l-79.04-89.54c-22.86-25.9-27.97-62.97-12.97-94.08l21.58-44.76c10.79-22.39 38.08-31.26 59.98-19.51l90 48.32c3.48 1.87 6.32 4.6 8.31 7.86s3.12 7.03 3.2 10.98c.16 8.19-4.28 15.78-11.5 19.66z\" fill=\"#eb9c8d\"><\/path><\/g><path d=\"m275.274 226.017c-2.711-4.441-6.57-8.092-11.163-10.56l-94-49.32c-.541-.29-1.126-.523-1.732-.708l-.379.474c-2.269 2.84-5.929 4.237-9.492 3.519-19.018-3.832-39.051 5.417-47.925 23.832l-21.58 44.76c-15 31.11-9.89 68.18 12.97 94.08l79.04 89.54v1.79h44.968l-.002-1.927c-.004-3.959-1.451-7.78-4.071-10.748l-74.896-84.846c-22.86-25.9-27.97-62.97-12.97-94.08l21.58-44.76c.89-1.847 1.896-3.596 3.002-5.25 1.479-2.211 4.358-2.987 6.708-1.74 17.873 9.486 91.682 48.597 91.682 48.597 2.246 1.207 4.134 2.992 5.458 5.162 1.324 2.168 2.052 4.667 2.103 7.218.106 5.401-2.788 10.347-7.556 12.909l-11.796 6.348c-16.771 9.014-36.957 9.327-53.992.835l-27.29-13.61c-3.776-1.883-8.377-.286-10.159 3.571-1.722 3.728.07 8.159 3.745 9.992l27.011 13.47c10.346 5.157 21.614 7.728 32.876 7.728 12.024 0 24.04-2.931 34.914-8.775l11.797-6.348c9.745-5.238 15.664-15.358 15.447-26.418-.107-5.208-1.592-10.304-4.298-14.735z\" fill=\"#d78878\"><\/path><\/g><g id=\"XMLID_222_\"><g fill=\"#eb9c8d\"><path d=\"m329.972 202.834c0 15.7-12.72 28.42-28.42 28.42s-28.42-12.72-28.42-28.42v-56.23c0-15.7 12.72-28.43 28.42-28.43 7.85 0 14.96 3.18 20.1 8.33 5.14 5.14 8.32 12.25 8.32 20.1z\"><\/path><path d=\"m386.822 156.124v54.39c0 15.69-12.72 28.42-28.42 28.42s-28.43-12.73-28.43-28.42v-54.39c0-15.7 12.73-28.43 28.43-28.43 7.85 0 14.95 3.18 20.1 8.33 5.14 5.14 8.32 12.25 8.32 20.1z\"><\/path><\/g><\/g><g id=\"XMLID_224_\"><g fill=\"#d78878\"><path d=\"m294.428 202.834v-56.23c0-11.934 7.364-22.149 17.785-26.364-3.29-1.331-6.894-2.066-10.661-2.066-15.7 0-28.42 12.73-28.42 28.43v56.23c0 15.7 12.72 28.42 28.42 28.42 3.767 0 7.372-.736 10.661-2.066-10.42-4.213-17.785-14.42-17.785-26.354z\"><\/path><path d=\"m351.268 210.514v-54.39c0-11.934 7.369-22.148 17.792-26.364-3.289-1.331-6.891-2.066-10.658-2.066-15.7 0-28.43 12.73-28.43 28.43v54.39c0 15.69 12.73 28.42 28.43 28.42 3.766 0 7.369-.736 10.658-2.066-10.423-4.215-17.792-14.428-17.792-26.354z\"><\/path><\/g><\/g><\/g><g><path d=\"m160.533 387.103c-2.741-3.105-7.48-3.401-10.587-.659-3.104 2.741-3.4 7.48-.659 10.586l24.222 27.439v78.815c0 4.142 3.357 7.5 7.5 7.5s7.5-3.358 7.5-7.5v-81.652c0-1.828-.668-3.593-1.877-4.963z\"><\/path><path d=\"m107.591 327.128c-20.914-23.692-25.559-57.395-11.834-85.86l10.133-21.016c1.799-3.731.232-8.214-3.499-10.013-3.729-1.799-8.214-.233-10.013 3.499l-10.133 21.016c-16.353 33.917-10.818 74.073 14.1 102.302l31.338 35.502c1.482 1.679 3.549 2.537 5.626 2.537 1.764 0 3.534-.619 4.96-1.877 3.105-2.741 3.401-7.48.66-10.586z\"><\/path><path d=\"m358.402 120.198c-9.65 0-18.416 3.832-24.877 10.044-5.96-11.605-18.052-19.565-31.971-19.565-9.849 0-18.775 3.994-25.27 10.436-6.085-11.206-17.956-18.832-31.58-18.832-9.811 0-18.713 3.957-25.203 10.355-6.071-11.265-17.978-18.94-31.647-18.94-19.809 0-35.924 16.116-35.924 35.925v31.437c-17.187-.707-34.142 7.312-44.384 22.48-2.317 3.433-1.414 8.095 2.019 10.413 3.433 2.316 8.094 1.414 10.413-2.019 10.403-15.408 30.626-20.384 47.032-11.575l90.009 48.32c4.563 2.45 7.46 7.189 7.559 12.369.104 5.405-2.79 10.354-7.553 12.914l-11.807 6.348c-16.77 9.015-36.952 9.325-53.99.831l-27.287-13.604c-3.709-1.849-8.21-.34-10.059 3.366-1.849 3.707-.342 8.21 3.365 10.058l27.287 13.604c10.349 5.16 21.617 7.731 32.882 7.731 12.021 0 24.035-2.931 34.904-8.773l.9-.484 14.959 18.008c6.837 8.229 10.602 18.653 10.602 29.353v43.189c0 4.142 3.357 7.5 7.5 7.5s7.5-3.358 7.5-7.5v-43.189c0-14.193-4.995-28.022-14.063-38.938l-13.119-15.793c8.253-5.531 13.17-14.823 12.976-24.905-.081-4.22-1.083-8.291-2.833-11.987 6.452 6.179 15.192 9.985 24.811 9.985 9.979 0 19.008-4.1 25.523-10.692 6.162 10.951 17.891 18.369 31.326 18.369 5.719 0 11.125-1.35 15.93-3.737v17.882c0 4.142 3.357 7.5 7.5 7.5s7.5-3.358 7.5-7.5v-31.826c3.168-5.351 4.995-11.587 4.995-18.244v-54.387c0-19.811-16.117-35.927-35.925-35.927zm-191.472 43.77v-34.347c0-11.538 9.387-20.925 20.924-20.925 11.538 0 20.925 9.387 20.925 20.925v56.133l-34.673-18.614c-2.343-1.257-4.743-2.306-7.176-3.172zm56.849 29.839v-55.6c0-11.538 9.387-20.925 20.925-20.925s20.925 9.387 20.925 20.925v64.626c0 4.146-1.241 8.163-3.497 11.563zm77.774 29.951c-11.538 0-20.925-9.387-20.925-20.925v-56.231c0-11.538 9.387-20.924 20.925-20.924 11.537 0 20.924 9.387 20.924 20.924v56.231c0 11.538-9.387 20.925-20.924 20.925zm56.849 7.677c-11.538 0-20.925-9.387-20.925-20.925v-54.387c0-11.538 9.387-20.924 20.925-20.924s20.925 9.387 20.925 20.924v54.387c0 11.538-9.387 20.925-20.925 20.925z\"><\/path><path d=\"m381.831 285.042c-4.143 0-7.5 3.358-7.5 7.5v67.971c0 11.252-3.005 22.332-8.691 32.042l-11.367 19.416c-1.66 2.834-2.537 6.068-2.537 9.354v81.959c0 4.142 3.357 7.5 7.5 7.5s7.5-3.358 7.5-7.5v-81.959c0-.623.166-1.236.481-1.774l11.367-19.416c7.031-12.007 10.747-25.708 10.747-39.621v-67.971c0-4.143-3.357-7.501-7.5-7.501z\"><\/path><path d=\"m340.379 73.797c1.256.808 2.661 1.194 4.052 1.194 2.465 0 4.881-1.215 6.313-3.442l37.394-58.108c2.242-3.483 1.235-8.124-2.248-10.366-3.482-2.241-8.124-1.236-10.365 2.249l-37.394 58.108c-2.242 3.483-1.235 8.123 2.248 10.365z\"><\/path><path d=\"m417.395 124.078c1.373 1.077 3.004 1.6 4.624 1.6 2.225 0 4.427-.986 5.906-2.872l83.14-105.989c2.557-3.259 1.986-7.974-1.272-10.53s-7.974-1.987-10.53 1.272l-83.14 105.989c-2.557 3.26-1.987 7.974 1.272 10.53z\"><\/path><path d=\"m501.518 198.949-33.361 18.552c-3.619 2.013-4.922 6.58-2.909 10.2 1.371 2.466 3.927 3.856 6.562 3.856 1.233 0 2.484-.305 3.639-.947l33.361-18.552c3.619-2.013 4.922-6.58 2.909-10.2-2.014-3.62-6.581-4.923-10.201-2.909z\"><\/path><path d=\"m508.024 337.391-32.347-19.52c-3.544-2.139-8.156-1.001-10.297 2.546-2.14 3.546-1 8.156 2.547 10.296l32.347 19.52c1.212.731 2.548 1.08 3.868 1.08 2.541 0 5.02-1.292 6.429-3.626 2.139-3.546 1-8.156-2.547-10.296z\"><\/path><path d=\"m418.388 386.903c-2.689-3.148-7.423-3.521-10.574-.83-3.149 2.691-3.521 7.425-.83 10.574l12.023 14.071c1.483 1.736 3.588 2.628 5.706 2.628 1.723 0 3.455-.591 4.868-1.798 3.149-2.691 3.521-7.425.83-10.574z\"><\/path><path d=\"m451.809 426.018c-2.689-3.148-7.423-3.521-10.574-.83-3.149 2.691-3.521 7.425-.83 10.574l41.868 49.001c1.483 1.736 3.588 2.628 5.706 2.628 1.723 0 3.455-.591 4.868-1.798 3.149-2.691 3.521-7.425.83-10.574z\"><\/path><path d=\"m282.636 53.75c.785.261 1.583.385 2.367.385 3.143 0 6.07-1.991 7.116-5.136l8.279-24.906c1.307-3.931-.82-8.176-4.751-9.483-3.933-1.306-8.177.821-9.483 4.751l-8.279 24.906c-1.306 3.931.82 8.176 4.751 9.483z\"><\/path><path d=\"m161.92 71.548c1.434 2.228 3.848 3.442 6.313 3.442 1.39 0 2.796-.386 4.052-1.194 3.483-2.242 4.49-6.882 2.248-10.366l-37.393-58.107c-2.241-3.483-6.882-4.489-10.365-2.249-3.483 2.242-4.49 6.882-2.248 10.366z\"><\/path><path d=\"m86.773 122.847c1.48 1.861 3.666 2.831 5.873 2.831 1.637 0 3.285-.534 4.665-1.632 3.241-2.579 3.778-7.298 1.198-10.539l-85.139-106.989c-2.579-3.241-7.297-3.778-10.539-1.199s-3.778 7.298-1.198 10.539z\"><\/path><path d=\"m39.378 230.697c1.112.583 2.304.86 3.478.86 2.699 0 5.308-1.461 6.648-4.017 1.924-3.668.511-8.202-3.157-10.126l-35.361-18.552c-3.667-1.924-8.201-.511-10.126 3.157-1.924 3.668-.511 8.202 3.157 10.126z\"><\/path><path d=\"m49.285 320.418c-2.141-3.546-6.75-4.686-10.297-2.546l-32.347 19.52c-3.547 2.14-4.687 6.75-2.547 10.296 1.409 2.334 3.888 3.626 6.429 3.626 1.319 0 2.656-.348 3.868-1.08l32.347-19.52c3.547-2.14 4.686-6.75 2.547-10.296z\"><\/path><path d=\"m106.851 386.073c-3.149-2.691-7.884-2.319-10.574.83l-12.023 14.071c-2.69 3.149-2.319 7.883.83 10.574 1.413 1.207 3.145 1.798 4.868 1.798 2.118 0 4.223-.892 5.706-2.628l12.023-14.071c2.691-3.149 2.319-7.883-.83-10.574z\"><\/path><path d=\"m73.43 425.188c-3.15-2.692-7.885-2.318-10.574.83l-41.868 49.001c-2.69 3.149-2.319 7.883.83 10.574 1.413 1.208 3.145 1.798 4.868 1.798 2.118 0 4.223-.892 5.706-2.628l41.868-49.001c2.691-3.15 2.32-7.883-.83-10.574z\"><\/path><path d=\"m220.545 48.999c1.046 3.146 3.974 5.136 7.116 5.136.784 0 1.582-.124 2.367-.385 3.931-1.307 6.058-5.552 4.751-9.483l-8.279-24.906c-1.308-3.931-5.553-6.057-9.483-4.751-3.931 1.307-6.058 5.552-4.751 9.483z\"><\/path><\/g><\/g><\/svg>\t\t\t\t<\/span>\n\t\t\t<\/div>\n\t\t\t\n\t\t\t\t\t\t<div class=\"elementor-icon-box-content\">\n\n\t\t\t\t\t\t\t\t\t<h3 class=\"elementor-icon-box-title\">\n\t\t\t\t\t\t<span  >\n\t\t\t\t\t\t\tDrepturile asiguratului\t\t\t\t\t\t<\/span>\n\t\t\t\t\t<\/h3>\n\t\t\t\t\n\t\t\t\t\n\t\t\t<\/div>\n\t\t\t\n\t\t<\/div>\n\t\t\t\t\t\t<\/div>\n\t\t\t\t<\/div>\n\t\t\t\t<div class=\"elementor-element elementor-element-0cecfb3 elementor-widget elementor-widget-text-editor\" data-id=\"0cecfb3\" data-element_type=\"widget\" data-e-type=\"widget\" data-widget_type=\"text-editor.default\">\n\t\t\t\t<div class=\"elementor-widget-container\">\n\t\t\t\t\t\t\t\t\t<p>Drepturile \u0219i obliga\u0163iile asiguratului (Legea nr. 95\/2006)<\/p><p>\u00cen calitatea dvs. de asigurat ave\u021bi drepturi garantate de lege \u00eens\u0103 \u0219i obliga\u021bii pe care trebuie s\u0103 le respecta\u021bi.<\/p><p>Drepturile asiguratului<\/p><ul><li>S\u0103 aleag\u0103 furnizorul de servicii medicale, precum \u0219i casa\u00a0de asigur\u0103ri de s\u0103n\u0103tate la care se asigura, \u00een condi\u021biile prezen\u021bei legi \u0219i ale contractului-cadru;<\/li><li>S\u0103 fie \u00eenscri\u0219i pe lista unui medic de familie pe care \u00eel solicit\u0103, dac\u0103 \u00eendeplinesc toate condi\u021biile prezen\u021bei legi, suport\u00e2nd cheltuielile de transport dac\u0103 op\u021biunea este pentru un medic din alt\u0103 localitate;<\/li><li>S\u0103 \u00ee\u0219i schimbe medicul de familie ales numai dup\u0103 expirarea a cel pu\u021bin 6 luni de la dat\u0103 \u00eenscrierii pe listele acestuia;<\/li><li>S\u0103 beneficieze de servicii medicale, medicamente, materiale sanitare \u0219i dispozitive medicale \u00een mod nediscriminatoriu, \u00een condi\u021biile legii;<\/li><li>S\u0103 efectueze controale profilactice, \u00een condi\u021biile stabilite prin contractul-cadru;<\/li><li>S\u0103 beneficieze de servicii de asisten\u021b\u0103 medical\u0103 preventiv\u0103 \u0219i de promovare a s\u0103n\u0103t\u0103\u021bii, inclusiv pentru depistarea precoce a bolilor;<\/li><li>S\u0103 beneficieze de servicii medicale \u00een ambulatorii \u0219i \u00een spitale aflate \u00een rela\u021bie contractual\u0103 cu casele de asigur\u0103ri de s\u0103n\u0103tate;<\/li><li>S\u0103 beneficieze de servicii medicale de urgen\u021b\u0103;<\/li><li>S\u0103 beneficieze de unele servicii de asisten\u021b\u0103 stomatologic\u0103;<\/li><li>S\u0103 beneficieze de tratament fizioterapeutic \u0219i de recuperare;<\/li><li>S\u0103 beneficieze de dispozitive medicale;<\/li><li>S\u0103 beneficieze de servicii de \u00eengrijiri medicale la domiciliu;<\/li><li>S\u0103 li se garanteze confiden\u021bialitatea privind datele, \u00een special \u00een ceea ce prive\u0219te diagnosticul \u0219i tratamentul;<\/li><li>S\u0103 aib\u0103 dreptul la informa\u021bie \u00een cazul tratamentelor medicale;<\/li><li>S\u0103 beneficieze de concedii \u0219i indemniza\u021bii de asigur\u0103ri sociale de s\u0103n\u0103tate \u00een condi\u021biile legii.<\/li><\/ul><p>Pentru am\u0103nunte privind condi\u021biile \u00een care asigura\u021bii pot beneficia de aceste drepturi accesa\u021bi pagin\u0103 Casei Na\u021bionale de Asigur\u0103ri de S\u0103n\u0103tate:\u00a0<a href=\"http:\/\/www.cnas.ro\/page\/drepturile-si-obligatiile-asiguratilor.html\" target=\"_blank\" rel=\"noreferrer noopener\">\u00a0Ce trebuie s\u0103 fac\u0103 asiguratul<\/a>?<\/p><p>Obliga\u021biile asiguratului:<\/p><ul><li>S\u0103 se \u00eenscrie pe lista unui medic de familie;<\/li><li>S\u0103 anun\u021be medicul de familie ori de c\u00e2te ori apar modific\u0103ri \u00een starea lor de s\u0103n\u0103tate;<\/li><li>S\u0103 se prezinte la controalele profilactice \u0219i periodice stabilite prin contractul-cadru;<\/li><li>S\u0103 anun\u021be \u00een termen de 15 zile medicul de familie \u0219i cas\u0103 de asigur\u0103ri asupra modific\u0103rilor datelor de identitate sau a modific\u0103rilor referitoare la \u00eencadrarea lor \u00eentr-o anumit\u0103 categorie de asigura\u021bi;<\/li><li>S\u0103 respecte cu stricte\u021be tratamentul \u0219i indica\u021biile medicului;<\/li><li>S\u0103 aib\u0103 o conduit\u0103 civilizat\u0103 fa\u021b\u0103 de personalul medico-sanitar;<\/li><li>S\u0103 achite contribu\u021bia datorat\u0103 fondului \u0219i suma reprezent\u00e2nd coplata, \u00een condi\u021biile stabilite prin contractul-cadru;<\/li><li>S\u0103 prezinte furnizorilor de servicii medicale\u00a0<a href=\"http:\/\/www.cnas.ro\/casbr\/post\/type\/local\/precizari-documentele-justificative-privind-dobandirea-calitatii-de-asigurat.html\" target=\"_blank\" rel=\"noreferrer noopener\">\u00a0documentele justificative ce atest\u0103 calitatea de asigurat.<\/a><\/li><\/ul>\t\t\t\t\t\t\t\t<\/div>\n\t\t\t\t<\/div>\n\t\t\t\t\t<\/div>\n\t\t<\/div>\n\t\t\t\t\t<\/div>\n\t\t<\/section>\n\t\t\t\t<\/div>\n\t\t","protected":false},"excerpt":{"rendered":"<p>Drepturile asiguratului Drepturile \u0219i obliga\u0163iile asiguratului (Legea nr. 95\/2006) \u00cen calitatea dvs. de asigurat ave\u021bi drepturi garantate de lege \u00eens\u0103 \u0219i obliga\u021bii pe care trebuie s\u0103 le respecta\u021bi. Drepturile asiguratului S\u0103 aleag\u0103 furnizorul de servicii medicale, precum \u0219i casa\u00a0de asigur\u0103ri de s\u0103n\u0103tate la care se asigura, \u00een condi\u021biile prezen\u021bei legi \u0219i ale contractului-cadru; S\u0103 fie [&hellip;]<\/p>\n","protected":false},"author":1,"featured_media":0,"parent":0,"menu_order":0,"comment_status":"closed","ping_status":"closed","template":"","meta":{"footnotes":""},"class_list":["post-354","page","type-page","status-publish","hentry"],"_links":{"self":[{"href":"https:\/\/eurotrat.ro\/m\/wp-json\/wp\/v2\/pages\/354","targetHints":{"allow":["GET"]}}],"collection":[{"href":"https:\/\/eurotrat.ro\/m\/wp-json\/wp\/v2\/pages"}],"about":[{"href":"https:\/\/eurotrat.ro\/m\/wp-json\/wp\/v2\/types\/page"}],"author":[{"embeddable":true,"href":"https:\/\/eurotrat.ro\/m\/wp-json\/wp\/v2\/users\/1"}],"replies":[{"embeddable":true,"href":"https:\/\/eurotrat.ro\/m\/wp-json\/wp\/v2\/comments?post=354"}],"version-history":[{"count":0,"href":"https:\/\/eurotrat.ro\/m\/wp-json\/wp\/v2\/pages\/354\/revisions"}],"wp:attachment":[{"href":"https:\/\/eurotrat.ro\/m\/wp-json\/wp\/v2\/media?parent=354"}],"curies":[{"name":"wp","href":"https:\/\/api.w.org\/{rel}","templated":true}]}}