{"id":352,"date":"2020-10-12T11:38:33","date_gmt":"2020-10-12T11:38:33","guid":{"rendered":"http:\/\/eurotrat.ro\/m\/?page_id=352"},"modified":"2024-04-10T11:04:34","modified_gmt":"2024-04-10T08:04:34","slug":"obligatiile-pacientului","status":"publish","type":"page","link":"https:\/\/eurotrat.ro\/m\/obligatiile-pacientului\/","title":{"rendered":"Obliga\u0163iile Pacientului"},"content":{"rendered":"\t\t<div data-elementor-type=\"wp-page\" data-elementor-id=\"352\" class=\"elementor elementor-352\" data-elementor-post-type=\"page\">\n\t\t\t\t\t\t<section class=\"elementor-section elementor-top-section elementor-element elementor-element-a677831 elementor-section-boxed elementor-section-height-default elementor-section-height-default\" data-id=\"a677831\" data-element_type=\"section\" data-e-type=\"section\">\n\t\t\t\t\t\t<div class=\"elementor-container elementor-column-gap-default\">\n\t\t\t\t\t<div class=\"elementor-column elementor-col-100 elementor-top-column elementor-element elementor-element-6736e6e\" data-id=\"6736e6e\" data-element_type=\"column\" data-e-type=\"column\">\n\t\t\t<div class=\"elementor-widget-wrap elementor-element-populated\">\n\t\t\t\t\t\t<div class=\"elementor-element elementor-element-0323418 elementor-view-default elementor-position-block-start elementor-mobile-position-block-start elementor-widget elementor-widget-icon-box\" data-id=\"0323418\" data-element_type=\"widget\" data-e-type=\"widget\" data-widget_type=\"icon-box.default\">\n\t\t\t\t<div class=\"elementor-widget-container\">\n\t\t\t\t\t\t\t<div class=\"elementor-icon-box-wrapper\">\n\n\t\t\t\t\t\t<div class=\"elementor-icon-box-icon\">\n\t\t\t\t<span  class=\"elementor-icon\">\n\t\t\t\t<svg xmlns=\"http:\/\/www.w3.org\/2000\/svg\" id=\"Capa_1\" height=\"512\" viewBox=\"0 0 512 512\" width=\"512\"><path d=\"m400.457 504.5h-288.914c-19.416 0-35.156-15.74-35.156-35.155v-328.08c0-19.416 15.74-35.156 35.156-35.156h288.914c19.416 0 35.155 15.74 35.155 35.156v328.079c.001 19.416-15.739 35.156-35.155 35.156z\" fill=\"#fbf1cf\"><\/path><path d=\"m169.993 106.109h-58.45c-19.416 0-35.156 15.74-35.156 35.156v328.079c0 19.416 15.74 35.155 35.156 35.155h107.567c-54.425-60.278-57.458-276.768-49.117-398.39z\" fill=\"#f5e2a2\"><\/path><path d=\"m435.613 186.602h-359.226v-45.337c0-19.416 15.74-35.156 35.156-35.156h288.914c19.416 0 35.155 15.74 35.155 35.156v45.337z\" fill=\"#8daee1\"><\/path><path d=\"m111.543 106.109c-19.416 0-35.156 15.74-35.156 35.156v45.337h90.315c.461-29.214 1.657-56.672 3.291-80.493z\" fill=\"#6a95d6\"><\/path><path d=\"m435.613 445.863c-20.971 8.406-45.066 6.271-64.439-6.427-23.314-15.28-53.469-15.28-76.782 0-23.314 15.28-53.469 15.28-76.782 0-23.314-15.28-53.469-15.28-76.782 0-19.374 12.698-43.469 14.832-64.439 6.427v23.482c0 19.416 15.74 35.155 35.156 35.155h288.914c19.416 0 35.155-15.74 35.155-35.155v-23.482z\" fill=\"#a2ddfd\"><\/path><path d=\"m185.914 428.307c-15.546-1.491-31.481 2.212-45.087 11.13-19.374 12.698-43.469 14.832-64.439 6.427v23.482c0 19.416 15.74 35.155 35.156 35.155h107.566c-14.428-15.981-25.246-42.934-33.196-76.194z\" fill=\"#7acdf9\"><\/path><g fill=\"#e7889d\"><ellipse cx=\"168.277\" cy=\"272.595\" rx=\"32.368\" ry=\"25.776\"><\/ellipse><ellipse cx=\"343.723\" cy=\"272.595\" rx=\"32.368\" ry=\"25.776\"><\/ellipse><ellipse cx=\"256\" cy=\"106.11\" rx=\"98.609\" ry=\"98.609\" transform=\"matrix(.707 -.707 .707 .707 -.05 212.098)\"><\/ellipse><\/g><path d=\"m256 36.883c-38.172 0-69.227 31.055-69.227 69.227s31.055 69.228 69.227 69.228 69.227-31.056 69.227-69.228-31.055-69.227-69.227-69.227zm-54.227 69.226c0-12.251 4.089-23.563 10.967-32.653l75.913 75.913c-9.09 6.878-20.402 10.967-32.653 10.967-29.901.001-54.227-24.325-54.227-54.227zm97.487 32.654-75.913-75.913c9.09-6.878 20.401-10.967 32.653-10.967 29.901 0 54.227 24.326 54.227 54.227 0 12.251-4.089 23.563-10.967 32.653z\" fill=\"#fff\"><\/path><path d=\"m129.524 155.797h-16.407c-4.142 0-7.5-3.357-7.5-7.5s3.358-7.5 7.5-7.5h16.407c4.142 0 7.5 3.357 7.5 7.5 0 4.142-3.357 7.5-7.5 7.5z\" fill=\"#fff\"><\/path><path d=\"m398.882 155.797h-16.407c-4.142 0-7.5-3.357-7.5-7.5s3.358-7.5 7.5-7.5h16.407c4.142 0 7.5 3.357 7.5 7.5 0 4.142-3.358 7.5-7.5 7.5z\" fill=\"#fff\"><\/path><path d=\"m178.371 480.723c-7.612 0-15.221-2.176-21.861-6.528-3.464-2.271-4.432-6.919-2.162-10.384 2.271-3.465 6.919-4.432 10.384-2.161 8.285 5.43 18.992 5.43 27.278 0 3.464-2.272 8.113-1.302 10.384 2.161 2.271 3.465 1.303 8.113-2.162 10.384-6.639 4.351-14.252 6.528-21.861 6.528z\" fill=\"#a2ddfd\"><\/path><path d=\"m340.918 481.43c-7.612 0-15.221-2.176-21.861-6.528-3.464-2.271-4.432-6.919-2.162-10.384s6.918-4.433 10.384-2.161c8.285 5.43 18.991 5.43 27.278 0 3.464-2.271 8.113-1.302 10.384 2.161 2.271 3.465 1.303 8.113-2.162 10.384-6.639 4.351-14.251 6.528-21.861 6.528z\" fill=\"#7acdf9\"><\/path><path d=\"m227.041 305.832h-93.744c-4.142 0-7.5 3.358-7.5 7.5 0 4.143 3.358 7.5 7.5 7.5h93.744c4.142 0 7.5-3.357 7.5-7.5 0-4.142-3.358-7.5-7.5-7.5zm0 38.528h-93.744c-4.142 0-7.5 3.357-7.5 7.5 0 4.142 3.358 7.5 7.5 7.5h93.744c4.142 0 7.5-3.358 7.5-7.5s-3.358-7.5-7.5-7.5zm52.768-92.045c2.721-3.123 2.396-7.861-.727-10.582-3.122-2.721-7.86-2.395-10.582.727-3.155 3.621-7.711 5.698-12.5 5.698s-9.345-2.077-12.5-5.698c-2.721-3.121-7.46-3.448-10.581-.727-3.123 2.721-3.448 7.459-.727 10.582 6.005 6.891 14.683 10.843 23.809 10.843s17.803-3.952 23.808-10.843zm-92.668 2.649c4.142 0 7.5-3.357 7.5-7.5v-12.597c0-4.143-3.358-7.5-7.5-7.5s-7.5 3.357-7.5 7.5v12.597c0 4.142 3.358 7.5 7.5 7.5zm39.9 127.926h-93.744c-4.142 0-7.5 3.358-7.5 7.5 0 4.143 3.358 7.5 7.5 7.5h93.744c4.142 0 7.5-3.357 7.5-7.5s-3.358-7.5-7.5-7.5zm151.662 0h-93.744c-4.142 0-7.5 3.358-7.5 7.5 0 4.143 3.358 7.5 7.5 7.5h93.744c4.142 0 7.5-3.357 7.5-7.5s-3.358-7.5-7.5-7.5zm21.754-284.281h-38.622c-1.397-20.161-8.408-39.25-20.516-55.598-2.465-3.329-7.163-4.028-10.491-1.563-3.329 2.465-4.028 7.162-1.563 10.49 11.674 15.761 17.844 34.493 17.844 54.17 0 50.238-40.872 91.109-91.109 91.109s-91.109-40.871-91.109-91.109 40.871-91.108 91.109-91.108c17.457 0 34.416 4.949 49.045 14.312 3.487 2.234 8.128 1.217 10.36-2.273 2.233-3.488 1.215-8.127-2.274-10.359-17.047-10.912-36.803-16.68-57.131-16.68-55.987 0-101.98 43.587-105.841 98.609h-38.616c-23.521 0-42.656 19.135-42.656 42.655v328.08c0 19.923 14.112 37.452 33.556 41.682 4.091.885 8.05-1.724 8.922-5.735.88-4.047-1.687-8.042-5.735-8.923-12.599-2.74-21.744-14.104-21.744-27.023v-13.216c20.753 5.113 42.918 1.464 61.051-10.419 20.825-13.646 47.737-13.646 68.56 0 25.819 16.921 59.185 16.922 85.005 0 20.824-13.647 47.736-13.647 68.56 0 18.132 11.884 40.297 15.532 61.051 10.419v13.216c0 15.249-12.406 27.655-27.656 27.655h-260.27c-4.142 0-7.5 3.357-7.5 7.5s3.358 7.5 7.5 7.5h260.27c23.521 0 42.656-19.135 42.656-42.655 0-10.005 0-315.072 0-328.08 0-23.521-19.135-42.656-42.656-42.656zm-316.57 42.656c0-15.249 12.406-27.655 27.656-27.655h38.616c1.775 25.286 12.444 48.157 28.897 65.492h-95.169zm344.226 299.302c-17.741 5.513-37.153 2.87-52.828-7.403-25.82-16.921-59.186-16.921-85.005 0-20.824 13.646-47.735 13.646-68.56 0-25.819-16.921-59.186-16.921-85.005 0-15.675 10.272-35.086 12.915-52.828 7.403v-246.465h112.872c16.929 11.435 37.319 18.117 59.241 18.117s42.312-6.683 59.241-18.117h112.872zm0-261.465h-95.169c16.453-17.335 27.123-40.206 28.897-65.492h38.616c15.25 0 27.656 12.406 27.656 27.655zm-122.92 68.011c0 4.143 3.358 7.5 7.5 7.5s7.5-3.357 7.5-7.5c0-3.914 3.184-7.099 7.098-7.099s7.098 3.185 7.098 7.099c0 4.143 3.358 7.5 7.5 7.5s7.5-3.357 7.5-7.5c0-12.186-9.913-22.099-22.098-22.099-12.185.001-22.098 9.914-22.098 22.099zm73.51 97.247h-93.744c-4.142 0-7.5 3.357-7.5 7.5 0 4.142 3.358 7.5 7.5 7.5h93.744c4.142 0 7.5-3.358 7.5-7.5s-3.358-7.5-7.5-7.5zm-101.244-31.028c0 4.143 3.358 7.5 7.5 7.5h93.744c4.142 0 7.5-3.357 7.5-7.5 0-4.142-3.358-7.5-7.5-7.5h-93.744c-4.142 0-7.5 3.358-7.5 7.5z\"><\/path><\/svg>\t\t\t\t<\/span>\n\t\t\t<\/div>\n\t\t\t\n\t\t\t\t\t\t<div class=\"elementor-icon-box-content\">\n\n\t\t\t\t\t\t\t\t\t<h3 class=\"elementor-icon-box-title\">\n\t\t\t\t\t\t<span  >\n\t\t\t\t\t\t\tObliga\u0163iile pacientului\t\t\t\t\t\t<\/span>\n\t\t\t\t\t<\/h3>\n\t\t\t\t\n\t\t\t\t\n\t\t\t<\/div>\n\t\t\t\n\t\t<\/div>\n\t\t\t\t\t\t<\/div>\n\t\t\t\t<\/div>\n\t\t\t\t<div class=\"elementor-element elementor-element-819e6d2 elementor-widget elementor-widget-text-editor\" data-id=\"819e6d2\" data-element_type=\"widget\" data-e-type=\"widget\" data-widget_type=\"text-editor.default\">\n\t\t\t\t<div class=\"elementor-widget-container\">\n\t\t\t\t\t\t\t\t\t<p><strong>REGULAMENT PRIVIND CONDUIT\u0102 PERSOANELOR INTERNATE \u00ceN <\/strong><strong>UNITATEA<\/strong> <strong>SPITALICEASC\u0102 EUROTRAT<\/strong><\/p><p><strong>Obliga\u021bii generale<\/strong><\/p><ul><li>s\u0103 respecte regulile de acces, de conduit\u0103 \u015fi disciplin\u0103 ale spitalului, regulile \u015fi orarul de vizitare, programul de mas\u0103 \u0219i de odihn\u0103;<\/li><li>s\u0103 nu produc\u0103 zgomote puternice, de orice natur\u0103 (incluz\u00e2nd aici \u015fi sonorul echipamentului audio-video sau aparatelor de comunica\u0163ii), \u015fi s\u0103 nu ini\u0163ieze ac\u0163iuni care pot produce disconfort pacien\u0163ilor interna\u0163i \u015fi celorlalte persoane din jur;<\/li><li>s\u0103 \u00eentre\u0163in\u0103 un climat de lini\u015fte \u015fi confort \u00een saloane;<\/li><li>s\u0103 men\u0163in\u0103 ordinea \u015fi cur\u0103\u0163enia \u00een saloane\u00a0\u0219i \u00een spa\u021biile comune;<\/li><li>s\u0103 aib\u0103 un comportament etic \u015fi o conduit\u0103 civilizat\u0103 fa\u0163\u0103 de personalul medico-sanitar;<\/li><li>s\u0103 nu distrug\u0103 sau s\u0103 murd\u0103reasc\u0103 mobilierul din salon, pere\u0163ii, instala\u0163iile sanitare sau alte obiecte din dotarea spitalului. \u00cen caz contrar, ace\u0219tia put\u00e2nd suporta contravaloarea eventualelor defec\u021biuni. \u00a0 \u00a0 \u00a0<\/li><li>s\u0103 respecte Regulamentul intern al unit\u0103\u0163ii;<\/li><li>s\u0103 poarte \u0163inuta obligatorie de spital. Este interzis\u0103 s\u0103 p\u0103r\u0103sirea spitalului \u00een acest echipament, fiind interzis\u0103 circula\u0163ia pe str\u0103zi sau \u00een parcuri \u00een astfel de \u0163inut\u0103<\/li><li>s\u0103 nu p\u0103r\u0103seasc\u0103 unitatea pe perioada intern\u0103rii dec\u00e2t cu aprobarea medicului \u015fef de sec\u0163ie\u00a0;<\/li><li>s\u0103 nu circule dec\u00e2t \u00een sec\u0163ia unde sunt interna\u0163i sau unde li se fac investiga\u0163ii medicale;<\/li><li>s\u0103 nu introduc\u0103 \u00een spital echipamente electronice (aeroterme, radiatoare, re\u0219ouri, plite electrice, aparate portabile de aer condi\u021bionat, aparate pentru \u00eenc\u0103lzirea\/prepararea hranei, usc\u0103toare de p\u0103r etc.) f\u0103r\u0103 acordul prealabil, scris, al medicului \u015fef de sec\u0163ie sau al asistentului \u015fef;<\/li><li>s\u0103 nu fumeze \u00een incinta spitalului, s\u0103 nu consume sau s\u0103 introduc\u0103 \u00een spital b\u0103uturi alcoolice ori substan\u0163e periculoase sau interzise de lege;<\/li><li>s\u0103 asigure individual paza \u015fi protec\u0163ia bunurilor personale de valoare pe care le introduc \u00een spital, asum\u00e2ndu-\u015fi \u00eentreaga responsabilitate cu privire la acestea;<\/li><li>s\u0103 nu introduc\u0103 alimente \u00een spital f\u0103r\u0103 avizul medicul curant \u0219i s\u0103 p\u0103streze alimentele de orice fel numai \u00een frigider (nu pe mas\u0103 sau noptier\u0103).<\/li><li>s\u0103 respecte via\u021ba privat\u0103 a pacien\u021bilor, apar\u021bin\u0103torilor, vizitatorilor \u0219i a cadrelor medicale. Astfel pacien\u021bii se vor ab\u021bine de la a fotografia, filma sau \u00eenregistra audio-video sub orice form\u0103 \u00een incinta spitalului (saloane, coridoare, spa\u021bii auxiliare \u0219.a.) Orice \u00eenc\u0103lcare a acestui aspect va conduce la notificarea autorit\u0103\u021bilor competente.<\/li><\/ul><p><strong>Obliga\u021bii cu specific medical<\/strong><\/p><ul><li>s\u0103-i respecte pe ceilal\u0163i pacien\u0163i \u015fi drepturile lor;<\/li><li>s\u0103 respecte cu stricte\u0163e tratamentul \u015fi indica\u0163iile medicului \u015fi ale personalului medico-sanitar;<\/li><li>s\u0103 \u00ee\u015fi asume \u00eentreaga responsabilitate pentru consecin\u0163ele ce apar \u00een cazul refuzului de a urma tratamentul, instruc\u0163iunile \u015fi recomand\u0103rile personalului medical;<\/li><li>s\u0103 informeze personalul medical, \u00eentocmai \u015fi la timp, cu privire la orice manifestare sau reac\u0163ie la tratamentul sau medicamentele prescrise;<\/li><li>sa coopereze \u00een permanen\u0163\u0103 cu medicul privind starea s\u0103n\u0103t\u0103\u0163ii;<\/li><li>s\u0103 ofere personalului medical toate informa\u0163iile relevante pe care le de\u0163in despre starea de s\u0103n\u0103tate proprie, precum \u015fi informa\u0163iile de orice alt\u0103 natur\u0103 (apartenen\u0163a religioas\u0103, valori \u015fi cutume culturale, etnice etc.) care pot afecta sau influen\u0163a \u00eengrijirea medical\u0103 \u015fi serviciile conexe furnizate de c\u0103tre Spitalul de Reabilitare Medical\u0103 EUROTRAT;<\/li><li>s\u0103 ofere informa\u0163ii exacte \u015fi complete \u00een leg\u0103tur\u0103 cu spitaliz\u0103rile anterioare, detaliile personale \u015fi de s\u0103n\u0103tate, inclusiv regimuri alimentare \u015fi stil de via\u0163\u0103;<\/li><li>s\u0103 solicite personalului medical informa\u0163ii detaliate cu privire la starea individual\u0103 de s\u0103n\u0103tate, investiga\u0163iile \u015fi analizele realizate, diagnosticul stabilit \u015fi tratamentul propus, \u00eenainte de a \u00ee\u015fi da consim\u0163\u0103m\u00e2ntul fa\u0163\u0103 de orice procedur\u0103 \u015fi act medical pe care \u00eel accept\u0103. Pacien\u0163ii au dreptul \u015fi libertatea de a cere oric\u00e2t de multe informa\u0163ii cu privire la situa\u0163ia medical\u0103 \u00een care se afl\u0103.<\/li><li>s\u0103 informeze personalul medical \u015fi s\u0103 solicite sprijin pentru orice nel\u0103muriri \u015fi \u00eentreb\u0103ri cu privire la documentele medicale.;<\/li><li>s\u0103 ia \u00een calcul faptul c\u0103 poate exista un motiv obiectiv pentru care un serviciu nu este disponibil la un anumit moment \u015fi \u00eentr-o anumit\u0103 form\u0103;<\/li><li>s\u0103 se prezinte la consulta\u0163ii \/ interven\u0163ii \/ internare la ora stabilit\u0103 conform program\u0103rii sau s\u0103 anun\u0163e medicul cu cel pu\u0163in 24 de ore \u00eenainte de aceasta, \u00een cazul \u00een care programarea trebuie anulat\u0103 sau modificat\u0103.<\/li><\/ul>\t\t\t\t\t\t\t\t<\/div>\n\t\t\t\t<\/div>\n\t\t\t\t\t<\/div>\n\t\t<\/div>\n\t\t\t\t\t<\/div>\n\t\t<\/section>\n\t\t\t\t<\/div>\n\t\t","protected":false},"excerpt":{"rendered":"<p>Obliga\u0163iile pacientului REGULAMENT PRIVIND CONDUIT\u0102 PERSOANELOR INTERNATE \u00ceN UNITATEA SPITALICEASC\u0102 EUROTRAT Obliga\u021bii generale s\u0103 respecte regulile de acces, de conduit\u0103 \u015fi disciplin\u0103 ale spitalului, regulile \u015fi orarul de vizitare, programul de mas\u0103 \u0219i de odihn\u0103; s\u0103 nu produc\u0103 zgomote puternice, de orice natur\u0103 (incluz\u00e2nd aici \u015fi sonorul echipamentului audio-video sau aparatelor de comunica\u0163ii), \u015fi s\u0103 [&hellip;]<\/p>\n","protected":false},"author":1,"featured_media":0,"parent":0,"menu_order":0,"comment_status":"closed","ping_status":"closed","template":"","meta":{"footnotes":""},"class_list":["post-352","page","type-page","status-publish","hentry"],"_links":{"self":[{"href":"https:\/\/eurotrat.ro\/m\/wp-json\/wp\/v2\/pages\/352","targetHints":{"allow":["GET"]}}],"collection":[{"href":"https:\/\/eurotrat.ro\/m\/wp-json\/wp\/v2\/pages"}],"about":[{"href":"https:\/\/eurotrat.ro\/m\/wp-json\/wp\/v2\/types\/page"}],"author":[{"embeddable":true,"href":"https:\/\/eurotrat.ro\/m\/wp-json\/wp\/v2\/users\/1"}],"replies":[{"embeddable":true,"href":"https:\/\/eurotrat.ro\/m\/wp-json\/wp\/v2\/comments?post=352"}],"version-history":[{"count":0,"href":"https:\/\/eurotrat.ro\/m\/wp-json\/wp\/v2\/pages\/352\/revisions"}],"wp:attachment":[{"href":"https:\/\/eurotrat.ro\/m\/wp-json\/wp\/v2\/media?parent=352"}],"curies":[{"name":"wp","href":"https:\/\/api.w.org\/{rel}","templated":true}]}}