{"id":348,"date":"2020-10-12T11:37:20","date_gmt":"2020-10-12T11:37:20","guid":{"rendered":"http:\/\/eurotrat.ro\/m\/?page_id=348"},"modified":"2020-10-23T05:39:34","modified_gmt":"2020-10-23T05:39:34","slug":"ghidul-pacientului","status":"publish","type":"page","link":"https:\/\/eurotrat.ro\/m\/ghidul-pacientului\/","title":{"rendered":"Ghidul pacientului"},"content":{"rendered":"\t\t<div data-elementor-type=\"wp-page\" data-elementor-id=\"348\" class=\"elementor elementor-348\" data-elementor-post-type=\"page\">\n\t\t\t\t\t\t<section class=\"elementor-section elementor-top-section elementor-element elementor-element-3cdc5d8 elementor-section-boxed elementor-section-height-default elementor-section-height-default\" data-id=\"3cdc5d8\" data-element_type=\"section\" data-e-type=\"section\">\n\t\t\t\t\t\t<div class=\"elementor-container elementor-column-gap-default\">\n\t\t\t\t\t<div class=\"elementor-column elementor-col-100 elementor-top-column elementor-element elementor-element-fe20d24\" data-id=\"fe20d24\" data-element_type=\"column\" data-e-type=\"column\">\n\t\t\t<div class=\"elementor-widget-wrap elementor-element-populated\">\n\t\t\t\t\t\t<div class=\"elementor-element elementor-element-cd0d761 elementor-view-default elementor-position-block-start elementor-mobile-position-block-start elementor-widget elementor-widget-icon-box\" data-id=\"cd0d761\" data-element_type=\"widget\" data-e-type=\"widget\" data-widget_type=\"icon-box.default\">\n\t\t\t\t<div class=\"elementor-widget-container\">\n\t\t\t\t\t\t\t<div class=\"elementor-icon-box-wrapper\">\n\n\t\t\t\t\t\t<div class=\"elementor-icon-box-icon\">\n\t\t\t\t<span  class=\"elementor-icon\">\n\t\t\t\t<svg xmlns=\"http:\/\/www.w3.org\/2000\/svg\" id=\"Layer_1\" height=\"512\" viewBox=\"0 0 512 512\" width=\"512\"><g><g><g><path d=\"m500.75 130.98c0 2.32-1 4.64-2.98 6.26l-56.79 46.14v-96.4c0-3.37 3.91-5.23 6.52-3.1l50.27 40.84c1.98 1.62 2.98 3.94 2.98 6.26z\" fill=\"#f58a97\"><\/path><path d=\"m463.19 375.34-100.43 114.86c-9.63 11.02-26.58 11.59-36.93 1.25l-26.03-26.02v39.09c0 4.13-3.35 7.48-7.48 7.48h-271.07c-5.52 0-10-4.48-10-10v-120.56c0-27.6 18.83-51.64 45.63-58.25l62.28-15.36c8.93-2.21 15.21-10.22 15.21-19.42v-62.27h83.98v60.74c0 9.92 7.18 18.37 16.97 19.98l41.13 6.74c21.74 3.57 40.58 17.04 50.98 36.47l24.21 45.2c.95 1.77 2.49 2.93 4.21 3.44 2.52.75 5.42.09 7.36-2.12l56.64-64.61z\" fill=\"#82aee3\"><\/path><g><path d=\"m481.77 305.603c-9.535-7.623-22.286-8.63-32.617-3.53 7.394 6.054 11.217 14.834 11.217 23.677 0 7.13-2.48 14.3-7.56 20.11l-22.49 25.73-100.44 114.86c-1.448 1.657-3.064 3.074-4.797 4.257l.746.746c10.35 10.34 27.3 9.77 36.93-1.25l100.44-114.86 22.49-25.73c5.08-5.81 7.56-12.98 7.56-20.11.001-8.95-3.909-17.84-11.479-23.9z\" fill=\"#528fd8\"><\/path><\/g><g><path d=\"m355.85 398.71c-3.44 2.42-6.89 4.82-10.33 7.23-10.14 7.1-24.19 3.74-30.04-7.16l-18.05-33.71c-10.4-19.43-29.24-32.9-50.98-36.47l-41.13-6.74c-9.79-1.61-16.97-10.06-16.97-19.98v-60.74l30-15v60.74c0 9.92 7.18 18.37 16.97 19.98l41.13 6.74c21.74 3.57 40.58 17.04 50.98 36.47l24.21 45.2c.95 1.77 2.49 2.93 4.21 3.44z\" fill=\"#528fd8\"><\/path><\/g><path d=\"m235.312 306.856 7.751 1.271c-12.139 24.582-37.443 41.496-66.706 41.496-28.536 0-53.293-16.092-65.763-39.686l8.561-2.111c8.933-2.204 15.211-10.217 15.211-19.418v-.612-61.661h83.983v60.744c0 9.916 7.18 18.373 16.963 19.977z\" fill=\"#ffcebf\"><\/path><path d=\"m188.349 301.879c0 9.917 7.183 18.374 16.969 19.979l25.354 4.158c4.951-5.299 9.146-11.316 12.391-17.888l-7.745-1.27s0 0-.001 0l-.005-.001c-9.782-1.604-16.963-10.061-16.963-19.978v-60.744l-30 15z\" fill=\"#ffb09e\"><\/path><g><path d=\"m261.948 123.787v75.351c0 47.287-38.32 85.621-85.59 85.621-47.27 0-85.59-38.334-85.59-85.621v-75.351l85.59-15z\" fill=\"#ffcebf\"><\/path><path d=\"m231.948 123.787v75.351c.01 8.576-1.23 28.298-14.755 46.182-17.914 23.688-50.074 34.49-82.827 28.437 8.609 4.693 20.251 9.371 34.399 10.656 2.629.239 5.163.344 7.593.345 47.27 0 85.59-38.333 85.59-85.621 0-22.269 0-53.083 0-75.351h-30z\" fill=\"#ffb09e\"><\/path><\/g><path d=\"m493.25 329.5c0 7.13-2.48 14.3-7.56 20.11l-22.5 25.73-43.34-43.36 19.87-22.65c2.72-3.11 5.94-5.53 9.43-7.26 10.33-5.1 23.08-4.09 32.62 3.53 7.57 6.06 11.48 14.95 11.48 23.9z\" fill=\"#ffcebf\"><\/path><path d=\"m493.25 329.5c0 7.13-2.48 14.3-7.56 20.11l-22.5 25.73-19.28-19.3c14.74-14.11 25.75-35.42 5.24-53.97 10.33-5.1 23.08-4.09 32.62 3.53 7.57 6.06 11.48 14.95 11.48 23.9z\" fill=\"#ffb09e\"><\/path><g><path d=\"m80.377 188.384h10.39v-39.931h-10.39c-11.027 0-19.965 8.939-19.965 19.965-.001 11.028 8.938 19.966 19.965 19.966z\" fill=\"#ffb09e\"><\/path><path d=\"m272.337 188.384h-10.39v-39.931h10.39c11.027 0 19.965 8.939 19.965 19.965.001 11.028-8.938 19.966-19.965 19.966z\" fill=\"#ffcebf\"><\/path><\/g><g><g><path d=\"m271.143 131.353-94.786-15.273-94.786 15.273v-73.812c0-27.637 22.404-50.041 50.041-50.041h89.491c27.637 0 50.041 22.404 50.041 50.041v73.812z\" fill=\"#f58a97\"><\/path><g><path d=\"m221.103 7.5h-30c27.637 0 50.041 22.404 50.041 50.041v68.979l30 4.834v-73.813c-.001-27.637-22.405-50.041-50.041-50.041z\" fill=\"#f07281\"><\/path><\/g><\/g><g><path d=\"m285.724 141.83c-.05.1-.1.2-.15.29-4.01 7.58-13.19 10.66-21.03 7.19-6.67-2.96-13.46-5.56-20.33-7.81-50.94-16.72-106.58-14.11-156.05 7.81-7.83 3.47-17.01.39-21.02-7.19-.05-.09-.1-.19-.16-.29-4.39-8.3-.83-18.61 7.76-22.42 55.68-24.71 118.17-28.15 175.74-10.32 9.31 2.89 18.49 6.33 27.49 10.32 8.59 3.81 12.15 14.12 7.75 22.42z\" fill=\"#82aee3\"><\/path><g><path d=\"m285.724 141.83c-4.071 7.68-13.255 10.997-21.18 7.48-6.67-2.96-13.46-5.56-20.33-7.81 3.34-1.77 7.83-5.04 10.05-10.57 2.73-6.8 1.26-15.1-3.78-21.84 9.31 2.89 18.49 6.33 27.49 10.32 8.59 3.81 12.15 14.12 7.75 22.42z\" fill=\"#528fd8\"><\/path><\/g><\/g><\/g><\/g><path d=\"m500.75 130.98c0 2.32-1 4.64-2.98 6.26l-31.9 25.92v-64.36l31.9 25.92c1.98 1.62 2.98 3.94 2.98 6.26z\" fill=\"#f07281\"><\/path><\/g><path d=\"m398.616 449.192c-3.118-2.727-7.855-2.408-10.583.709l-30.921 35.364c-3.275 3.749-7.821 5.906-12.799 6.074-4.992.178-9.66-1.676-13.181-5.193l-23.831-23.821v-15.753c0-4.142-3.357-7.5-7.5-7.5s-7.5 3.358-7.5 7.5v18.821.077 39.03c0 4.142 3.357 7.5 7.5 7.5s7.5-3.358 7.5-7.5v-20.966l13.228 13.222c6.138 6.132 14.537 9.593 23.193 9.593 9.406 0 18.497-4.127 24.684-11.212l30.92-35.362c2.727-3.119 2.408-7.857-.71-10.583zm-311.478-10.12c-4.143 0-7.5 3.358-7.5 7.5v57.928c0 4.142 3.357 7.5 7.5 7.5s7.5-3.358 7.5-7.5v-57.928c0-4.142-3.358-7.5-7.5-7.5zm415.363-320.17-50.271-40.846c-3.477-2.824-8.148-3.384-12.194-1.458-4.045 1.925-6.558 5.904-6.558 10.384v96.401c0 .014.003.027.003.041v121.646l-75.516 86.126-23.923-44.665c-11.418-21.333-32.493-36.41-56.379-40.332-9.85-1.617-32.841-5.376-41.126-6.739-6.192-1.019-10.688-6.309-10.688-12.58v-8.863c5.844-3.685 11.331-8.027 16.335-13.035 17.583-17.594 27.266-40.977 27.266-65.842v-3.26h2.89c14.839.068 27.46-12.551 27.46-27.46 0-7.91-3.474-15.262-9.108-20.37 4.36-6.219 5.596-14.391 3.115-21.566-2.142-6.193-6.805-11.27-12.793-13.928-.787-.35-1.582-.686-2.374-1.028v-53.988c0-31.727-25.813-57.54-57.54-57.54h-89.49c-31.727 0-57.54 25.813-57.54 57.54v53.988c-.79.342-1.582.678-2.369 1.027-5.989 2.659-10.652 7.736-12.794 13.93-2.513 7.268-1.279 15.314 3.101 21.574-5.629 5.104-9.098 12.451-9.098 20.361 0 14.869 12.476 27.545 27.47 27.46h2.89v3.26c0 33.167 17.428 62.334 43.601 78.834v10.436c0 5.762-3.911 10.753-9.506 12.138l-62.28 15.36c-30.226 7.455-51.335 34.403-51.335 65.532v123.06c0 4.142 3.357 7.5 7.5 7.5s7.5-3.358 7.5-7.5v-123.06c0-24.211 16.418-45.17 39.926-50.968l48.242-11.897c14.915 23.919 41.008 38.549 69.439 38.549 29.5 0 56.13-15.469 70.774-40.728l28.104 4.605c19.311 3.171 36.351 15.361 45.583 32.61l24.207 45.194c2.253 4.216 6.436 7.059 11.188 7.605 4.76.546 9.482-1.278 12.636-4.876l51.365-58.582 32.626 32.638c.031.03.064.056.095.086l-41.824 47.833c-2.727 3.118-2.408 7.856.71 10.583 3.107 2.717 7.847 2.419 10.583-.709l68.933-78.836c14.109-16.004 11.635-41.598-4.885-54.804-11.098-8.872-25.631-10.563-37.972-5.589v-107.204l54.021-43.892c3.653-2.969 5.749-7.371 5.749-12.079 0-4.707-2.096-9.109-5.749-12.077zm-217.701 49.518c0 6.76-5.695 12.494-12.46 12.46h-2.89v-22.76c2.847.204 5.679-.108 8.377-.892 4.19 2.067 6.973 6.409 6.973 11.192zm-201.53 12.46h-2.89c-6.804.035-12.47-5.691-12.47-12.46 0-4.779 2.776-9.113 6.955-11.177 2.699.784 5.576 1.103 8.404.895v22.742zm1.857-38.43c-4.297 1.905-9.274.041-11.51-4.126-2.356-4.39-.38-10.038 4.17-12.058 41.218-18.296 86.635-24.752 131.354-18.667 4.097.553 7.884-2.316 8.442-6.42.559-4.104-2.316-7.884-6.421-8.443-41.272-5.616-83.111-1.164-122.093 12.858v-48.054c0-23.457 19.083-42.54 42.54-42.54h89.491c23.457 0 42.54 19.083 42.54 42.54v48.051c-5.741-2.064-11.552-3.927-17.396-5.571-3.983-1.12-8.129 1.201-9.251 5.188s1.201 8.129 5.188 9.251c11.141 3.135 22.158 7.107 32.746 11.806 4.512 2.003 6.5 7.656 4.186 12.028-2.196 4.148-7.125 6.106-11.527 4.156-55.968-24.784-125.746-25.143-182.459.001zm13.143 56.69v-45.935c50.042-20.014 106.142-20.013 156.181.003v45.932c0 20.86-8.124 40.478-22.875 55.238-14.631 14.641-34.342 22.881-55.215 22.881-43.06.001-78.091-35.044-78.091-78.119zm78.087 142.984c-21.562 0-41.476-10.311-53.968-27.431 12.228-3.798 20.708-16.029 19.481-29.062 10.672 4.274 22.311 6.629 34.49 6.629 12.009 0 23.661-2.279 34.489-6.597-.768 12.921 8.135 24.591 20.287 27.938-12.401 17.805-32.595 28.523-54.779 28.523zm300.726-30.669c10.051 8.034 11.534 23.513 2.961 33.218l-17.216 19.689-32.702-32.713 15.235-17.375c8.141-9.293 22.078-10.527 31.722-2.819zm15.959-180.039-44.562 36.207-.003-73.288 44.564 36.209c.227.141.233.726.001.872zm-275.39 62.043c4.143 0 7.5-3.358 7.5-7.5v-16.524c0-4.142-3.357-7.5-7.5-7.5s-7.5 3.358-7.5 7.5v16.524c0 4.143 3.358 7.5 7.5 7.5zm-82.59-31.523c-4.143 0-7.5 3.358-7.5 7.5v16.524c0 4.142 3.357 7.5 7.5 7.5s7.5-3.358 7.5-7.5v-16.524c0-4.143-3.358-7.5-7.5-7.5zm64.388 68.821c-1.992-3.63-6.549-4.96-10.183-2.968-2.816 1.545-7.404 3.362-13.191 3.313-5.555-.058-9.934-1.833-12.629-3.313-3.635-1.993-8.191-.665-10.184 2.967s-.664 8.19 2.967 10.184c4.2 2.305 11.025 5.071 19.689 5.162 8.753.091 16.236-2.788 20.563-5.161 3.632-1.993 4.96-6.552 2.968-10.184z\"><\/path><\/g><\/svg>\t\t\t\t<\/span>\n\t\t\t<\/div>\n\t\t\t\n\t\t\t\t\t\t<div class=\"elementor-icon-box-content\">\n\n\t\t\t\t\t\t\t\t\t<h3 class=\"elementor-icon-box-title\">\n\t\t\t\t\t\t<span  >\n\t\t\t\t\t\t\tGhidul pacientului\t\t\t\t\t\t<\/span>\n\t\t\t\t\t<\/h3>\n\t\t\t\t\n\t\t\t\t\n\t\t\t<\/div>\n\t\t\t\n\t\t<\/div>\n\t\t\t\t\t\t<\/div>\n\t\t\t\t<\/div>\n\t\t\t\t<div class=\"elementor-element elementor-element-7a45a37 elementor-widget elementor-widget-text-editor\" data-id=\"7a45a37\" data-element_type=\"widget\" data-e-type=\"widget\" data-widget_type=\"text-editor.default\">\n\t\t\t\t<div class=\"elementor-widget-container\">\n\t\t\t\t\t\t\t\t\t<p>\u00cenainte de a solicit\u0103 serviciile noastre, adresa\u0163i-v\u0103 medicului de familie sau medicului specialist pentru a a ob\u0163ine biletul de trimitere. Prezen\u021ba\u0163i-v\u0103 la internare cu documentele necesare.<\/p><p>Acte necesare la internarea \u00een spital<\/p><p>1. Bilet trimitere de la medicul de familie\u00a0\/\u00a0Bilet de internare de la medicul specialist.<\/p><p>Dovad\u0103 calit\u0103\u021bii de asigurat:<\/p><p><u>Angaja<\/u><u>\u0163<\/u><u>i:<\/u><\/p><ul><li>Adeverin\u021b\u0103 de la Cas\u0103 de Asigur\u0103ri de S\u0103n\u0103tate\u00a0din care s\u0103 reias\u0103 c\u0103 unitatea angajatoare are achitate la zi asigur\u0103rile sociale de s\u0103n\u0103tate.<\/li><li>Adeverin\u021b\u0103 de la locul de munc\u0103 cu nr. de zile C.M.\/ 12 luni;<\/li><\/ul><p><u>Pensionari:<\/u><\/p><ul><li>Cuponul de pensie din ultimele 3 luni (original sau xerocopie).<\/li><\/ul><p><u>\u0218omeri:<\/u><\/p><ul><li>Adeverin\u021b\u0103 de \u0219omaj sau xerocopie dup\u0103 carnetul de \u0219omaj.<\/li><\/ul><p><u>Persoane f\u0103r\u0103 venit:<\/u><\/p><ul><li>Adeverin\u021b\u0103 de la Cas\u0103 de Asigur\u0103ri de S\u0103n\u0103tate, privind plata asigur\u0103rii medicale sau Adeverin\u021b\u0103 de coasigurat.<\/li><\/ul><p><u>Elevi sub 18 ani \u0219i studen\u021bi:<\/u><\/p><ul><li>xerocopie dup\u0103 certificatul de na\u0219tere(pentru copii sub 14 ani) sau buletinul de identitate, adeverin\u021b\u0103 de elev\/ student.<\/li><\/ul><p>2. Buletinul sau cartea de identitate<\/p><p>Obiectele \u0219i materialele necesare la internarea \u00een spital<\/p><p>\u00cen cazul intern\u0103rii \u00een spital v\u0103\u00a0recomand\u0103m s\u0103\u00a0ave\u0163i obiectele\u00a0\u015fi materialele necesare igienei dumneavoastr\u0103\u00a0personale :<\/p><ul><li>Can\u0103\u00a0\u015fi tac\u00e2muri;<\/li><\/ul><ul><li>Pijamale sau c\u0103mas\u0103\u00a0de noapte;<\/li><\/ul><ul><li>Papuci de cas\u0103;<\/li><\/ul><ul><li>Crem\u0103 \u015fi aparat de b\u0103rbierit;<\/li><\/ul><ul><li>Pieptene \/ perie de p\u0103r;<\/li><\/ul><ul><li>Prosoape, burete\u00a0\u015fi s\u0103pun;<\/li><\/ul><ul><li>Periut\u0103 \u015fi past\u0103\u00a0de din\u0163i;<\/li><\/ul>\t\t\t\t\t\t\t\t<\/div>\n\t\t\t\t<\/div>\n\t\t\t\t\t<\/div>\n\t\t<\/div>\n\t\t\t\t\t<\/div>\n\t\t<\/section>\n\t\t\t\t<\/div>\n\t\t","protected":false},"excerpt":{"rendered":"<p>Ghidul pacientului \u00cenainte de a solicit\u0103 serviciile noastre, adresa\u0163i-v\u0103 medicului de familie sau medicului specialist pentru a a ob\u0163ine biletul de trimitere. Prezen\u021ba\u0163i-v\u0103 la internare cu documentele necesare. Acte necesare la internarea \u00een spital 1. Bilet trimitere de la medicul de familie\u00a0\/\u00a0Bilet de internare de la medicul specialist. Dovad\u0103 calit\u0103\u021bii de asigurat: Angaja\u0163i: Adeverin\u021b\u0103 de [&hellip;]<\/p>\n","protected":false},"author":1,"featured_media":0,"parent":0,"menu_order":0,"comment_status":"closed","ping_status":"closed","template":"","meta":{"footnotes":""},"class_list":["post-348","page","type-page","status-publish","hentry"],"_links":{"self":[{"href":"https:\/\/eurotrat.ro\/m\/wp-json\/wp\/v2\/pages\/348","targetHints":{"allow":["GET"]}}],"collection":[{"href":"https:\/\/eurotrat.ro\/m\/wp-json\/wp\/v2\/pages"}],"about":[{"href":"https:\/\/eurotrat.ro\/m\/wp-json\/wp\/v2\/types\/page"}],"author":[{"embeddable":true,"href":"https:\/\/eurotrat.ro\/m\/wp-json\/wp\/v2\/users\/1"}],"replies":[{"embeddable":true,"href":"https:\/\/eurotrat.ro\/m\/wp-json\/wp\/v2\/comments?post=348"}],"version-history":[{"count":0,"href":"https:\/\/eurotrat.ro\/m\/wp-json\/wp\/v2\/pages\/348\/revisions"}],"wp:attachment":[{"href":"https:\/\/eurotrat.ro\/m\/wp-json\/wp\/v2\/media?parent=348"}],"curies":[{"name":"wp","href":"https:\/\/api.w.org\/{rel}","templated":true}]}}