{"id":346,"date":"2020-10-12T11:37:01","date_gmt":"2020-10-12T11:37:01","guid":{"rendered":"http:\/\/eurotrat.ro\/m\/?page_id=346"},"modified":"2020-10-23T05:27:46","modified_gmt":"2020-10-23T05:27:46","slug":"modul-de-accesare-al-serviciilor","status":"publish","type":"page","link":"https:\/\/eurotrat.ro\/m\/modul-de-accesare-al-serviciilor\/","title":{"rendered":"Modul de accesare al serviciilor"},"content":{"rendered":"\t\t<div data-elementor-type=\"wp-page\" data-elementor-id=\"346\" class=\"elementor elementor-346\" data-elementor-post-type=\"page\">\n\t\t\t\t\t\t<section class=\"elementor-section elementor-top-section elementor-element elementor-element-5d204ac elementor-section-boxed elementor-section-height-default elementor-section-height-default\" data-id=\"5d204ac\" data-element_type=\"section\" data-e-type=\"section\">\n\t\t\t\t\t\t<div class=\"elementor-container elementor-column-gap-default\">\n\t\t\t\t\t<div class=\"elementor-column elementor-col-100 elementor-top-column elementor-element elementor-element-9ecec0e\" data-id=\"9ecec0e\" data-element_type=\"column\" data-e-type=\"column\">\n\t\t\t<div class=\"elementor-widget-wrap elementor-element-populated\">\n\t\t\t\t\t\t<div class=\"elementor-element elementor-element-d23f002 elementor-view-default elementor-position-block-start elementor-mobile-position-block-start elementor-widget elementor-widget-icon-box\" data-id=\"d23f002\" data-element_type=\"widget\" data-e-type=\"widget\" data-widget_type=\"icon-box.default\">\n\t\t\t\t<div class=\"elementor-widget-container\">\n\t\t\t\t\t\t\t<div class=\"elementor-icon-box-wrapper\">\n\n\t\t\t\t\t\t<div class=\"elementor-icon-box-icon\">\n\t\t\t\t<span  class=\"elementor-icon\">\n\t\t\t\t<svg xmlns=\"http:\/\/www.w3.org\/2000\/svg\" id=\"Capa_1\" height=\"512\" viewBox=\"0 0 512 512\" width=\"512\"><g><path d=\"m337.043 79.084h-181.675c-10.504 0-19.019-8.515-19.019-19.019v-12.781c0-10.504 8.515-19.019 19.019-19.019h181.674c10.504 0 19.019 8.515 19.019 19.019v12.782c0 10.504-8.515 19.018-19.018 19.018z\" fill=\"#fd4755\"><\/path><path d=\"m337.043 28.266h-30c10.504 0 19.019 8.515 19.019 19.019v12.781c0 10.504-8.515 19.019-19.019 19.019h30c10.504 0 19.019-8.515 19.019-19.019v-12.782c-.001-10.503-8.516-19.018-19.019-19.018z\" fill=\"#c41926\"><\/path><path d=\"m458.84 483.734h-406.113c-17.375 0-31.461-14.085-31.461-31.461v-304.413h469.035v304.413c0 17.376-14.085 31.461-31.461 31.461z\" fill=\"#fe646f\"><\/path><path d=\"m460.301 147.86v304.413c0 17.375-14.086 31.461-31.461 31.461h30c17.375 0 31.461-14.085 31.461-31.461v-304.413z\" fill=\"#fd4755\"><\/path><path d=\"m21.266 305.585h469.035v38.864h-469.035z\" fill=\"#c41926\"><\/path><path d=\"m485.699 191.956h-459.398c-10.383 0-18.801-8.417-18.801-18.801v-40.35c0-10.383 8.417-18.801 18.801-18.801h459.398c10.383 0 18.801 8.417 18.801 18.801v40.35c0 10.384-8.417 18.801-18.801 18.801z\" fill=\"#fd4755\"><\/path><path d=\"m485.699 114.004h-30c10.383 0 18.801 8.417 18.801 18.801v40.35c0 10.383-8.417 18.801-18.801 18.801h30c10.383 0 18.801-8.417 18.801-18.801v-40.35c0-10.383-8.417-18.801-18.801-18.801z\" fill=\"#c41926\"><\/path><path d=\"m106.618 248.082h-1.304c-12.292 0-22.256-9.964-22.256-22.256v-111.822h45.816v111.822c0 12.292-9.965 22.256-22.256 22.256z\" fill=\"#e1d3ce\"><\/path><path d=\"m431.462 117.519v108.307c0 12.292-9.964 22.256-22.256 22.256h-1.304c-12.292 0-22.256-9.964-22.256-22.256v-105.478\" fill=\"#e1d3ce\"><\/path><circle cx=\"255.783\" cy=\"325.017\" fill=\"#ffeee8\" r=\"84.275\"><\/circle><path d=\"m255.783 240.741c-5.122 0-10.13.482-15 1.358 39.384 7.079 69.275 41.496 69.275 82.918s-29.892 75.838-69.275 82.918c4.87.875 9.878 1.358 15 1.358 46.544 0 84.275-37.731 84.275-84.275s-37.731-84.277-84.275-84.277z\" fill=\"#efe2dd\"><\/path><path d=\"m286.483 304.837h-10.52v-10.52c0-5.954-4.826-10.78-10.78-10.78h-18.798c-5.954 0-10.78 4.826-10.78 10.78v10.52h-10.52c-5.954 0-10.78 4.826-10.78 10.78v18.798c0 5.954 4.826 10.78 10.78 10.78h10.52v10.52c0 5.954 4.826 10.78 10.78 10.78h18.798c5.954 0 10.78-4.826 10.78-10.78v-10.52h10.52c5.954 0 10.78-4.826 10.78-10.78v-18.798c0-5.953-4.826-10.78-10.78-10.78z\" fill=\"#fe646f\"><\/path><path d=\"m286.483 304.837h-10.52v-10.521c0-5.954-4.826-10.78-10.78-10.78h-18.799c-2.054 0-3.967.585-5.601 1.582 3.102 1.893 5.179 5.298 5.179 9.198 0 5.81 4.71 10.52 10.52 10.52 5.954 0 10.78 4.826 10.78 10.78v18.799c0 5.954-4.826 10.78-10.78 10.78-5.81 0-10.52 4.71-10.52 10.52 0 3.9-2.078 7.305-5.179 9.198 1.634.997 3.547 1.582 5.601 1.582h18.798c5.954 0 10.78-4.826 10.78-10.78v-10.52h10.52c5.954 0 10.78-4.826 10.78-10.78v-18.799c.001-5.952-4.825-10.779-10.779-10.779z\" fill=\"#fd4755\"><\/path><path d=\"m105.966 220.854c4.142 0 7.5-3.358 7.5-7.5s-3.358-7.5-7.5-7.5-7.5 3.358-7.5 7.5 3.357 7.5 7.5 7.5z\"><\/path><path d=\"m409.171 220.854c4.142 0 7.5-3.358 7.5-7.5s-3.358-7.5-7.5-7.5-7.5 3.358-7.5 7.5 3.357 7.5 7.5 7.5z\"><\/path><path d=\"m485.699 106.504h-54.238-45.816-45.01v-20.17c12.928-1.76 22.926-12.865 22.926-26.269v-12.781c0-14.622-11.896-26.519-26.519-26.519h-181.674c-14.623 0-26.519 11.896-26.519 26.519v12.781c0 14.164 11.162 25.771 25.153 26.484v19.955h-127.701c-14.502 0-26.301 11.799-26.301 26.301v40.35c0 9.967 5.573 18.656 13.766 23.117v256.001c0 21.483 17.478 38.961 38.961 38.961h406.113c21.483 0 38.96-17.478 38.96-38.961v-255.778c8.427-4.388 14.199-13.2 14.199-23.34v-40.35c.001-14.502-11.797-26.301-26.3-26.301zm11.301 26.301v40.35c0 6.231-5.069 11.301-11.301 11.301h-46.738v-62.952h46.738c6.232 0 11.301 5.07 11.301 11.301zm-241.217 115.436c42.334 0 76.775 34.441 76.775 76.775s-34.441 76.775-76.775 76.775-76.775-34.441-76.775-76.775 34.441-76.775 76.775-76.775zm91.001 64.844h136.017v23.864h-136.018c.509-3.907.775-7.889.775-11.932s-.265-8.026-.774-11.932zm136.017-15h-139.277c-11.535-37.504-46.504-64.844-87.741-64.844s-76.206 27.34-87.741 64.844h-139.276v-98.628h46.792v26.37c0 16.407 13.349 29.756 29.756 29.756h1.304c16.407 0 29.756-13.349 29.756-29.756v-26.37h102.65c4.142 0 7.5-3.358 7.5-7.5s-3.358-7.5-7.5-7.5h-102.65v-62.952h241.772v62.952h-109.123c-4.142 0-7.5 3.358-7.5 7.5s3.358 7.5 7.5 7.5h109.122v26.37c0 16.407 13.349 29.756 29.756 29.756h1.304c16.407 0 29.756-13.349 29.756-29.756v-26.37h43.839v98.628zm-392.243-176.581h30.816v104.322c0 8.136-6.62 14.756-14.756 14.756h-1.304c-8.136 0-14.756-6.62-14.756-14.756zm333.403 0v104.322c0 8.136-6.62 14.756-14.756 14.756h-1.304c-8.136 0-14.756-6.62-14.756-14.756v-104.322zm-280.111-61.438v-12.782c0-6.351 5.167-11.519 11.519-11.519h181.674c6.352 0 11.519 5.167 11.519 11.519v12.781c0 6.351-5.167 11.519-11.519 11.519h-181.675c-6.351 0-11.518-5.167-11.518-11.518zm25.152 26.518h156.633v19.92h-156.633zm-154.002 46.221c0-6.231 5.07-11.301 11.301-11.301h49.256v62.952h-49.256c-6.231 0-11.301-5.07-11.301-11.301zm443.84 343.429h-406.113c-13.212 0-23.961-10.749-23.961-23.961v-100.324h49.625c4.142 0 7.5-3.358 7.5-7.5s-3.358-7.5-7.5-7.5h-49.625v-23.864h136.017c-.509 3.906-.775 7.888-.775 11.932s.266 8.025.775 11.932h-56.392c-4.142 0-7.5 3.358-7.5 7.5s3.358 7.5 7.5 7.5h59.652c11.535 37.504 46.504 64.843 87.74 64.843s76.205-27.339 87.74-64.843h139.277v100.325c.001 13.211-10.748 23.96-23.96 23.96z\"><\/path><path d=\"m225.083 352.696h3.021v3.02c0 10.08 8.201 18.28 18.28 18.28h18.798c10.08 0 18.28-8.201 18.28-18.28v-3.02h3.02c10.08 0 18.28-8.201 18.28-18.28v-18.798c0-10.08-8.201-18.28-18.28-18.28h-3.02v-3.021c0-10.08-8.201-18.28-18.28-18.28h-18.798c-10.08 0-18.28 8.2-18.28 18.28v3.021h-3.021c-10.08 0-18.28 8.201-18.28 18.28v18.798c.001 10.079 8.201 18.28 18.28 18.28zm-3.279-37.078c0-1.809 1.471-3.28 3.28-3.28h10.521c4.142 0 7.5-3.358 7.5-7.5v-10.521c0-1.809 1.472-3.28 3.28-3.28h18.798c1.809 0 3.28 1.471 3.28 3.28v10.521c0 4.142 3.358 7.5 7.5 7.5h10.52c1.809 0 3.28 1.472 3.28 3.28v18.798c0 1.809-1.472 3.28-3.28 3.28h-10.52c-4.142 0-7.5 3.358-7.5 7.5v10.52c0 1.809-1.472 3.28-3.28 3.28h-18.798c-1.809 0-3.28-1.472-3.28-3.28v-10.52c0-4.142-3.358-7.5-7.5-7.5h-10.521c-1.809 0-3.28-1.472-3.28-3.28z\"><\/path><path d=\"m324.495 435.392h-137.423c-4.142 0-7.5 3.358-7.5 7.5s3.358 7.5 7.5 7.5h137.423c4.142 0 7.5-3.358 7.5-7.5s-3.358-7.5-7.5-7.5z\"><\/path><\/g><\/svg>\t\t\t\t<\/span>\n\t\t\t<\/div>\n\t\t\t\n\t\t\t\t\t\t<div class=\"elementor-icon-box-content\">\n\n\t\t\t\t\t\t\t\t\t<h3 class=\"elementor-icon-box-title\">\n\t\t\t\t\t\t<span  >\n\t\t\t\t\t\t\tModul de accesare al serviciilor\t\t\t\t\t\t<\/span>\n\t\t\t\t\t<\/h3>\n\t\t\t\t\n\t\t\t\t\n\t\t\t<\/div>\n\t\t\t\n\t\t<\/div>\n\t\t\t\t\t\t<\/div>\n\t\t\t\t<\/div>\n\t\t\t\t<div class=\"elementor-element elementor-element-6674a0a elementor-widget elementor-widget-text-editor\" data-id=\"6674a0a\" data-element_type=\"widget\" data-e-type=\"widget\" data-widget_type=\"text-editor.default\">\n\t\t\t\t<div class=\"elementor-widget-container\">\n\t\t\t\t\t\t\t\t\t<p><strong>Prin prezentarea la unitatea spitaliceasc\u0103 Eurotrat<\/strong><\/p><ul><li>Reabilitare Medical\u0103: Strada Fize\u015fului Nr. 18<\/li><li>Cardiologie: Strada Fize\u015fului Nr. 18<\/li><li>Endocrinologie: Strada Fize\u015fului Nr. 18<\/li><li>Imagistic\u0103 Medical\u0103: Strada Fize\u015fului Nr. 18<\/li><li>Nutri\u021bie: Strada Fize\u015fului Nr. 18<\/li><li>Pneumologie:\u00a0Strada Fize\u015fului Nr. 18<\/li><li>Analize Medicale: Strada Fize\u015fului Nr. 18<\/li><li>Fizioterapie: Strada Fize\u015fului Nr. 18<\/li><\/ul>\t\t\t\t\t\t\t\t<\/div>\n\t\t\t\t<\/div>\n\t\t\t\t<div class=\"elementor-element elementor-element-99d03d8 elementor-widget elementor-widget-text-editor\" data-id=\"99d03d8\" data-element_type=\"widget\" data-e-type=\"widget\" data-widget_type=\"text-editor.default\">\n\t\t\t\t<div class=\"elementor-widget-container\">\n\t\t\t\t\t\t\t\t\t<p><strong>Prin telefon<\/strong><\/p><ul><li>Reabilitare Medical\u0103: 0744 604 248\u00a0 0364 887 134<\/li><li>Cardiologie: 0748 567 846<\/li><li>Endocrinologie: 0747 237 646<\/li><li>Imagistic\u0103 Medical\u0103: 0775 349 099\u00a0<\/li><li>Nutri\u021bie:<\/li><li>Pneumologie: 0754 404 903<\/li><li>Analize Medicale:<\/li><li>Fizioterapie:<\/li><\/ul>\t\t\t\t\t\t\t\t<\/div>\n\t\t\t\t<\/div>\n\t\t\t\t<div class=\"elementor-element elementor-element-c360928 elementor-widget elementor-widget-text-editor\" data-id=\"c360928\" data-element_type=\"widget\" data-e-type=\"widget\" data-widget_type=\"text-editor.default\">\n\t\t\t\t<div class=\"elementor-widget-container\">\n\t\t\t\t\t\t\t\t\t<p><a href=\"http:\/\/eurotrat.ro\/m\/programari\/\">Online pe site-ul eurotrat.ro la sec\u0163iunea program\u0103ri online.<\/a><\/p>\t\t\t\t\t\t\t\t<\/div>\n\t\t\t\t<\/div>\n\t\t\t\t\t<\/div>\n\t\t<\/div>\n\t\t\t\t\t<\/div>\n\t\t<\/section>\n\t\t\t\t<\/div>\n\t\t","protected":false},"excerpt":{"rendered":"<p>Modul de accesare al serviciilor Prin prezentarea la unitatea spitaliceasc\u0103 Eurotrat Reabilitare Medical\u0103: Strada Fize\u015fului Nr. 18 Cardiologie: Strada Fize\u015fului Nr. 18 Endocrinologie: Strada Fize\u015fului Nr. 18 Imagistic\u0103 Medical\u0103: Strada Fize\u015fului Nr. 18 Nutri\u021bie: Strada Fize\u015fului Nr. 18 Pneumologie:\u00a0Strada Fize\u015fului Nr. 18 Analize Medicale: Strada Fize\u015fului Nr. 18 Fizioterapie: Strada Fize\u015fului Nr. 18 Prin telefon [&hellip;]<\/p>\n","protected":false},"author":1,"featured_media":0,"parent":0,"menu_order":0,"comment_status":"closed","ping_status":"closed","template":"","meta":{"footnotes":""},"class_list":["post-346","page","type-page","status-publish","hentry"],"_links":{"self":[{"href":"https:\/\/eurotrat.ro\/m\/wp-json\/wp\/v2\/pages\/346","targetHints":{"allow":["GET"]}}],"collection":[{"href":"https:\/\/eurotrat.ro\/m\/wp-json\/wp\/v2\/pages"}],"about":[{"href":"https:\/\/eurotrat.ro\/m\/wp-json\/wp\/v2\/types\/page"}],"author":[{"embeddable":true,"href":"https:\/\/eurotrat.ro\/m\/wp-json\/wp\/v2\/users\/1"}],"replies":[{"embeddable":true,"href":"https:\/\/eurotrat.ro\/m\/wp-json\/wp\/v2\/comments?post=346"}],"version-history":[{"count":0,"href":"https:\/\/eurotrat.ro\/m\/wp-json\/wp\/v2\/pages\/346\/revisions"}],"wp:attachment":[{"href":"https:\/\/eurotrat.ro\/m\/wp-json\/wp\/v2\/media?parent=346"}],"curies":[{"name":"wp","href":"https:\/\/api.w.org\/{rel}","templated":true}]}}