{"id":344,"date":"2020-10-12T11:36:32","date_gmt":"2020-10-12T11:36:32","guid":{"rendered":"http:\/\/eurotrat.ro\/m\/?page_id=344"},"modified":"2020-10-30T12:50:27","modified_gmt":"2020-10-30T12:50:27","slug":"informatii-privind-investigatiile-si-tratamentele-pentru-care-se-percepe-coplata","status":"publish","type":"page","link":"https:\/\/eurotrat.ro\/m\/informatii-privind-investigatiile-si-tratamentele-pentru-care-se-percepe-coplata\/","title":{"rendered":"Informa\u021bii privind investiga\u021biile \u0219i tratamentele pentru care se percepe Coplata"},"content":{"rendered":"\t\t<div data-elementor-type=\"wp-page\" data-elementor-id=\"344\" class=\"elementor elementor-344\" data-elementor-post-type=\"page\">\n\t\t\t\t\t\t<section class=\"elementor-section elementor-top-section elementor-element elementor-element-2dfde78 elementor-section-boxed elementor-section-height-default elementor-section-height-default\" data-id=\"2dfde78\" data-element_type=\"section\" data-e-type=\"section\">\n\t\t\t\t\t\t<div class=\"elementor-container elementor-column-gap-default\">\n\t\t\t\t\t<div class=\"elementor-column elementor-col-100 elementor-top-column elementor-element elementor-element-87843a7\" data-id=\"87843a7\" data-element_type=\"column\" data-e-type=\"column\">\n\t\t\t<div class=\"elementor-widget-wrap elementor-element-populated\">\n\t\t\t\t\t\t<div class=\"elementor-element elementor-element-0966514 elementor-widget elementor-widget-text-editor\" data-id=\"0966514\" data-element_type=\"widget\" data-e-type=\"widget\" data-widget_type=\"text-editor.default\">\n\t\t\t\t<div class=\"elementor-widget-container\">\n\t\t\t\t\t\t\t\t\t<p><strong>Informa\u021bii privind investiga\u021biile \u0219i tratamentele pentru care se percepe Coplata<\/strong><\/p>\t\t\t\t\t\t\t\t<\/div>\n\t\t\t\t<\/div>\n\t\t\t\t\t<\/div>\n\t\t<\/div>\n\t\t\t\t\t<\/div>\n\t\t<\/section>\n\t\t\t\t<section class=\"elementor-section elementor-top-section elementor-element elementor-element-1441465 elementor-section-boxed elementor-section-height-default elementor-section-height-default\" data-id=\"1441465\" data-element_type=\"section\" data-e-type=\"section\">\n\t\t\t\t\t\t<div class=\"elementor-container elementor-column-gap-default\">\n\t\t\t\t\t<div class=\"elementor-column elementor-col-100 elementor-top-column elementor-element elementor-element-379031e\" data-id=\"379031e\" data-element_type=\"column\" data-e-type=\"column\">\n\t\t\t<div class=\"elementor-widget-wrap elementor-element-populated\">\n\t\t\t\t\t\t<div class=\"elementor-element elementor-element-988ee77 elementor-widget elementor-widget-text-editor\" data-id=\"988ee77\" data-element_type=\"widget\" data-e-type=\"widget\" data-widget_type=\"text-editor.default\">\n\t\t\t\t<div class=\"elementor-widget-container\">\n\t\t\t\t\t\t\t\t\t<p>Spitalul de Reabilitare Medical\u0103 EUROTRAT Gherla este dotat cu servicii hoteliere de grad \u00eenalt de confort , av\u00e2nd \u00een dotare baie proprie, TV, frigider, internet \u00een fiecare salon, iar num\u0103rul de persoane acomodat este \u00eentre 2-3 persoane\u00a0per salon.<\/p>\t\t\t\t\t\t\t\t<\/div>\n\t\t\t\t<\/div>\n\t\t\t\t<div class=\"elementor-element elementor-element-c62e549 elementor-widget elementor-widget-text-editor\" data-id=\"c62e549\" data-element_type=\"widget\" data-e-type=\"widget\" data-widget_type=\"text-editor.default\">\n\t\t\t\t<div class=\"elementor-widget-container\">\n\t\t\t\t\t\t\t\t\t<p><strong>Pre\u021bul este de 150 de lei de persoan\u0103 pe serie.<\/strong><\/p>\t\t\t\t\t\t\t\t<\/div>\n\t\t\t\t<\/div>\n\t\t\t\t\t<\/div>\n\t\t<\/div>\n\t\t\t\t\t<\/div>\n\t\t<\/section>\n\t\t\t\t<section class=\"elementor-section elementor-top-section elementor-element elementor-element-5de6cb3 elementor-section-boxed elementor-section-height-default elementor-section-height-default\" data-id=\"5de6cb3\" data-element_type=\"section\" data-e-type=\"section\">\n\t\t\t\t\t\t<div class=\"elementor-container elementor-column-gap-default\">\n\t\t\t\t\t<div class=\"elementor-column elementor-col-50 elementor-top-column elementor-element elementor-element-27d9cd9\" data-id=\"27d9cd9\" data-element_type=\"column\" data-e-type=\"column\">\n\t\t\t<div class=\"elementor-widget-wrap elementor-element-populated\">\n\t\t\t\t\t\t<div class=\"elementor-element elementor-element-d75b050 elementor-widget elementor-widget-image\" data-id=\"d75b050\" data-element_type=\"widget\" data-e-type=\"widget\" data-widget_type=\"image.default\">\n\t\t\t\t<div class=\"elementor-widget-container\">\n\t\t\t\t\t\t\t\t\t\t\t\t\t\t\t<img fetchpriority=\"high\" decoding=\"async\" width=\"800\" height=\"600\" src=\"https:\/\/eurotrat.ro\/m\/wp-content\/uploads\/2020\/10\/poze-26-1024x768.jpg\" class=\"attachment-large size-large wp-image-1001\" alt=\"\" srcset=\"https:\/\/eurotrat.ro\/m\/wp-content\/uploads\/2020\/10\/poze-26-1024x768.jpg 1024w, https:\/\/eurotrat.ro\/m\/wp-content\/uploads\/2020\/10\/poze-26-300x225.jpg 300w, https:\/\/eurotrat.ro\/m\/wp-content\/uploads\/2020\/10\/poze-26-768x576.jpg 768w, https:\/\/eurotrat.ro\/m\/wp-content\/uploads\/2020\/10\/poze-26-1536x1152.jpg 1536w, https:\/\/eurotrat.ro\/m\/wp-content\/uploads\/2020\/10\/poze-26-2048x1536.jpg 2048w\" sizes=\"(max-width: 800px) 100vw, 800px\" \/>\t\t\t\t\t\t\t\t\t\t\t\t\t\t\t<\/div>\n\t\t\t\t<\/div>\n\t\t\t\t\t<\/div>\n\t\t<\/div>\n\t\t\t\t<div class=\"elementor-column elementor-col-50 elementor-top-column elementor-element elementor-element-adf181a\" data-id=\"adf181a\" data-element_type=\"column\" data-e-type=\"column\">\n\t\t\t<div class=\"elementor-widget-wrap elementor-element-populated\">\n\t\t\t\t\t\t<div class=\"elementor-element elementor-element-573b425 elementor-widget elementor-widget-image\" data-id=\"573b425\" data-element_type=\"widget\" data-e-type=\"widget\" data-widget_type=\"image.default\">\n\t\t\t\t<div class=\"elementor-widget-container\">\n\t\t\t\t\t\t\t\t\t\t\t\t\t\t\t<img decoding=\"async\" width=\"800\" height=\"600\" data-src=\"https:\/\/eurotrat.ro\/m\/wp-content\/uploads\/2020\/10\/poze-27-1024x768.jpg\" class=\"attachment-large size-large wp-image-1002 lazyload\" alt=\"\" data-srcset=\"https:\/\/eurotrat.ro\/m\/wp-content\/uploads\/2020\/10\/poze-27-1024x768.jpg 1024w, https:\/\/eurotrat.ro\/m\/wp-content\/uploads\/2020\/10\/poze-27-300x225.jpg 300w, https:\/\/eurotrat.ro\/m\/wp-content\/uploads\/2020\/10\/poze-27-768x576.jpg 768w, https:\/\/eurotrat.ro\/m\/wp-content\/uploads\/2020\/10\/poze-27-1536x1152.jpg 1536w, https:\/\/eurotrat.ro\/m\/wp-content\/uploads\/2020\/10\/poze-27-2048x1536.jpg 2048w\" data-sizes=\"(max-width: 800px) 100vw, 800px\" src=\"data:image\/svg+xml;base64,PHN2ZyB3aWR0aD0iMSIgaGVpZ2h0PSIxIiB4bWxucz0iaHR0cDovL3d3dy53My5vcmcvMjAwMC9zdmciPjwvc3ZnPg==\" style=\"--smush-placeholder-width: 800px; --smush-placeholder-aspect-ratio: 800\/600;\" \/>\t\t\t\t\t\t\t\t\t\t\t\t\t\t\t<\/div>\n\t\t\t\t<\/div>\n\t\t\t\t\t<\/div>\n\t\t<\/div>\n\t\t\t\t\t<\/div>\n\t\t<\/section>\n\t\t\t\t<section class=\"elementor-section elementor-top-section elementor-element elementor-element-642004b elementor-section-boxed elementor-section-height-default elementor-section-height-default\" data-id=\"642004b\" data-element_type=\"section\" data-e-type=\"section\">\n\t\t\t\t\t\t<div class=\"elementor-container elementor-column-gap-default\">\n\t\t\t\t\t<div class=\"elementor-column elementor-col-50 elementor-top-column elementor-element elementor-element-7756f47\" data-id=\"7756f47\" data-element_type=\"column\" data-e-type=\"column\">\n\t\t\t<div class=\"elementor-widget-wrap elementor-element-populated\">\n\t\t\t\t\t\t<div class=\"elementor-element elementor-element-3100764 elementor-widget elementor-widget-image\" data-id=\"3100764\" data-element_type=\"widget\" data-e-type=\"widget\" data-widget_type=\"image.default\">\n\t\t\t\t<div class=\"elementor-widget-container\">\n\t\t\t\t\t\t\t\t\t\t\t\t\t\t\t<img decoding=\"async\" width=\"800\" height=\"600\" data-src=\"https:\/\/eurotrat.ro\/m\/wp-content\/uploads\/2020\/10\/poze-23-1024x768.jpg\" class=\"attachment-large size-large wp-image-998 lazyload\" alt=\"\" data-srcset=\"https:\/\/eurotrat.ro\/m\/wp-content\/uploads\/2020\/10\/poze-23-1024x768.jpg 1024w, https:\/\/eurotrat.ro\/m\/wp-content\/uploads\/2020\/10\/poze-23-300x225.jpg 300w, https:\/\/eurotrat.ro\/m\/wp-content\/uploads\/2020\/10\/poze-23-768x576.jpg 768w, https:\/\/eurotrat.ro\/m\/wp-content\/uploads\/2020\/10\/poze-23-1536x1152.jpg 1536w, https:\/\/eurotrat.ro\/m\/wp-content\/uploads\/2020\/10\/poze-23-2048x1536.jpg 2048w\" data-sizes=\"(max-width: 800px) 100vw, 800px\" src=\"data:image\/svg+xml;base64,PHN2ZyB3aWR0aD0iMSIgaGVpZ2h0PSIxIiB4bWxucz0iaHR0cDovL3d3dy53My5vcmcvMjAwMC9zdmciPjwvc3ZnPg==\" style=\"--smush-placeholder-width: 800px; --smush-placeholder-aspect-ratio: 800\/600;\" \/>\t\t\t\t\t\t\t\t\t\t\t\t\t\t\t<\/div>\n\t\t\t\t<\/div>\n\t\t\t\t\t<\/div>\n\t\t<\/div>\n\t\t\t\t<div class=\"elementor-column elementor-col-50 elementor-top-column elementor-element elementor-element-95b895a\" data-id=\"95b895a\" data-element_type=\"column\" data-e-type=\"column\">\n\t\t\t<div class=\"elementor-widget-wrap elementor-element-populated\">\n\t\t\t\t\t\t<div class=\"elementor-element elementor-element-b90ffe3 elementor-widget elementor-widget-image\" data-id=\"b90ffe3\" data-element_type=\"widget\" data-e-type=\"widget\" data-widget_type=\"image.default\">\n\t\t\t\t<div class=\"elementor-widget-container\">\n\t\t\t\t\t\t\t\t\t\t\t\t\t\t\t<img decoding=\"async\" width=\"800\" height=\"600\" data-src=\"https:\/\/eurotrat.ro\/m\/wp-content\/uploads\/2020\/10\/poze-22-1024x768.jpg\" class=\"attachment-large size-large wp-image-997 lazyload\" alt=\"\" data-srcset=\"https:\/\/eurotrat.ro\/m\/wp-content\/uploads\/2020\/10\/poze-22-1024x768.jpg 1024w, https:\/\/eurotrat.ro\/m\/wp-content\/uploads\/2020\/10\/poze-22-300x225.jpg 300w, https:\/\/eurotrat.ro\/m\/wp-content\/uploads\/2020\/10\/poze-22-768x576.jpg 768w, https:\/\/eurotrat.ro\/m\/wp-content\/uploads\/2020\/10\/poze-22-1536x1152.jpg 1536w, https:\/\/eurotrat.ro\/m\/wp-content\/uploads\/2020\/10\/poze-22-2048x1536.jpg 2048w\" data-sizes=\"(max-width: 800px) 100vw, 800px\" src=\"data:image\/svg+xml;base64,PHN2ZyB3aWR0aD0iMSIgaGVpZ2h0PSIxIiB4bWxucz0iaHR0cDovL3d3dy53My5vcmcvMjAwMC9zdmciPjwvc3ZnPg==\" style=\"--smush-placeholder-width: 800px; --smush-placeholder-aspect-ratio: 800\/600;\" \/>\t\t\t\t\t\t\t\t\t\t\t\t\t\t\t<\/div>\n\t\t\t\t<\/div>\n\t\t\t\t\t<\/div>\n\t\t<\/div>\n\t\t\t\t\t<\/div>\n\t\t<\/section>\n\t\t\t\t<section class=\"elementor-section elementor-top-section elementor-element elementor-element-f95db91 elementor-section-boxed elementor-section-height-default elementor-section-height-default\" data-id=\"f95db91\" data-element_type=\"section\" data-e-type=\"section\">\n\t\t\t\t\t\t<div class=\"elementor-container elementor-column-gap-default\">\n\t\t\t\t\t<div class=\"elementor-column elementor-col-50 elementor-top-column elementor-element elementor-element-0026f7d\" data-id=\"0026f7d\" data-element_type=\"column\" data-e-type=\"column\">\n\t\t\t<div class=\"elementor-widget-wrap elementor-element-populated\">\n\t\t\t\t\t\t<div class=\"elementor-element elementor-element-929ac8d elementor-widget elementor-widget-image\" data-id=\"929ac8d\" data-element_type=\"widget\" data-e-type=\"widget\" data-widget_type=\"image.default\">\n\t\t\t\t<div class=\"elementor-widget-container\">\n\t\t\t\t\t\t\t\t\t\t\t\t\t\t\t<img decoding=\"async\" width=\"800\" height=\"600\" data-src=\"https:\/\/eurotrat.ro\/m\/wp-content\/uploads\/2020\/10\/poze-20-1024x768.jpg\" class=\"attachment-large size-large wp-image-995 lazyload\" alt=\"\" data-srcset=\"https:\/\/eurotrat.ro\/m\/wp-content\/uploads\/2020\/10\/poze-20-1024x768.jpg 1024w, https:\/\/eurotrat.ro\/m\/wp-content\/uploads\/2020\/10\/poze-20-300x225.jpg 300w, https:\/\/eurotrat.ro\/m\/wp-content\/uploads\/2020\/10\/poze-20-768x576.jpg 768w, https:\/\/eurotrat.ro\/m\/wp-content\/uploads\/2020\/10\/poze-20-1536x1152.jpg 1536w, https:\/\/eurotrat.ro\/m\/wp-content\/uploads\/2020\/10\/poze-20-2048x1536.jpg 2048w\" data-sizes=\"(max-width: 800px) 100vw, 800px\" src=\"data:image\/svg+xml;base64,PHN2ZyB3aWR0aD0iMSIgaGVpZ2h0PSIxIiB4bWxucz0iaHR0cDovL3d3dy53My5vcmcvMjAwMC9zdmciPjwvc3ZnPg==\" style=\"--smush-placeholder-width: 800px; --smush-placeholder-aspect-ratio: 800\/600;\" \/>\t\t\t\t\t\t\t\t\t\t\t\t\t\t\t<\/div>\n\t\t\t\t<\/div>\n\t\t\t\t\t<\/div>\n\t\t<\/div>\n\t\t\t\t<div class=\"elementor-column elementor-col-50 elementor-top-column elementor-element elementor-element-39c0435\" data-id=\"39c0435\" data-element_type=\"column\" data-e-type=\"column\">\n\t\t\t<div class=\"elementor-widget-wrap elementor-element-populated\">\n\t\t\t\t\t\t<div class=\"elementor-element elementor-element-0b4e914 elementor-widget elementor-widget-image\" data-id=\"0b4e914\" data-element_type=\"widget\" data-e-type=\"widget\" data-widget_type=\"image.default\">\n\t\t\t\t<div class=\"elementor-widget-container\">\n\t\t\t\t\t\t\t\t\t\t\t\t\t\t\t<img decoding=\"async\" width=\"800\" height=\"684\" data-src=\"https:\/\/eurotrat.ro\/m\/wp-content\/uploads\/2020\/10\/poze-19-1024x876.jpg\" class=\"attachment-large size-large wp-image-994 lazyload\" alt=\"\" data-srcset=\"https:\/\/eurotrat.ro\/m\/wp-content\/uploads\/2020\/10\/poze-19-1024x876.jpg 1024w, https:\/\/eurotrat.ro\/m\/wp-content\/uploads\/2020\/10\/poze-19-300x257.jpg 300w, https:\/\/eurotrat.ro\/m\/wp-content\/uploads\/2020\/10\/poze-19-768x657.jpg 768w, https:\/\/eurotrat.ro\/m\/wp-content\/uploads\/2020\/10\/poze-19-1536x1314.jpg 1536w, https:\/\/eurotrat.ro\/m\/wp-content\/uploads\/2020\/10\/poze-19-2048x1752.jpg 2048w\" data-sizes=\"(max-width: 800px) 100vw, 800px\" src=\"data:image\/svg+xml;base64,PHN2ZyB3aWR0aD0iMSIgaGVpZ2h0PSIxIiB4bWxucz0iaHR0cDovL3d3dy53My5vcmcvMjAwMC9zdmciPjwvc3ZnPg==\" style=\"--smush-placeholder-width: 800px; --smush-placeholder-aspect-ratio: 800\/684;\" \/>\t\t\t\t\t\t\t\t\t\t\t\t\t\t\t<\/div>\n\t\t\t\t<\/div>\n\t\t\t\t\t<\/div>\n\t\t<\/div>\n\t\t\t\t\t<\/div>\n\t\t<\/section>\n\t\t\t\t<\/div>\n\t\t","protected":false},"excerpt":{"rendered":"<p>Informa\u021bii privind investiga\u021biile \u0219i tratamentele pentru care se percepe Coplata Spitalul de Reabilitare Medical\u0103 EUROTRAT Gherla este dotat cu servicii hoteliere de grad \u00eenalt de confort , av\u00e2nd \u00een dotare baie proprie, TV, frigider, internet \u00een fiecare salon, iar num\u0103rul de persoane acomodat este \u00eentre 2-3 persoane\u00a0per salon. Pre\u021bul este de 150 de lei de [&hellip;]<\/p>\n","protected":false},"author":1,"featured_media":0,"parent":0,"menu_order":0,"comment_status":"closed","ping_status":"closed","template":"","meta":{"footnotes":""},"class_list":["post-344","page","type-page","status-publish","hentry"],"_links":{"self":[{"href":"https:\/\/eurotrat.ro\/m\/wp-json\/wp\/v2\/pages\/344","targetHints":{"allow":["GET"]}}],"collection":[{"href":"https:\/\/eurotrat.ro\/m\/wp-json\/wp\/v2\/pages"}],"about":[{"href":"https:\/\/eurotrat.ro\/m\/wp-json\/wp\/v2\/types\/page"}],"author":[{"embeddable":true,"href":"https:\/\/eurotrat.ro\/m\/wp-json\/wp\/v2\/users\/1"}],"replies":[{"embeddable":true,"href":"https:\/\/eurotrat.ro\/m\/wp-json\/wp\/v2\/comments?post=344"}],"version-history":[{"count":0,"href":"https:\/\/eurotrat.ro\/m\/wp-json\/wp\/v2\/pages\/344\/revisions"}],"wp:attachment":[{"href":"https:\/\/eurotrat.ro\/m\/wp-json\/wp\/v2\/media?parent=344"}],"curies":[{"name":"wp","href":"https:\/\/api.w.org\/{rel}","templated":true}]}}