{"id":338,"date":"2020-10-12T11:34:40","date_gmt":"2020-10-12T11:34:40","guid":{"rendered":"http:\/\/eurotrat.ro\/m\/?page_id=338"},"modified":"2020-10-22T07:04:46","modified_gmt":"2020-10-22T07:04:46","slug":"program-de-vizita","status":"publish","type":"page","link":"https:\/\/eurotrat.ro\/m\/program-de-vizita\/","title":{"rendered":"Program de Vizit\u0103"},"content":{"rendered":"\t\t<div data-elementor-type=\"wp-page\" data-elementor-id=\"338\" class=\"elementor elementor-338\" data-elementor-post-type=\"page\">\n\t\t\t\t\t\t<section class=\"elementor-section elementor-top-section elementor-element elementor-element-c6c5ca5 elementor-section-boxed elementor-section-height-default elementor-section-height-default\" data-id=\"c6c5ca5\" data-element_type=\"section\" data-e-type=\"section\">\n\t\t\t\t\t\t<div class=\"elementor-container elementor-column-gap-default\">\n\t\t\t\t\t<div class=\"elementor-column elementor-col-100 elementor-top-column elementor-element elementor-element-7c894a7\" data-id=\"7c894a7\" data-element_type=\"column\" data-e-type=\"column\">\n\t\t\t<div class=\"elementor-widget-wrap elementor-element-populated\">\n\t\t\t\t\t\t<div class=\"elementor-element elementor-element-aa49b62 elementor-view-default elementor-position-block-start elementor-mobile-position-block-start elementor-widget elementor-widget-icon-box\" data-id=\"aa49b62\" data-element_type=\"widget\" data-e-type=\"widget\" data-widget_type=\"icon-box.default\">\n\t\t\t\t<div class=\"elementor-widget-container\">\n\t\t\t\t\t\t\t<div class=\"elementor-icon-box-wrapper\">\n\n\t\t\t\t\t\t<div class=\"elementor-icon-box-icon\">\n\t\t\t\t<span  class=\"elementor-icon\">\n\t\t\t\t<svg xmlns=\"http:\/\/www.w3.org\/2000\/svg\" id=\"Capa_1\" height=\"512\" viewBox=\"0 0 511.998 511.998\" width=\"512\"><path d=\"m219.212 391.595-13.302-92.801c-3.765-26.265-26.263-45.768-52.796-45.768h-79.378c-26.533 0-49.031 19.503-52.796 45.768l-13.302 92.801c-1.17 8.162 5.163 15.467 13.408 15.467h184.758c8.245.001 14.578-7.304 13.408-15.467z\" fill=\"#64e0c4\"><\/path><path d=\"m205.808 407.059h-55.99l12.43-86.71c2.75-19.19 12.33-36.74 26.97-49.44.69-.6 1.4-1.19 2.11-1.76 7.65 7.85 12.93 18.09 14.58 29.65l13.3 92.8c1.17 8.16-5.16 15.46-13.4 15.46z\" fill=\"#27d1b3\"><\/path><path d=\"m205.808 407.062h-24.67c8.24 0 14.58-7.3 13.41-15.47l-13.31-92.8c-3.76-26.26-26.26-45.77-52.79-45.77h24.67c26.53 0 49.03 19.51 52.79 45.77l13.3 92.8c1.17 8.17-5.16 15.47-13.4 15.47z\" fill=\"#27d1b3\"><\/path><path d=\"m83.481 253.027v23.085c0 16.537 13.406 29.943 29.943 29.943 16.537 0 29.943-13.406 29.943-29.943v-23.085z\" fill=\"#f5a871\"><\/path><circle cx=\"42.466\" cy=\"175.809\" fill=\"#f5a871\" r=\"23.186\"><\/circle><path d=\"m46.831 113.752v92.385c0 36.779 29.815 66.594 66.594 66.594 36.779 0 66.594-29.815 66.594-66.594v-92.385z\" fill=\"#fdd1a7\"><\/path><path d=\"m159.965 74.694h-55.629c-9.169 0-16.603 7.433-16.603 16.603 0 0-7.433-3.854-16.603-3.854h-4.246c-11.076 0-20.054 8.979-20.054 20.054v27.502h24.297c9.424 0 18.101 4.657 23.783 12.176 6.81 9.012 17.612 14.837 29.779 14.837h55.329v-67.264c.001-11.075-8.977-20.054-20.053-20.054z\" fill=\"#688d97\"><\/path><path d=\"m180.024 94.752v67.259h-18.627v-67.259c0-11.081-8.972-20.052-20.052-20.052h18.616c11.08 0 20.063 8.971 20.063 20.052z\" fill=\"#557983\"><\/path><path d=\"m427.147 446.282-17.788-124.092c-4.768-33.261-33.26-57.96-66.861-57.96h-100.522c-33.601 0-62.093 24.699-66.861 57.96l-17.788 124.092c-.985 6.869 4.345 13.017 11.285 13.017h247.251c6.939 0 12.268-6.148 11.284-13.017z\" fill=\"#1475cb\"><\/path><path d=\"m415.858 459.299h-71.27c-15.94-17.62-25.65-40.96-25.65-66.53 0-48.3 34.66-88.65 80.42-97.48 5.09 7.94 8.59 17.04 10 26.9l17.79 124.09c.98 6.87-4.35 13.02-11.29 13.02z\" fill=\"#0e6ac2\"><\/path><path d=\"m415.857 459.299h-25.296c6.943 0 12.266-6.145 11.286-13.019l-17.795-124.087c-4.765-33.265-33.253-57.968-66.86-57.968h25.308c33.595 0 62.095 24.704 66.86 57.968l17.784 124.087c.99 6.875-4.345 13.019-11.287 13.019z\" fill=\"#0e6ac2\"><\/path><path d=\"m415.858 459.299h-247.25c-6.94 0-12.27-6.15-11.28-13.02l6.09-42.46h257.64l6.09 42.46c.98 6.87-4.35 13.02-11.29 13.02z\" fill=\"#68dbf9\"><\/path><path d=\"m415.858 459.299h-71.27c-13.61-15.05-22.68-34.26-25.03-55.48h101.5l6.09 42.46c.98 6.87-4.35 13.02-11.29 13.02z\" fill=\"#24d1f8\"><\/path><g fill=\"#f5a871\"><path d=\"m254.317 264.229v31.632c0 20.943 16.977 37.92 37.92 37.92 20.943 0 37.92-16.977 37.92-37.92v-31.632z\"><\/path><circle cx=\"382.098\" cy=\"166.441\" r=\"29.363\"><\/circle><circle cx=\"202.376\" cy=\"166.441\" r=\"29.363\"><\/circle><\/g><path d=\"m376.573 102.427v102.416c0 46.58-37.756 84.336-84.336 84.336s-84.336-37.756-84.336-84.336v-102.416z\" fill=\"#fdd1a7\"><\/path><path d=\"m376.573 102.427v26.619c-11.252 7.011-24.51 11.069-38.714 11.069h-129.958v-37.688z\" fill=\"#ffbc8a\"><\/path><path d=\"m337.862 125.297h-129.96v-65.435c0-14.866 12.051-26.917 26.917-26.917h154.581c3.911 0 7.081 3.17 7.081 7.081v26.651c0 32.375-26.245 58.62-58.619 58.62z\" fill=\"#fddd45\"><\/path><path d=\"m396.477 40.024v26.653c0 32.375-26.242 58.618-58.618 58.618h-23.94c32.376 0 58.618-26.242 58.618-58.618v-26.653c0-3.91-3.169-7.079-7.079-7.079h23.94c3.91 0 7.079 3.169 7.079 7.079z\" fill=\"#f8c52d\"><\/path><circle cx=\"418.216\" cy=\"392.771\" fill=\"#c8f2e7\" r=\"86.282\"><\/circle><path d=\"m504.498 392.771c0 47.656-38.626 86.282-86.282 86.282-3.14 0-6.23-.17-9.28-.492 43.291-4.625 77.002-41.275 77.002-85.79s-33.71-81.165-77.002-85.79c3.05-.321 6.14-.492 9.28-.492 47.656 0 86.282 38.627 86.282 86.282z\" fill=\"#a9eddc\"><\/path><path d=\"m452.328 378.725h-20.066v-20.065c0-7.757-6.288-14.046-14.046-14.046-7.757 0-14.046 6.289-14.046 14.046v20.066h-20.066c-7.757 0-14.046 6.289-14.046 14.046s6.289 14.046 14.046 14.046h20.066v20.066c0 7.757 6.289 14.046 14.046 14.046 7.758 0 14.046-6.289 14.046-14.046v-20.066h20.066c7.758 0 14.046-6.289 14.046-14.046-.001-7.758-6.289-14.047-14.046-14.047z\" fill=\"#20b69f\"><\/path><path d=\"m80.994 194.965c4.142 0 7.5-3.358 7.5-7.5v-.992c0-4.142-3.358-7.5-7.5-7.5s-7.5 3.358-7.5 7.5v.992c0 4.142 3.358 7.5 7.5 7.5z\"><\/path><path d=\"m145.855 194.965c4.142 0 7.5-3.358 7.5-7.5v-.992c0-4.142-3.358-7.5-7.5-7.5s-7.5 3.358-7.5 7.5v.992c0 4.142 3.358 7.5 7.5 7.5z\"><\/path><path d=\"m113.425 233.467c9.014 0 17.36-4.507 22.325-12.057 2.276-3.461 1.315-8.111-2.146-10.388-3.459-2.275-8.112-1.316-10.388 2.146-2.182 3.318-5.842 5.299-9.792 5.299s-7.61-1.981-9.792-5.299c-2.276-3.46-6.926-4.421-10.388-2.146-3.461 2.276-4.421 6.927-2.146 10.388 4.967 7.55 13.313 12.057 22.327 12.057z\"><\/path><path d=\"m251.167 177.061c-4.142 0-7.5 3.358-7.5 7.5v1.256c0 4.142 3.358 7.5 7.5 7.5s7.5-3.358 7.5-7.5v-1.256c0-4.143-3.358-7.5-7.5-7.5z\"><\/path><path d=\"m325.807 184.561v1.256c0 4.142 3.358 7.5 7.5 7.5s7.5-3.358 7.5-7.5v-1.256c0-4.142-3.358-7.5-7.5-7.5s-7.5 3.357-7.5 7.5z\"><\/path><path d=\"m316.693 210.479c-3.46-2.275-8.111-1.315-10.387 2.146-3.133 4.765-8.393 7.61-14.069 7.61s-10.936-2.845-14.069-7.61c-2.276-3.46-6.925-4.421-10.388-2.146-3.461 2.276-4.421 6.927-2.146 10.388 5.917 8.997 15.862 14.368 26.603 14.368s20.687-5.372 26.603-14.369c2.275-3.46 1.314-8.111-2.147-10.387z\"><\/path><path d=\"m418.216 298.989c-2.693 0-5.372.129-8.035.356-8.931-18.609-25.301-32.758-44.802-39.034 11.722-15.421 18.692-34.642 18.692-55.463v-1.598c19.412-1.029 34.89-17.145 34.89-36.809s-15.477-35.78-34.89-36.809v-15.726c12.273-12.011 19.91-28.741 19.91-47.229v-26.651c0-8.04-6.541-14.581-14.581-14.581h-154.58c-18.978 0-34.417 15.439-34.417 34.417v69.77c-4.563.242-8.905 1.324-12.883 3.083v-37.966c0-15.193-12.361-27.554-27.554-27.554h-8.467c-4.142 0-7.5 3.358-7.5 7.5s3.358 7.5 7.5 7.5h8.467c6.922 0 12.554 5.632 12.554 12.554v50.11c-2.121 2.925-3.82 6.172-5.014 9.653h-42.816c-9.428 0-18.101-4.322-23.795-11.858-7.277-9.631-18.127-15.154-29.767-15.154h-16.797v-20.001c0-6.922 5.632-12.554 12.554-12.554h4.246c7.108 0 13.125 2.999 13.151 3.012 2.324 1.206 5.11 1.11 7.348-.25s3.604-3.79 3.604-6.409c0-5.019 4.083-9.103 9.103-9.103h13.162c4.142 0 7.5-3.358 7.5-7.5s-3.358-7.5-7.5-7.5h-13.162c-9.769 0-18.199 5.841-21.98 14.215-3.183-.818-7.031-1.467-11.225-1.467h-4.246c-15.193 0-27.554 12.361-27.554 27.554v37.785c-15.453 1.575-27.55 14.665-27.55 30.527 0 15.864 12.1 28.955 27.555 30.528.043 15.936 5.154 30.694 13.787 42.773-20.958 7.485-36.353 25.921-39.607 48.621l-13.304 92.801c-.866 6.044.931 12.157 4.931 16.771s9.795 7.26 15.902 7.26h133.251l-4.394 30.655c-.778 5.428.835 10.917 4.427 15.061s8.798 6.521 14.282 6.521h190.25c.554 0 1.093-.064 1.613-.178 15.929 12.482 35.981 19.933 57.741 19.933 51.711 0 93.782-42.07 93.782-93.782 0-51.713-42.07-93.784-93.782-93.784zm-14.255-132.548c0 11.39-8.756 20.769-19.89 21.77v-43.54c11.134 1.002 19.89 10.38 19.89 21.77zm-34.89 38.407c0 42.367-34.468 76.834-76.834 76.834s-76.834-34.468-76.834-76.834v-72.051h122.459c11.281 0 21.907-2.846 31.209-7.848zm-107.254 86.649c9.525 3.354 19.762 5.185 30.42 5.185s20.895-1.831 30.42-5.185v4.364c0 16.773-13.646 30.42-30.42 30.42-16.773 0-30.42-13.646-30.42-30.42zm-60.833-22.666c-7.077-9.026-16.54-15.841-27.271-19.702 8.677-12.134 13.806-26.971 13.806-42.992v-5.97c3.978 1.759 8.32 2.842 12.883 3.083v1.598c0 20.811 6.963 40.024 18.675 55.442-6.474 2.053-12.543 4.941-18.093 8.541zm14.418-208.969c0-10.707 8.71-19.417 19.417-19.417h154.161v26.232c0 28.188-22.932 51.12-51.119 51.12h-122.459zm-15 128.349c-11.134-1.001-19.89-10.38-19.89-21.77s8.756-20.768 19.89-21.77zm-129.274-45.712c6.895 0 13.382 3.352 17.799 9.197 8.556 11.322 21.591 17.815 35.763 17.815h40.961c.57 6.876 3.032 13.221 6.869 18.513v18.113c0 32.584-26.51 59.094-59.094 59.094s-59.094-26.51-59.094-59.094v-63.638zm64.724 134.253c-.341 12.079-10.267 21.802-22.427 21.802s-22.086-9.723-22.427-21.802c7.079 2.253 14.612 3.479 22.427 3.479s15.348-1.225 22.427-3.479zm-109.072-100.943c0-7.576 5.398-13.913 12.55-15.37v30.741c-7.151-1.458-12.55-7.796-12.55-15.371zm138.885 274.645c-.436-.502-1.133-1.574-.913-3.108l5.164-36.026h42.151v40.479h-43.455c-1.55 0-2.512-.843-2.947-1.345zm179.734 1.345h-118.333v-40.479h99.213c3.046 15.119 9.74 28.93 19.12 40.479zm72.817 19.754c-43.44 0-78.782-35.342-78.782-78.782 0-15.856 4.693-31.144 13.571-44.211 2.328-3.426 1.438-8.091-1.989-10.418-3.427-2.328-8.091-1.438-10.418 1.989-10.575 15.564-16.164 33.767-16.164 52.641 0 1.189.03 2.371.074 3.549h-97.442v-12.383c0-4.142-3.358-7.5-7.5-7.5s-7.5 3.358-7.5 7.5v12.383h-40.001l2.489-17.364c.587-4.1-2.26-7.9-6.36-8.488-4.107-.59-7.901 2.26-8.489 6.36l-3.259 22.734h-92.905v-52.009c0-4.142-3.358-7.5-7.5-7.5s-7.5 3.358-7.5 7.5v52.009h-27.495c-2.401 0-3.893-1.307-4.568-2.085s-1.757-2.44-1.416-4.817l13.302-92.801c2.757-19.23 17.068-34.405 35.902-38.349 3.608 3.207 7.531 6.063 11.715 8.524v6.077c0 20.646 16.797 37.443 37.443 37.443s37.443-16.797 37.443-37.443v-6.077c4.18-2.459 8.098-5.312 11.703-8.514 10.624 2.233 20.081 8.165 26.719 16.696-11.407 11.224-19.191 26.108-21.599 42.909l-3.179 22.178c-.587 4.101 2.26 7.901 6.36 8.489.361.052.719.077 1.074.077 3.67 0 6.879-2.698 7.415-6.437l3.179-22.178c3.663-25.559 22.845-45.592 48.013-50.428 4.958 4.504 10.411 8.471 16.264 11.816v11.22c0 25.044 20.375 45.42 45.42 45.42s45.42-20.375 45.42-45.42v-11.221c5.855-3.346 11.309-7.315 16.269-11.82 17.167 3.324 32.089 14.126 40.711 29.172-9.773 2.537-19.112 6.655-27.675 12.256-3.467 2.267-4.439 6.915-2.172 10.382s6.916 4.439 10.382 2.172c12.817-8.382 27.702-12.813 43.045-12.813 43.44 0 78.782 35.341 78.782 78.782s-35.341 78.78-78.782 78.78z\"><\/path><path d=\"m452.328 371.225h-12.565v-12.565c0-11.88-9.666-21.546-21.546-21.546s-21.546 9.666-21.546 21.546v12.565h-12.566c-11.88 0-21.546 9.666-21.546 21.546s9.666 21.546 21.546 21.546h12.566v12.566c0 11.88 9.666 21.546 21.546 21.546s21.546-9.666 21.546-21.546v-12.566h12.565c11.88 0 21.546-9.666 21.546-21.546s-9.666-21.546-21.546-21.546zm0 28.092h-20.065c-4.142 0-7.5 3.358-7.5 7.5v20.066c0 3.609-2.937 6.546-6.546 6.546s-6.546-2.937-6.546-6.546v-20.066c0-4.142-3.358-7.5-7.5-7.5h-20.066c-3.609 0-6.546-2.937-6.546-6.546s2.937-6.546 6.546-6.546h20.066c4.142 0 7.5-3.358 7.5-7.5v-20.065c0-3.609 2.937-6.546 6.546-6.546s6.546 2.937 6.546 6.546v20.065c0 4.142 3.358 7.5 7.5 7.5h20.065c3.609 0 6.546 2.937 6.546 6.546s-2.937 6.546-6.546 6.546z\"><\/path><\/svg>\t\t\t\t<\/span>\n\t\t\t<\/div>\n\t\t\t\n\t\t\t\t\t\t<div class=\"elementor-icon-box-content\">\n\n\t\t\t\t\t\t\t\t\t<h3 class=\"elementor-icon-box-title\">\n\t\t\t\t\t\t<span  >\n\t\t\t\t\t\t\tProgram de Vizit\u0103\t\t\t\t\t\t<\/span>\n\t\t\t\t\t<\/h3>\n\t\t\t\t\n\t\t\t\t\n\t\t\t<\/div>\n\t\t\t\n\t\t<\/div>\n\t\t\t\t\t\t<\/div>\n\t\t\t\t<\/div>\n\t\t\t\t\t<\/div>\n\t\t<\/div>\n\t\t\t\t\t<\/div>\n\t\t<\/section>\n\t\t\t\t<section class=\"elementor-section elementor-top-section elementor-element elementor-element-3195dd0 elementor-section-boxed elementor-section-height-default elementor-section-height-default\" data-id=\"3195dd0\" data-element_type=\"section\" data-e-type=\"section\">\n\t\t\t\t\t\t<div class=\"elementor-container elementor-column-gap-default\">\n\t\t\t\t\t<div class=\"elementor-column elementor-col-100 elementor-top-column elementor-element elementor-element-8ec65bc\" data-id=\"8ec65bc\" data-element_type=\"column\" data-e-type=\"column\">\n\t\t\t<div class=\"elementor-widget-wrap elementor-element-populated\">\n\t\t\t\t\t\t<div class=\"elementor-element elementor-element-3c63e50 elementor-widget elementor-widget-text-editor\" data-id=\"3c63e50\" data-element_type=\"widget\" data-e-type=\"widget\" data-widget_type=\"text-editor.default\">\n\t\t\t\t<div class=\"elementor-widget-container\">\n\t\t\t\t\t\t\t\t\t<p><strong>Program de vizit\u0103:<\/strong><\/p><p>Zilnic 18:00-20:00<\/p>\t\t\t\t\t\t\t\t<\/div>\n\t\t\t\t<\/div>\n\t\t\t\t\t<\/div>\n\t\t<\/div>\n\t\t\t\t\t<\/div>\n\t\t<\/section>\n\t\t\t\t<section class=\"elementor-section elementor-top-section elementor-element elementor-element-c53dae9 elementor-section-boxed elementor-section-height-default elementor-section-height-default\" data-id=\"c53dae9\" data-element_type=\"section\" data-e-type=\"section\">\n\t\t\t\t\t\t<div class=\"elementor-container elementor-column-gap-default\">\n\t\t\t\t\t<div class=\"elementor-column elementor-col-100 elementor-top-column elementor-element elementor-element-8451c80\" data-id=\"8451c80\" data-element_type=\"column\" data-e-type=\"column\">\n\t\t\t<div class=\"elementor-widget-wrap elementor-element-populated\">\n\t\t\t\t\t\t<div class=\"elementor-element elementor-element-c768430 elementor-view-default elementor-position-block-start elementor-mobile-position-block-start elementor-widget elementor-widget-icon-box\" data-id=\"c768430\" data-element_type=\"widget\" data-e-type=\"widget\" data-widget_type=\"icon-box.default\">\n\t\t\t\t<div class=\"elementor-widget-container\">\n\t\t\t\t\t\t\t<div class=\"elementor-icon-box-wrapper\">\n\n\t\t\t\t\t\t<div class=\"elementor-icon-box-icon\">\n\t\t\t\t<span  class=\"elementor-icon\">\n\t\t\t\t<svg xmlns=\"http:\/\/www.w3.org\/2000\/svg\" id=\"Capa_1\" height=\"512\" viewBox=\"0 0 512 512\" width=\"512\"><g><g><g><path d=\"m442.793 304.991h-32.942v-181.387c0-64.122-51.982-116.104-116.105-116.104h-16.302c-64.123 0-116.104 51.982-116.104 116.104v181.387h-21.56v62.964l13.473-13.76c2.929-2.928 6.826-4.545 10.967-4.545 4.108 0 7.966 1.595 10.862 4.492 6.002 6.002 5.973 15.797-.064 21.834l-35.609 35.609v92.915h338.385c5.523 0 10-4.477 10-10v-144.509c-.001-24.853-20.148-45-45.001-45z\" fill=\"#f3f0f3\"><\/path><\/g><g fill=\"#e2dee2\"><path d=\"m161.34 155.194c0-33.359 17.814-62.636 44.428-78.818 16.929-37.969 53.635-65.179 97.033-68.527-2.988-.23-6.008-.349-9.055-.349h-16.302c-64.123 0-116.104 51.982-116.104 116.104z\"><\/path><path d=\"m161.34 209.075v95.916h-20.56v35.774c6.513-3.665 14.024-5.765 22.03-5.765h17.942c8.284 0 15-6.716 15-15v-34.398c-21.098-18.78-34.412-46.126-34.412-76.527z\"><\/path><\/g><path d=\"m268.373 311.533h34.444v192.967h-34.444z\" fill=\"#e2dee2\"><\/path><g><path d=\"m263.798 311.533c-56.495 0-102.458-45.963-102.458-102.459v-53.88c0-50.824 41.348-92.172 92.172-92.172h64.168c50.823 0 92.172 41.348 92.172 92.172v53.88c0 56.496-45.963 102.459-102.459 102.459z\" fill=\"#b5adb6\"><\/path><\/g><path d=\"m222.926 269.305c-19.448-13.302-32.217-35.655-32.217-60.997v-51.986c0-22.4 11.529-42.096 28.967-53.513 16.654-24.022 44.415-39.787 75.794-39.787h-41.959c-50.823 0-92.172 41.348-92.172 92.172v53.88c0 56.496 45.963 102.459 102.458 102.459h41.959c-34.002 0-64.183-16.654-82.83-42.228z\" fill=\"#a79ba7\"><\/path><g><g><path d=\"m306.625 282.164h-42.061c-40.789 0-73.856-33.066-73.856-73.856v-51.986c0-35.308 28.623-63.931 63.931-63.931h61.911c35.308 0 63.931 28.623 63.931 63.931v51.986c0 40.79-33.066 73.856-73.856 73.856z\" fill=\"#fed2a4\"><\/path><\/g><path d=\"m297.595 179h-24l-15 19h-67.886v10.308c0 40.789 33.066 73.856 73.856 73.856h42.061c40.79 0 73.856-33.066 73.856-73.856v-10.308h-67.886z\" fill=\"#fff\"><\/path><g><g><path d=\"m233.85 119c11.608-16.11 30.517-26.608 51.89-26.608h-31.1c-21.373 0-40.282 10.498-51.89 26.608z\" fill=\"#ffbd86\"><\/path><\/g><\/g><g><path d=\"m221.81 208.308v-10.308h-31.1v10.308c0 40.789 33.066 73.856 73.856 73.856h31.1c-40.79 0-73.856-33.066-73.856-73.856z\" fill=\"#f3f0f3\"><\/path><\/g><g><path d=\"m368.441 119h-165.691c-7.568 10.504-12.041 23.387-12.041 37.323v41.677h67.886l15-19h24l15 19h67.886v-41.677c0-13.936-4.472-26.819-12.04-37.323z\" fill=\"#8ac9fe\"><\/path><\/g><g><path d=\"m190.709 156.323v41.677h31.1v-41.677c0-13.935 4.472-26.819 12.041-37.323h-31.1c-7.569 10.504-12.041 23.387-12.041 37.323z\" fill=\"#60b7ff\"><\/path><\/g><\/g><g><g><path d=\"m431.595 399.5h-16.5c-1.657 0-3-1.343-3-3v-16.5c0-1.657-1.343-3-3-3h-19c-1.657 0-3 1.343-3 3v16.5c0 1.657-1.343 3-3 3h-16.5c-1.657 0-3 1.343-3 3v19c0 1.657 1.343 3 3 3h16.5c1.657 0 3 1.343 3 3v16.5c0 1.657 1.343 3 3 3h19c1.657 0 3-1.343 3-3v-16.5c0-1.657 1.343-3 3-3h16.5c1.657 0 3-1.343 3-3v-19c0-1.657-1.343-3-3-3z\" fill=\"#05e39c\"><\/path><\/g><\/g><g><path d=\"m175.789 353.435c-6.404-6.404-16.815-6.375-23.251.061l-11.758 12.009v-93.061c.015-5.651-4.596-10.263-10.249-10.247l-4.513.012c-5.651.015-10.286 4.651-10.302 10.302v71.385l-5.41.015v-80.914c.016-5.65-4.596-10.263-10.247-10.247l-4.515.012c-5.653.015-10.288 4.651-10.303 10.303v80.913l-5.435.014v-80.916c.015-5.65-4.597-10.261-10.247-10.248l-4.514.014c-5.649.012-10.285 4.647-10.301 10.301v80.916l-5.476.013v-67.027c.016-5.652-4.595-10.264-10.247-10.247l-4.511.013c-5.652.015-10.286 4.648-10.302 10.302v217.369c-.01 5.53 4.089 10.018 9.619 10.018h106.582v-92.5l35.316-35.316c6.436-6.437 6.465-16.848.064-23.249z\" fill=\"#05e39c\"><\/path><\/g><g><g><path d=\"m51.81 494.482v-150.415l-2.542.006v-67.027c.016-5.652-4.595-10.264-10.247-10.247l-4.511.013c-5.652.015-10.286 4.648-10.302 10.302v217.369c-.01 5.53 4.089 10.018 9.619 10.018h27.602c-5.53-.001-9.629-4.489-9.619-10.019z\" fill=\"#0ed290\"><\/path><\/g><\/g><\/g><g><path d=\"m243.8 137.038c-4.142 0-7.5 3.358-7.5 7.5v21.462c0 4.142 3.358 7.5 7.5 7.5s7.5-3.358 7.5-7.5v-21.462c0-4.142-3.358-7.5-7.5-7.5z\"><\/path><path d=\"m327.39 137.038c-4.142 0-7.5 3.358-7.5 7.5v21.462c0 4.142 3.358 7.5 7.5 7.5s7.5-3.358 7.5-7.5v-21.462c0-4.142-3.358-7.5-7.5-7.5z\"><\/path><path d=\"m316.55 84.892h-61.91c-39.387 0-71.431 32.043-71.431 71.431v51.986c0 44.86 36.496 81.356 81.356 81.356h27.245c4.142 0 7.5-3.358 7.5-7.5s-3.358-7.5-7.5-7.5h-27.245c-36.589 0-66.356-29.767-66.356-66.356v-2.809h55.54c5.39 0 10.396-2.426 13.736-6.656l8.994-11.393c.477-.604 1.192-.951 1.962-.951h14.308c.77 0 1.485.347 1.962.951l8.994 11.392c3.339 4.23 8.346 6.657 13.736 6.657h55.54v2.808c0 29.528-19.828 55.773-48.218 63.825-3.985 1.13-6.299 5.277-5.169 9.262s5.279 6.298 9.262 5.169c34.812-9.873 59.125-42.053 59.125-78.256v-51.986c0-39.387-32.043-71.43-71.431-71.43zm-61.91 15h61.911c12.863 0 24.728 4.335 34.229 11.608h-130.37c9.502-7.274 21.367-11.608 34.23-11.608zm118.341 90.608h-55.54c-.77 0-1.485-.347-1.962-.951l-8.994-11.392c-3.339-4.23-8.346-6.657-13.736-6.657h-14.308c-5.39 0-10.396 2.426-13.736 6.656l-8.994 11.393c-.477.604-1.192.951-1.962.951h-55.54v-34.178c0-10.944 3.142-21.163 8.555-29.822h157.662c5.414 8.66 8.555 18.879 8.555 29.822z\"><\/path><path d=\"m331.595 226.375c4.142 0 7.5-3.358 7.5-7.5s-3.358-7.5-7.5-7.5h-92c-4.142 0-7.5 3.358-7.5 7.5s3.358 7.5 7.5 7.5z\"><\/path><path d=\"m243.976 252.5h83.238c4.142 0 7.5-3.358 7.5-7.5s-3.358-7.5-7.5-7.5h-83.238c-4.142 0-7.5 3.358-7.5 7.5s3.358 7.5 7.5 7.5z\"><\/path><path d=\"m390.095 454.5h19c5.79 0 10.5-4.71 10.5-10.5v-12h12c5.79 0 10.5-4.71 10.5-10.5v-19c0-5.79-4.71-10.5-10.5-10.5h-12v-12c0-5.79-4.71-10.5-10.5-10.5h-19c-5.79 0-10.5 4.71-10.5 10.5v12h-12c-5.79 0-10.5 4.71-10.5 10.5v19c0 5.79 4.71 10.5 10.5 10.5h12v12c0 5.79 4.711 10.5 10.5 10.5zm-18-37.5v-10h12c5.79 0 10.5-4.71 10.5-10.5v-12h10v12c0 5.79 4.71 10.5 10.5 10.5h12v10h-12c-5.79 0-10.5 4.71-10.5 10.5v12h-10v-12c0-5.79-4.71-10.5-10.5-10.5z\"><\/path><path d=\"m487.793 382.5c4.142 0 7.5-3.358 7.5-7.5v-25.009c0-28.949-23.551-52.5-52.5-52.5h-25.442v-173.887c0-68.155-55.449-123.604-123.605-123.604h-16.302c-68.156 0-123.604 55.449-123.604 123.604v173.887h-5.56v-25.028c.013-4.745-1.833-9.209-5.196-12.572-3.352-3.351-7.796-5.194-12.521-5.194-.017 0-.035 0-.052 0l-4.513.012c-3.333.009-6.457.942-9.128 2.557-.862-2.538-2.304-4.865-4.259-6.819-3.352-3.352-7.796-5.195-12.521-5.195-.017 0-.035 0-.052 0l-4.514.013c-5.12.013-9.745 2.205-12.995 5.697-.137-.146-.276-.291-.418-.433-3.363-3.363-7.835-5.174-12.575-5.198l-4.507.014c-9.175.019-16.766 7.042-17.69 16.009-2.54-1.35-5.396-2.046-8.339-2.054l-4.51.013c-9.777.026-17.754 8.002-17.782 17.802v217.356c-.008 4.806 1.804 9.273 5.104 12.579 3.188 3.193 7.455 4.952 12.016 4.952h443.967c9.649 0 17.5-7.851 17.5-17.5v-84.502c0-4.142-3.358-7.5-7.5-7.5s-7.5 3.358-7.5 7.5v84.5c0 1.378-1.122 2.5-2.5 2.5h-167.478v-178.016c39.231-1.031 73.401-22.708 92.033-54.544v40.551c0 4.142 3.358 7.5 7.5 7.5h32.942c20.678 0 37.5 16.822 37.5 37.5v25.009c.001 4.142 3.359 7.5 7.501 7.5zm-210.349-367.5h16.302c51.097 0 94.058 35.473 105.568 83.084-18.043-25.715-47.906-42.561-81.636-42.561h-64.167c-33.73 0-63.593 16.846-81.636 42.562 11.511-47.612 54.472-83.085 105.569-83.085zm-16.571 482h-112.965v-23c0-4.142-3.358-7.5-7.5-7.5s-7.5 3.358-7.5 7.5v23h-99.082c-.573 0-1.031-.18-1.399-.549-.466-.466-.721-1.161-.72-1.968v-217.348c.004-1.526 1.296-2.819 2.823-2.823l4.512-.013h.008c.97 0 1.616.502 1.916.801.301.301.804.95.801 1.946v67.027c0 1.992.792 3.902 2.203 5.31 1.406 1.403 3.312 2.19 5.297 2.19h.018l5.476-.013c4.135-.01 7.482-3.365 7.482-7.5v-80.894c.004-1.527 1.294-2.82 2.824-2.823l4.51-.014h.007c.971 0 1.619.503 1.919.803.301.301.805.951.803 1.944v80.916c0 1.993.793 3.903 2.204 5.31 1.406 1.403 3.311 2.19 5.296 2.19h.02l5.435-.014c4.134-.011 7.48-3.366 7.48-7.5v-80.894c.004-1.526 1.296-2.818 2.824-2.822l4.516-.013h.008c.969 0 1.616.502 1.916.802.3.301.805.951.802 1.945v80.914c0 1.993.793 3.904 2.204 5.311s3.335 2.212 5.317 2.189l5.411-.015c4.134-.012 7.479-3.366 7.479-7.5v-71.365c.004-1.526 1.297-2.818 2.822-2.823l4.514-.012h.008c.97 0 1.618.502 1.917.802.3.3.804.95.802 1.945v93.061c0 3.048 1.844 5.792 4.667 6.944 2.82 1.151 6.059.481 8.192-1.696l11.703-11.953c1.702-1.702 3.958-2.642 6.354-2.648h.024c2.372 0 4.596.918 6.266 2.588 3.468 3.468 3.439 9.139-.064 12.642l-35.316 35.316c-1.407 1.406-2.197 3.314-2.197 5.303v27c0 4.142 3.358 7.5 7.5 7.5s7.5-3.358 7.5-7.5v-23.894l33.12-33.12c9.352-9.352 9.38-24.539.064-33.855-8.963-8.963-23.358-9.28-32.813-.918v-34.723h13.06c4.142 0 7.5-3.358 7.5-7.5v-40.552c18.633 31.836 52.803 53.513 92.034 54.544v178.019zm34.444 0h-19.444v-177.967h19.444zm107.034-287.925c0 52.36-42.599 94.958-94.959 94.958h-43.594c-52.36 0-94.958-42.598-94.958-94.958v-53.881c0-46.688 37.983-84.671 84.671-84.671h64.167c46.688 0 84.672 37.983 84.672 84.671v53.881z\"><\/path><\/g><\/g><\/svg>\t\t\t\t<\/span>\n\t\t\t<\/div>\n\t\t\t\n\t\t\t\t\t\t<div class=\"elementor-icon-box-content\">\n\n\t\t\t\t\t\t\t\t\t<h3 class=\"elementor-icon-box-title\">\n\t\t\t\t\t\t<span  >\n\t\t\t\t\t\t\tAten\u021bie!\t\t\t\t\t\t<\/span>\n\t\t\t\t\t<\/h3>\n\t\t\t\t\n\t\t\t\t\t\t\t\t\t<p class=\"elementor-icon-box-description\">\n\t\t\t\t\t\t Pe perioada st\u0103rii de urgen\u021b\u0103 \u0219i a st\u0103rii de alert\u0103, accesul vizitatorilor \u00een unitate este interzis!\t\t\t\t\t<\/p>\n\t\t\t\t\n\t\t\t<\/div>\n\t\t\t\n\t\t<\/div>\n\t\t\t\t\t\t<\/div>\n\t\t\t\t<\/div>\n\t\t\t\t\t<\/div>\n\t\t<\/div>\n\t\t\t\t\t<\/div>\n\t\t<\/section>\n\t\t\t\t<\/div>\n\t\t","protected":false},"excerpt":{"rendered":"<p>Program de Vizit\u0103 Program de vizit\u0103: Zilnic 18:00-20:00 Aten\u021bie! Pe perioada st\u0103rii de urgen\u021b\u0103 \u0219i a st\u0103rii de alert\u0103, accesul vizitatorilor \u00een unitate este interzis!<\/p>\n","protected":false},"author":1,"featured_media":0,"parent":0,"menu_order":0,"comment_status":"closed","ping_status":"closed","template":"","meta":{"footnotes":""},"class_list":["post-338","page","type-page","status-publish","hentry"],"_links":{"self":[{"href":"https:\/\/eurotrat.ro\/m\/wp-json\/wp\/v2\/pages\/338","targetHints":{"allow":["GET"]}}],"collection":[{"href":"https:\/\/eurotrat.ro\/m\/wp-json\/wp\/v2\/pages"}],"about":[{"href":"https:\/\/eurotrat.ro\/m\/wp-json\/wp\/v2\/types\/page"}],"author":[{"embeddable":true,"href":"https:\/\/eurotrat.ro\/m\/wp-json\/wp\/v2\/users\/1"}],"replies":[{"embeddable":true,"href":"https:\/\/eurotrat.ro\/m\/wp-json\/wp\/v2\/comments?post=338"}],"version-history":[{"count":0,"href":"https:\/\/eurotrat.ro\/m\/wp-json\/wp\/v2\/pages\/338\/revisions"}],"wp:attachment":[{"href":"https:\/\/eurotrat.ro\/m\/wp-json\/wp\/v2\/media?parent=338"}],"curies":[{"name":"wp","href":"https:\/\/api.w.org\/{rel}","templated":true}]}}