{"id":328,"date":"2020-10-12T11:31:09","date_gmt":"2020-10-12T11:31:09","guid":{"rendered":"http:\/\/eurotrat.ro\/m\/?page_id=328"},"modified":"2020-10-30T12:53:34","modified_gmt":"2020-10-30T12:53:34","slug":"conditii-de-internare-externare","status":"publish","type":"page","link":"https:\/\/eurotrat.ro\/m\/conditii-de-internare-externare\/","title":{"rendered":"Condi\u021bii de Internare\/Externare"},"content":{"rendered":"\t\t<div data-elementor-type=\"wp-page\" data-elementor-id=\"328\" class=\"elementor elementor-328\" data-elementor-post-type=\"page\">\n\t\t\t\t\t\t<section class=\"elementor-section elementor-top-section elementor-element elementor-element-0af4f4e elementor-section-boxed elementor-section-height-default elementor-section-height-default\" data-id=\"0af4f4e\" data-element_type=\"section\" data-e-type=\"section\">\n\t\t\t\t\t\t<div class=\"elementor-container elementor-column-gap-default\">\n\t\t\t\t\t<div class=\"elementor-column elementor-col-100 elementor-top-column elementor-element elementor-element-b8a5580\" data-id=\"b8a5580\" data-element_type=\"column\" data-e-type=\"column\">\n\t\t\t<div class=\"elementor-widget-wrap elementor-element-populated\">\n\t\t\t\t\t\t<div class=\"elementor-element elementor-element-4db25ff elementor-view-default elementor-position-block-start elementor-mobile-position-block-start elementor-widget elementor-widget-icon-box\" data-id=\"4db25ff\" data-element_type=\"widget\" data-e-type=\"widget\" data-widget_type=\"icon-box.default\">\n\t\t\t\t<div class=\"elementor-widget-container\">\n\t\t\t\t\t\t\t<div class=\"elementor-icon-box-wrapper\">\n\n\t\t\t\t\t\t<div class=\"elementor-icon-box-icon\">\n\t\t\t\t<span  class=\"elementor-icon\">\n\t\t\t\t<svg xmlns=\"http:\/\/www.w3.org\/2000\/svg\" id=\"Capa_1\" height=\"512\" viewBox=\"0 0 512 512\" width=\"512\"><path d=\"m436.457 503.758c-7.208 0-13.052-5.844-13.052-13.052v-20.951h26.104v20.951c0 7.208-5.844 13.052-13.052 13.052z\" fill=\"#7e8b96\"><\/path><path d=\"m314.919 503.758c-7.208 0-13.052-5.844-13.052-13.052v-20.951h26.104v20.951c0 7.208-5.844 13.052-13.052 13.052z\" fill=\"#7e8b96\"><\/path><path d=\"m470.69 122.638h-190.004c-13.435 0-24.326 10.891-24.326 24.326v298.465c0 13.435 10.891 24.326 24.326 24.326h190.004c13.435 0 24.326-10.891 24.326-24.326v-298.465c-.001-13.435-10.892-24.326-24.326-24.326z\" fill=\"#80e29e\"><\/path><path d=\"m470.69 122.638h-23.872c13.434 0 24.326 10.891 24.326 24.326v298.465c0 13.435-10.891 24.326-24.326 24.326h23.872c13.434 0 24.326-10.891 24.326-24.326v-298.465c-.001-13.435-10.892-24.326-24.326-24.326z\" fill=\"#6dc187\"><\/path><path d=\"m418.941 68.173c-7.011 0-12.694-5.683-12.694-12.694v-12.034c0-5.821-4.735-10.558-10.557-10.558h-40.004c-5.821 0-10.556 4.736-10.556 10.558v12.034c0 7.011-5.683 12.694-12.694 12.694s-12.694-5.683-12.694-12.694v-12.034c0-19.82 16.125-35.945 35.944-35.945h40.004c19.82 0 35.945 16.125 35.945 35.945v12.034c-.001 7.011-5.684 12.694-12.694 12.694z\" fill=\"#7e8b96\"><\/path><path d=\"m52.848 483.22v-240.401c0-11.753 9.527-21.28 21.28-21.28h185.298c11.753 0 21.28 9.527 21.28 21.28v240.401c0 11.753-9.527 21.28-21.28 21.28h-185.298c-11.752 0-21.28-9.527-21.28-21.28z\" fill=\"#cba59d\"><\/path><path d=\"m259.426 221.539h-23.015c11.753 0 21.28 9.527 21.28 21.28v240.401c0 11.753-9.527 21.28-21.28 21.28h23.015c11.753 0 21.28-9.528 21.28-21.28v-240.401c0-11.753-9.527-21.28-21.28-21.28z\" fill=\"#a3847e\"><\/path><path d=\"m52.848 287.287v-44.469c0-11.753 9.527-21.28 21.28-21.28h185.298c11.753 0 21.28 9.527 21.28 21.28v44.469c0 11.753-9.527 21.28-21.28 21.28h-185.298c-11.752.001-21.28-9.527-21.28-21.28z\" fill=\"#62a4fb\"><\/path><path d=\"m259.426 221.539h-23.015c11.753 0 21.28 9.527 21.28 21.28v44.469c0 11.753-9.527 21.28-21.28 21.28h23.015c11.753 0 21.28-9.528 21.28-21.28v-44.469c0-11.753-9.527-21.28-21.28-21.28z\" fill=\"#5392f9\"><\/path><path d=\"m94.036 396.923v54.958c0 5.876 4.764 10.64 10.64 10.64h124.201c5.876 0 10.64-4.764 10.64-10.64v-54.958c0-5.876-4.764-10.64-10.64-10.64h-124.201c-5.876-.001-10.64 4.763-10.64 10.64z\" fill=\"#f4e2c1\"><\/path><path d=\"m295.289 387.578h-14.583v86.363h14.583c11.753 0 21.28-9.527 21.28-21.28v-43.803c0-11.753-9.527-21.28-21.28-21.28z\" fill=\"#62a4fb\"><\/path><path d=\"m52.848 387.578h-14.583c-11.753 0-21.28 9.527-21.28 21.28v43.803c0 11.753 9.527 21.28 21.28 21.28h14.583z\" fill=\"#62a4fb\"><\/path><path d=\"m216.005 221.539h25.679v109.982h-25.679z\" fill=\"#e9a52d\"><\/path><path d=\"m91.87 221.539h25.679v109.982h-25.679z\" fill=\"#e9a52d\"><\/path><path d=\"m247.881 352.184h-38.073c-3.59 0-6.5-2.91-6.5-6.5v-7.663c0-3.59 2.91-6.5 6.5-6.5h38.073c3.59 0 6.5 2.91 6.5 6.5v7.663c0 3.589-2.911 6.5-6.5 6.5z\" fill=\"#f8e837\"><\/path><path d=\"m123.746 352.184h-38.072c-3.59 0-6.5-2.91-6.5-6.5v-7.663c0-3.59 2.91-6.5 6.5-6.5h38.073c3.59 0 6.5 2.91 6.5 6.5v7.663c-.001 3.589-2.911 6.5-6.501 6.5z\" fill=\"#f8e837\"><\/path><path d=\"m495.018 201.85c4.143 0 7.5-3.358 7.5-7.5v-47.39c0-17.545-14.279-31.82-31.83-31.82h-44.25v-40.929c7.429-2.985 12.694-10.249 12.694-18.732v-12.034c0-23.956-19.489-43.445-43.445-43.445h-40.004c-23.955 0-43.443 19.489-43.443 43.445v12.034c0 8.482 5.263 15.747 12.689 18.732v40.929h-44.241c-17.551 0-31.83 14.274-31.83 31.82v67.079h-48.16v-12.452c0-18.705-15.218-33.922-33.923-33.922-18.704 0-33.922 15.217-33.922 33.922v12.452h-58.726c-15.87 0-28.781 12.911-28.781 28.78v94.515c0 4.142 3.357 7.5 7.5 7.5s7.5-3.358 7.5-7.5v-24.786c4.096 2.243 8.792 3.521 13.782 3.521h10.24v8.017c-7.11.66-12.697 6.654-12.697 13.934v7.663c0 7.72 6.28 14 14 14h38.073c7.72 0 14-6.28 14-14v-7.663c0-7.28-5.587-13.274-12.697-13.934v-8.017h83.456v8.017c-7.11.66-12.697 6.654-12.697 13.934v7.663c0 7.72 6.28 14 14 14h38.072c7.72 0 14-6.28 14-14v-7.663c0-7.28-5.586-13.273-12.696-13.934v-8.017h10.246c4.988 0 9.683-1.277 13.777-3.52v170.67c0 7.599-6.183 13.78-13.781 13.78h-185.298c-7.599 0-13.78-6.182-13.78-13.78v-110.704c0-4.142-3.357-7.5-7.5-7.5s-7.5 3.358-7.5 7.5v7.563h-7.083c-15.869 0-28.78 12.911-28.78 28.78v43.803c0 15.87 12.911 28.78 28.78 28.78h7.083v1.779c0 15.87 12.911 28.78 28.78 28.78h185.298c15.87 0 28.781-12.911 28.781-28.78v-1.779h6.162v9.269c0 11.331 9.219 20.55 20.551 20.55 11.331 0 20.55-9.219 20.55-20.55v-13.46h80.435v13.456c0 11.333 9.22 20.552 20.552 20.552 11.333 0 20.553-9.22 20.553-20.552v-13.456h13.681c17.551 0 31.83-14.274 31.83-31.82v-215.65c0-4.142-3.357-7.5-7.5-7.5s-7.5 3.358-7.5 7.5v215.65c0 9.274-7.55 16.82-16.83 16.82h-148.271c1.064-3.001 1.649-6.228 1.649-9.589v-43.803c0-8.473-3.683-16.101-9.529-21.373v-230.275c0-4.142-3.357-7.5-7.5-7.5s-7.5 3.358-7.5 7.5v223.184c-1.388-.206-2.807-.316-4.251-.316h-7.082v-137.259c0-14.363-10.575-26.3-24.348-28.438v-67.421c0-9.274 7.55-16.82 16.83-16.82h190c9.28 0 16.83 7.545 16.83 16.82v47.39c.001 4.142 3.358 7.5 7.501 7.5zm-456.755 264.591c-7.599 0-13.78-6.182-13.78-13.78v-43.803c0-7.599 6.182-13.78 13.78-13.78h7.083v71.363zm195.919-157.949c0 .026-.004.051-.004.077s.004.051.004.077v15.373h-10.679v-94.981h10.679zm-86.329-106.905c0-10.434 8.488-18.922 18.922-18.922 10.435 0 18.923 8.489 18.923 18.922v12.452h-37.845zm-37.806 122.434h-10.679v-94.981h10.679zm-35.919-22.951c-7.6 0-13.782-6.182-13.782-13.78v-44.471c0-7.599 6.183-13.78 13.781-13.78h10.241v72.031zm48.616 43.614h-36.073v-5.663h36.073zm2.303-43.614v-72.031h83.456v72.031zm121.831 43.614h-36.072v-5.663h36.072zm73.59 146.026c0 3.06-2.489 5.55-5.55 5.55s-5.551-2.49-5.551-5.55v-12.962c.289-.163.578-.325.861-.498h10.24zm121.539-.004c0 3.062-2.491 5.552-5.553 5.552s-5.552-2.491-5.552-5.552v-13.456h11.104v13.456zm-146.72-95.628c7.599 0 13.78 6.182 13.78 13.78v43.803c0 7.599-6.182 13.78-13.78 13.78h-7.082v-71.363zm-22.082-152.259v44.471c0 7.598-6.181 13.78-13.777 13.78h-10.246v-72.031h10.244c7.597 0 13.779 6.182 13.779 13.78zm54.034-199.374c0-15.685 12.76-28.445 28.443-28.445h40.004c15.685 0 28.445 12.761 28.445 28.445v12.034c0 2.863-2.33 5.192-5.194 5.192-2.863 0-5.193-2.329-5.193-5.192v-12.034c0-9.957-8.101-18.058-18.058-18.058h-40.004c-9.956 0-18.056 8.101-18.056 18.058v12.034c0 2.863-2.332 5.192-5.198 5.192-2.861 0-5.189-2.329-5.189-5.192zm12.69 30.767c7.431-2.985 12.698-10.249 12.698-18.733v-12.034c0-1.686 1.371-3.058 3.056-3.058h40.004c1.686 0 3.058 1.372 3.058 3.058v12.034c0 8.483 5.265 15.748 12.693 18.732v40.929h-71.509z\"><\/path><path d=\"m345.304 157.211v263.51c0 4.142 3.357 7.5 7.5 7.5s7.5-3.358 7.5-7.5v-263.51c0-4.142-3.357-7.5-7.5-7.5s-7.5 3.358-7.5 7.5z\"><\/path><path d=\"m391.067 157.211v263.51c0 4.142 3.357 7.5 7.5 7.5s7.5-3.358 7.5-7.5v-263.51c0-4.142-3.357-7.5-7.5-7.5s-7.5 3.358-7.5 7.5z\"><\/path><path d=\"m436.831 157.211v263.51c0 4.142 3.357 7.5 7.5 7.5s7.5-3.358 7.5-7.5v-263.51c0-4.142-3.357-7.5-7.5-7.5s-7.5 3.358-7.5 7.5z\"><\/path><path d=\"m228.875 470.021c10.003 0 18.141-8.138 18.141-18.14v-54.958c0-10.002-8.138-18.14-18.141-18.14h-124.201c-10.002 0-18.14 8.138-18.14 18.14v54.958c0 10.002 8.138 18.14 18.14 18.14zm-127.341-18.14v-54.958c0-1.731 1.408-3.14 3.14-3.14h124.201c1.731 0 3.141 1.409 3.141 3.14v54.958c0 1.731-1.409 3.14-3.141 3.14h-124.201c-1.732 0-3.14-1.409-3.14-3.14z\"><\/path><\/svg>\t\t\t\t<\/span>\n\t\t\t<\/div>\n\t\t\t\n\t\t\t\t\t\t<div class=\"elementor-icon-box-content\">\n\n\t\t\t\t\t\t\t\t\t<h3 class=\"elementor-icon-box-title\">\n\t\t\t\t\t\t<span  >\n\t\t\t\t\t\t\tINFORMA\u021aII PRIVIND EXTERNAREA\t\t\t\t\t\t<\/span>\n\t\t\t\t\t<\/h3>\n\t\t\t\t\n\t\t\t\t\n\t\t\t<\/div>\n\t\t\t\n\t\t<\/div>\n\t\t\t\t\t\t<\/div>\n\t\t\t\t<\/div>\n\t\t\t\t\t<\/div>\n\t\t<\/div>\n\t\t\t\t\t<\/div>\n\t\t<\/section>\n\t\t\t\t<section class=\"elementor-section elementor-top-section elementor-element elementor-element-8925f8d elementor-section-boxed elementor-section-height-default elementor-section-height-default\" data-id=\"8925f8d\" data-element_type=\"section\" data-e-type=\"section\">\n\t\t\t\t\t\t<div class=\"elementor-container elementor-column-gap-default\">\n\t\t\t\t\t<div class=\"elementor-column elementor-col-100 elementor-top-column elementor-element elementor-element-a097abd\" data-id=\"a097abd\" data-element_type=\"column\" data-e-type=\"column\">\n\t\t\t<div class=\"elementor-widget-wrap elementor-element-populated\">\n\t\t\t\t\t\t<div class=\"elementor-element elementor-element-5b1968e elementor-widget elementor-widget-text-editor\" data-id=\"5b1968e\" data-element_type=\"widget\" data-e-type=\"widget\" data-widget_type=\"text-editor.default\">\n\t\t\t\t<div class=\"elementor-widget-container\">\n\t\t\t\t\t\t\t\t\t<p>\u00a0 \u00a0\u00cen func\u0163ie de evolutia bolii pacientului, medicul curant va stabili data extern\u0103rii, care va fi<br \/>comunicat\u0103 pacientului sau, \u00een anumite situa\u0163ii, apar\u0163in\u0103torului, cu o zi \u00eenainte sau cel t\u00e2rziu \u00een<br \/>diminea\u0163a zilei extern\u0103rii.<br \/>\u00a0 Medicul curant completeaz\u0103 Biletul de externare \u015fi Scrisoarea medical\u0103 \u00een doua exemplare;<br \/>un exemplar se ata\u015feaz\u0103 la Foaia de observa\u0163ie, iar cel\u0103lalt se \u00eenm\u00e2neaz\u0103 pacientului \/<br \/>apar\u0163in\u0103torului. Ace\u015ftia din urm\u0103 vor transmite Scrisoarea medical\u0103 Medicului de Familie.<br \/>\u00a0 <strong>Medicul curant va consemna \u00een Biletul de externare \u015fi \u00een Scrisoarea medical\u0103 urm\u0103toarele:<\/strong><br \/>-diagnosticul de externare;<br \/>-starea pacientului la externare;<br \/>-tratamentul medical pe care pacientul trebuie s\u0103 \u00eel urmeze;<br \/>-indica\u0163ii privind regimul alimentar \u015fi de via\u0163\u0103;<br \/>-data urm\u0103torului control medical.<br \/>\u00a0 <strong>Tipuri de documente care se elibereaz\u0103 pacientului la externare:<\/strong><br \/>&#8211; Bilet de externare;<br \/>&#8211; Scrisoare medical\u0103;<br \/>&#8211; Certificat de concediu medical (dup\u0103 caz);<br \/>&#8211; Adeverin\u0163\u0103 medical\u0103 (dup\u0103 caz);<br \/>&#8211; Re\u0163et\u0103 medical\u0103 compensat\u0103 sau simpl\u0103 (dup\u0103 caz);<br \/>&#8211; Bilete de trimitere c\u0103tre al\u021bi speciali\u0219ti sau pentru diverse investiga\u0163ii paraclinice (dup\u0103<br \/>caz);<br \/>&#8211; Referat medical c\u0103tre serviciile de expertiz\u0103 (dup\u0103 caz);<br \/>\u00cen cazul extern\u0103rii pacientului la cerere, i se explic\u0103 riscurile la care se poate expune. \u00cen situa\u0163ia pacientului minor, riscurile sunt explicate apar\u0163in\u0103torului. Medicul curant consemneaz\u0103 \u00een Foaia de observa\u0163ie solicitarea de externare a pacientului, iar acesta (sau apar\u0163in\u0103torul) semneaz\u0103 cu privire la solicitarea extern\u0103rii<\/p>\t\t\t\t\t\t\t\t<\/div>\n\t\t\t\t<\/div>\n\t\t\t\t\t<\/div>\n\t\t<\/div>\n\t\t\t\t\t<\/div>\n\t\t<\/section>\n\t\t\t\t<\/div>\n\t\t","protected":false},"excerpt":{"rendered":"<p>INFORMA\u021aII PRIVIND EXTERNAREA \u00a0 \u00a0\u00cen func\u0163ie de evolutia bolii pacientului, medicul curant va stabili data extern\u0103rii, care va ficomunicat\u0103 pacientului sau, \u00een anumite situa\u0163ii, apar\u0163in\u0103torului, cu o zi \u00eenainte sau cel t\u00e2rziu \u00eendiminea\u0163a zilei extern\u0103rii.\u00a0 Medicul curant completeaz\u0103 Biletul de externare \u015fi Scrisoarea medical\u0103 \u00een doua exemplare;un exemplar se ata\u015feaz\u0103 la Foaia de observa\u0163ie, iar [&hellip;]<\/p>\n","protected":false},"author":1,"featured_media":0,"parent":0,"menu_order":0,"comment_status":"closed","ping_status":"closed","template":"","meta":{"footnotes":""},"class_list":["post-328","page","type-page","status-publish","hentry"],"_links":{"self":[{"href":"https:\/\/eurotrat.ro\/m\/wp-json\/wp\/v2\/pages\/328","targetHints":{"allow":["GET"]}}],"collection":[{"href":"https:\/\/eurotrat.ro\/m\/wp-json\/wp\/v2\/pages"}],"about":[{"href":"https:\/\/eurotrat.ro\/m\/wp-json\/wp\/v2\/types\/page"}],"author":[{"embeddable":true,"href":"https:\/\/eurotrat.ro\/m\/wp-json\/wp\/v2\/users\/1"}],"replies":[{"embeddable":true,"href":"https:\/\/eurotrat.ro\/m\/wp-json\/wp\/v2\/comments?post=328"}],"version-history":[{"count":0,"href":"https:\/\/eurotrat.ro\/m\/wp-json\/wp\/v2\/pages\/328\/revisions"}],"wp:attachment":[{"href":"https:\/\/eurotrat.ro\/m\/wp-json\/wp\/v2\/media?parent=328"}],"curies":[{"name":"wp","href":"https:\/\/api.w.org\/{rel}","templated":true}]}}