{"id":657,"date":"2020-10-19T11:09:38","date_gmt":"2020-10-19T11:09:38","guid":{"rendered":"http:\/\/eurotrat.ro\/m\/?page_id=657"},"modified":"2021-12-17T16:36:34","modified_gmt":"2021-12-17T13:36:34","slug":"pneumologie","status":"publish","type":"page","link":"https:\/\/eurotrat.ro\/m\/en\/pneumologie\/","title":{"rendered":"PNEUMOLOGY"},"content":{"rendered":"<div data-elementor-type=\"wp-page\" data-elementor-id=\"657\" class=\"elementor elementor-657\" data-elementor-post-type=\"page\">\n\t\t\t\t\t\t<section class=\"elementor-section elementor-top-section elementor-element elementor-element-81c3952 elementor-section-boxed elementor-section-height-default elementor-section-height-default\" data-id=\"81c3952\" data-element_type=\"section\" data-e-type=\"section\">\n\t\t\t\t\t\t<div class=\"elementor-container elementor-column-gap-default\">\n\t\t\t\t\t<div class=\"elementor-column elementor-col-100 elementor-top-column elementor-element elementor-element-14e43ec\" data-id=\"14e43ec\" data-element_type=\"column\" data-e-type=\"column\">\n\t\t\t<div class=\"elementor-widget-wrap elementor-element-populated\">\n\t\t\t\t\t\t<div class=\"elementor-element elementor-element-eb05c0f elementor-widget elementor-widget-text-editor\" data-id=\"eb05c0f\" data-element_type=\"widget\" data-e-type=\"widget\" data-widget_type=\"text-editor.default\">\n\t\t\t\t<div class=\"elementor-widget-container\">\n\t\t\t\t\t\t\t\t\t<p>UNAVAILABLE<\/p>\t\t\t\t\t\t\t\t<\/div>\n\t\t\t\t<\/div>\n\t\t\t\t\t<\/div>\n\t\t<\/div>\n\t\t\t\t\t<\/div>\n\t\t<\/section>\n\t\t\t\t<section class=\"elementor-section elementor-top-section elementor-element elementor-element-f4c86c7 elementor-section-boxed elementor-section-height-default elementor-section-height-default\" data-id=\"f4c86c7\" data-element_type=\"section\" data-e-type=\"section\">\n\t\t\t\t\t\t<div class=\"elementor-container elementor-column-gap-default\">\n\t\t\t\t\t<div class=\"elementor-column elementor-col-100 elementor-top-column elementor-element elementor-element-ef4c677\" data-id=\"ef4c677\" data-element_type=\"column\" data-e-type=\"column\">\n\t\t\t<div class=\"elementor-widget-wrap elementor-element-populated\">\n\t\t\t\t\t\t<section class=\"elementor-section elementor-inner-section elementor-element elementor-element-a19cef7 elementor-section-boxed elementor-section-height-default elementor-section-height-default\" data-id=\"a19cef7\" data-element_type=\"section\" data-e-type=\"section\">\n\t\t\t\t\t\t<div class=\"elementor-container elementor-column-gap-default\">\n\t\t\t\t\t<div class=\"elementor-column elementor-col-50 elementor-inner-column elementor-element elementor-element-bc7f11e\" data-id=\"bc7f11e\" data-element_type=\"column\" data-e-type=\"column\">\n\t\t\t<div class=\"elementor-widget-wrap elementor-element-populated\">\n\t\t\t\t\t\t\t<\/div>\n\t\t<\/div>\n\t\t\t\t<div class=\"elementor-column elementor-col-50 elementor-inner-column elementor-element elementor-element-42b696b\" data-id=\"42b696b\" data-element_type=\"column\" data-e-type=\"column\">\n\t\t\t<div class=\"elementor-widget-wrap elementor-element-populated\">\n\t\t\t\t\t\t<div class=\"elementor-element elementor-element-7c4e900 elementor-widget elementor-widget-text-editor\" data-id=\"7c4e900\" data-element_type=\"widget\" data-e-type=\"widget\" data-widget_type=\"text-editor.default\">\n\t\t\t\t<div class=\"elementor-widget-container\">\n\t\t\t\t\t\t\t\t\t<p><strong>Pulmonology Office<\/strong><\/p>\n<p>Dr.&nbsp;<\/p>\n<p><strong>Schedule:<\/strong> Monday-Friday: 08:00-15:00<\/p>\n<p><strong>Appointments and information:<\/strong> <a href=\"tel:0754 404 903\">0754 404 903<\/a><\/p>\n<p><strong>Schedule:<\/strong> Monday-Friday: 10:00-13:00<\/p>\t\t\t\t\t\t\t\t<\/div>\n\t\t\t\t<\/div>\n\t\t\t\t<div class=\"elementor-element elementor-element-ce5db3a elementor-widget elementor-widget-button\" data-id=\"ce5db3a\" data-element_type=\"widget\" data-e-type=\"widget\" data-widget_type=\"button.default\">\n\t\t\t\t<div class=\"elementor-widget-container\">\n\t\t\t\t\t\t\t\t\t<div class=\"elementor-button-wrapper\">\n\t\t\t\t\t<a class=\"elementor-button elementor-button-link elementor-size-sm\" href=\"http:\/\/eurotrat.ro\/m\/en\/programari-online\/\">\n\t\t\t\t\t\t<span class=\"elementor-button-content-wrapper\">\n\t\t\t\t\t\t\t\t\t<span class=\"elementor-button-text\">Online Appointments<\/span>\n\t\t\t\t\t<\/span>\n\t\t\t\t\t<\/a>\n\t\t\t\t<\/div>\n\t\t\t\t\t\t\t\t<\/div>\n\t\t\t\t<\/div>\n\t\t\t\t\t<\/div>\n\t\t<\/div>\n\t\t\t\t\t<\/div>\n\t\t<\/section>\n\t\t\t\t\t<\/div>\n\t\t<\/div>\n\t\t\t\t\t<\/div>\n\t\t<\/section>\n\t\t\t\t<\/div>","protected":false},"excerpt":{"rendered":"<p>INDISPONIBIL MOMENTAN Cabinet Pneumologie Dr.&nbsp; Program de lucru: Luni-Vineri: 08:00-15:00 Program\u0103ri \u015fi informa\u0163ii: 0754 404 903 Orar: Luni-Vineri: 10:00-13:00 Programare online<\/p>","protected":false},"author":1,"featured_media":0,"parent":0,"menu_order":0,"comment_status":"closed","ping_status":"closed","template":"","meta":{"footnotes":""},"class_list":["post-657","page","type-page","status-publish","hentry"],"_links":{"self":[{"href":"https:\/\/eurotrat.ro\/m\/en\/wp-json\/wp\/v2\/pages\/657","targetHints":{"allow":["GET"]}}],"collection":[{"href":"https:\/\/eurotrat.ro\/m\/en\/wp-json\/wp\/v2\/pages"}],"about":[{"href":"https:\/\/eurotrat.ro\/m\/en\/wp-json\/wp\/v2\/types\/page"}],"author":[{"embeddable":true,"href":"https:\/\/eurotrat.ro\/m\/en\/wp-json\/wp\/v2\/users\/1"}],"replies":[{"embeddable":true,"href":"https:\/\/eurotrat.ro\/m\/en\/wp-json\/wp\/v2\/comments?post=657"}],"version-history":[{"count":0,"href":"https:\/\/eurotrat.ro\/m\/en\/wp-json\/wp\/v2\/pages\/657\/revisions"}],"wp:attachment":[{"href":"https:\/\/eurotrat.ro\/m\/en\/wp-json\/wp\/v2\/media?parent=657"}],"curies":[{"name":"wp","href":"https:\/\/api.w.org\/{rel}","templated":true}]}}