{"id":506,"date":"2020-10-14T09:37:21","date_gmt":"2020-10-14T09:37:21","guid":{"rendered":"http:\/\/eurotrat.ro\/m\/?page_id=506"},"modified":"2021-06-09T09:12:12","modified_gmt":"2021-06-09T06:12:12","slug":"cardiologie","status":"publish","type":"page","link":"https:\/\/eurotrat.ro\/m\/en\/cardiologie\/","title":{"rendered":"CARDIOLOGY"},"content":{"rendered":"<div data-elementor-type=\"wp-page\" data-elementor-id=\"506\" class=\"elementor elementor-506\" data-elementor-post-type=\"page\">\n\t\t\t\t\t\t<section class=\"elementor-section elementor-top-section elementor-element elementor-element-4631f5b elementor-section-boxed elementor-section-height-default elementor-section-height-default\" data-id=\"4631f5b\" data-element_type=\"section\" data-e-type=\"section\">\n\t\t\t\t\t\t<div class=\"elementor-container elementor-column-gap-default\">\n\t\t\t\t\t<div class=\"elementor-column elementor-col-100 elementor-top-column elementor-element elementor-element-0075e1b\" data-id=\"0075e1b\" data-element_type=\"column\" data-e-type=\"column\">\n\t\t\t<div class=\"elementor-widget-wrap elementor-element-populated\">\n\t\t\t\t\t\t<section class=\"elementor-section elementor-inner-section elementor-element elementor-element-e7cd06e elementor-section-boxed elementor-section-height-default elementor-section-height-default\" data-id=\"e7cd06e\" data-element_type=\"section\" data-e-type=\"section\">\n\t\t\t\t\t\t<div class=\"elementor-container elementor-column-gap-default\">\n\t\t\t\t\t<div class=\"elementor-column elementor-col-50 elementor-inner-column elementor-element elementor-element-588a605\" data-id=\"588a605\" data-element_type=\"column\" data-e-type=\"column\">\n\t\t\t<div class=\"elementor-widget-wrap elementor-element-populated\">\n\t\t\t\t\t\t<div class=\"elementor-element elementor-element-4710e71 elementor-widget elementor-widget-image\" data-id=\"4710e71\" data-element_type=\"widget\" data-e-type=\"widget\" data-widget_type=\"image.default\">\n\t\t\t\t<div class=\"elementor-widget-container\">\n\t\t\t\t\t\t\t\t\t\t\t\t\t\t\t<img fetchpriority=\"high\" decoding=\"async\" width=\"800\" height=\"534\" src=\"https:\/\/eurotrat.ro\/m\/wp-content\/uploads\/2020\/10\/2-min-1024x683.jpg\" class=\"attachment-large size-large wp-image-186\" alt=\"\" srcset=\"https:\/\/eurotrat.ro\/m\/wp-content\/uploads\/2020\/10\/2-min-1024x683.jpg 1024w, https:\/\/eurotrat.ro\/m\/wp-content\/uploads\/2020\/10\/2-min-300x200.jpg 300w, https:\/\/eurotrat.ro\/m\/wp-content\/uploads\/2020\/10\/2-min-768x512.jpg 768w, https:\/\/eurotrat.ro\/m\/wp-content\/uploads\/2020\/10\/2-min-1536x1024.jpg 1536w, https:\/\/eurotrat.ro\/m\/wp-content\/uploads\/2020\/10\/2-min-2048x1365.jpg 2048w\" sizes=\"(max-width: 800px) 100vw, 800px\" \/>\t\t\t\t\t\t\t\t\t\t\t\t\t\t\t<\/div>\n\t\t\t\t<\/div>\n\t\t\t\t\t<\/div>\n\t\t<\/div>\n\t\t\t\t<div class=\"elementor-column elementor-col-50 elementor-inner-column elementor-element elementor-element-945689b\" data-id=\"945689b\" data-element_type=\"column\" data-e-type=\"column\">\n\t\t\t<div class=\"elementor-widget-wrap elementor-element-populated\">\n\t\t\t\t\t\t<div class=\"elementor-element elementor-element-8306c83 elementor-widget elementor-widget-text-editor\" data-id=\"8306c83\" data-element_type=\"widget\" data-e-type=\"widget\" data-widget_type=\"text-editor.default\">\n\t\t\t\t<div class=\"elementor-widget-container\">\n\t\t\t\t\t\t\t\t\t<p><span style=\"color: #ff0000;\"><strong>UNAVAILABLE<\/strong><\/span><\/p><p><strong>Cardiology office<\/strong><\/p><p>Dr.\u00a0<\/p><p><strong>Schedule:<\/strong> Luni-Vineri 08:00-15:00<\/p><p><strong>Appointments and information:<\/strong> <a href=\"tel:0748 567 846\">0748 567 846<\/a><\/p><p>Schedule: Monday-Friday 08:00-14:00<\/p>\t\t\t\t\t\t\t\t<\/div>\n\t\t\t\t<\/div>\n\t\t\t\t<div class=\"elementor-element elementor-element-0d60047 elementor-widget elementor-widget-button\" data-id=\"0d60047\" data-element_type=\"widget\" data-e-type=\"widget\" data-widget_type=\"button.default\">\n\t\t\t\t<div class=\"elementor-widget-container\">\n\t\t\t\t\t\t\t\t\t<div class=\"elementor-button-wrapper\">\n\t\t\t\t\t<a class=\"elementor-button elementor-button-link elementor-size-sm\" href=\"http:\/\/eurotrat.ro\/m\/en\/programari-online\/\">\n\t\t\t\t\t\t<span class=\"elementor-button-content-wrapper\">\n\t\t\t\t\t\t\t\t\t<span class=\"elementor-button-text\">Online Appointments<\/span>\n\t\t\t\t\t<\/span>\n\t\t\t\t\t<\/a>\n\t\t\t\t<\/div>\n\t\t\t\t\t\t\t\t<\/div>\n\t\t\t\t<\/div>\n\t\t\t\t\t<\/div>\n\t\t<\/div>\n\t\t\t\t\t<\/div>\n\t\t<\/section>\n\t\t\t\t\t<\/div>\n\t\t<\/div>\n\t\t\t\t\t<\/div>\n\t\t<\/section>\n\t\t\t\t<\/div>","protected":false},"excerpt":{"rendered":"<p>INDISPONIBIL MOMENTAN Cabinet Cardiologie Dr.\u00a0 Program de lucru: Luni-Vineri 08:00-15:00 Program\u0103ri \u015fi informa\u0163ii: 0748 567 846 Orar: Luni-Vineri 8:00-14:00 Programare online<\/p>","protected":false},"author":1,"featured_media":0,"parent":0,"menu_order":0,"comment_status":"closed","ping_status":"closed","template":"","meta":{"footnotes":""},"class_list":["post-506","page","type-page","status-publish","hentry"],"_links":{"self":[{"href":"https:\/\/eurotrat.ro\/m\/en\/wp-json\/wp\/v2\/pages\/506","targetHints":{"allow":["GET"]}}],"collection":[{"href":"https:\/\/eurotrat.ro\/m\/en\/wp-json\/wp\/v2\/pages"}],"about":[{"href":"https:\/\/eurotrat.ro\/m\/en\/wp-json\/wp\/v2\/types\/page"}],"author":[{"embeddable":true,"href":"https:\/\/eurotrat.ro\/m\/en\/wp-json\/wp\/v2\/users\/1"}],"replies":[{"embeddable":true,"href":"https:\/\/eurotrat.ro\/m\/en\/wp-json\/wp\/v2\/comments?post=506"}],"version-history":[{"count":0,"href":"https:\/\/eurotrat.ro\/m\/en\/wp-json\/wp\/v2\/pages\/506\/revisions"}],"wp:attachment":[{"href":"https:\/\/eurotrat.ro\/m\/en\/wp-json\/wp\/v2\/media?parent=506"}],"curies":[{"name":"wp","href":"https:\/\/api.w.org\/{rel}","templated":true}]}}