{"id":342,"date":"2020-10-12T11:35:24","date_gmt":"2020-10-12T11:35:24","guid":{"rendered":"http:\/\/eurotrat.ro\/m\/?page_id=342"},"modified":"2020-10-22T07:57:12","modified_gmt":"2020-10-22T07:57:12","slug":"audiente","status":"publish","type":"page","link":"https:\/\/eurotrat.ro\/m\/en\/audiente\/","title":{"rendered":"Consultations"},"content":{"rendered":"<div data-elementor-type=\"wp-page\" data-elementor-id=\"342\" class=\"elementor elementor-342\" data-elementor-post-type=\"page\">\n\t\t\t\t\t\t<section class=\"elementor-section elementor-top-section elementor-element elementor-element-8bb6d9e elementor-section-boxed elementor-section-height-default elementor-section-height-default\" data-id=\"8bb6d9e\" data-element_type=\"section\" data-e-type=\"section\">\n\t\t\t\t\t\t<div class=\"elementor-container elementor-column-gap-default\">\n\t\t\t\t\t<div class=\"elementor-column elementor-col-100 elementor-top-column elementor-element elementor-element-fd9dbb6\" data-id=\"fd9dbb6\" data-element_type=\"column\" data-e-type=\"column\">\n\t\t\t<div class=\"elementor-widget-wrap elementor-element-populated\">\n\t\t\t\t\t\t<div class=\"elementor-element elementor-element-2bdffeb elementor-view-default elementor-position-block-start elementor-mobile-position-block-start elementor-widget elementor-widget-icon-box\" data-id=\"2bdffeb\" data-element_type=\"widget\" data-e-type=\"widget\" data-widget_type=\"icon-box.default\">\n\t\t\t\t<div class=\"elementor-widget-container\">\n\t\t\t\t\t\t\t<div class=\"elementor-icon-box-wrapper\">\n\n\t\t\t\t\t\t<div class=\"elementor-icon-box-icon\">\n\t\t\t\t<span  class=\"elementor-icon\">\n\t\t\t\t<svg xmlns=\"http:\/\/www.w3.org\/2000\/svg\" id=\"Capa_1\" height=\"512\" viewbox=\"0 0 512 512\" width=\"512\"><g><g clip-rule=\"evenodd\" fill-rule=\"evenodd\"><path d=\"m223.685 324.372h64.658c21.091 6.321 39.375 18.68 39.375 32.91v84.444h-143.407v-84.444c0-14.23 18.255-26.589 39.374-32.91z\" fill=\"#ebd2ff\"><\/path><path d=\"m303.453 357.282v84.444h24.265v-84.444c0-14.23-18.284-26.589-39.375-32.91h-24.264c21.09 6.321 39.374 18.68 39.374 32.91z\" fill=\"#d7bef0\"><\/path><path d=\"m94.281 437.843h38.212l31.238-4.365 30.983 4.365h122.601l30.472-5.982 31.72 5.982h38.24v58.507h-323.466z\" fill=\"#d09080\"><\/path><path d=\"m7.512 485.691v-124.441c0-15.307 12.529-27.836 27.837-27.836h45.979c.794 0 1.588.028 2.353.085 7.143-.68 14.457 2.239 19.105 8.362l37.419 49.55c1.87 2.494 3.911 3.798 7.653 3.798h46.856c11.764 0 21.317 9.553 21.317 21.317 0 11.792-9.554 21.316-21.317 21.316h-62.221c-6.436 0-12.813-2.948-16.98-8.476l-6.35-8.391v75.373h-91.021c-5.415-.962-9.695-5.243-10.63-10.657z\" fill=\"#ff6978\"><\/path><path d=\"m504.517 485.691v-124.441c0-15.307-12.529-27.836-27.864-27.836h-45.951c-.794 0-1.587.028-2.381.085-7.144-.68-14.457 2.239-19.105 8.362l-37.391 49.55c-1.728 2.268-3.741 3.798-7.653 3.798h-46.856c-11.792 0-21.345 9.553-21.345 21.317 0 11.792 9.553 21.316 21.345 21.316h62.192c6.463 0 12.814-2.948 17.009-8.476l6.321-8.391v75.373h91.021c5.413-.962 9.694-5.243 10.658-10.657z\" fill=\"#ccf49f\"><\/path><path d=\"m228.815 204.494h122.118l30.897 30.898c2.467 2.438 5.273 1.021 5.273-2.211v-28.688c15.732 0 28.602-12.897 28.602-28.63v-72.227c0-15.732-12.869-28.602-28.602-28.602h-158.288c-15.732 0-28.631 12.869-28.631 28.602v72.227c.001 15.734 12.899 28.631 28.631 28.631z\" fill=\"#ecf4ff\"><\/path><path d=\"m85.777 175.638h128.469c20.891 0 37.983-17.093 37.983-37.984v-84.019c0-20.863-17.093-37.956-37.983-37.956h-164.639c-20.893 0-37.985 17.093-37.985 37.956v84.019c0 20.892 17.093 37.984 37.985 37.984v28.715c0 3.062 3.005 4.45 5.273 2.183z\" fill=\"#ecf4ff\"><\/path><path d=\"m296.479 302.772c0 22.252-18.227 40.478-40.479 40.478s-40.479-18.227-40.479-40.478c0-14.456 0-28.913 0-43.37 0-12.472 10.204-22.648 22.677-22.648h52.242c4.168 0 6.039 2.381 6.039 6.01z\" fill=\"#ffcbbe\"><\/path><path d=\"m215.521 259.401v13.068h80.958v-29.707c0-3.629-1.871-6.01-6.039-6.01h-52.242c-12.472.001-22.677 10.178-22.677 22.649z\" fill=\"#ffe5a0\"><\/path><path d=\"m17.858 302.772c0 22.252 18.227 40.478 40.479 40.478s40.479-18.227 40.479-40.478v-43.37c0-12.472-10.205-22.648-22.678-22.648h-35.63c-12.444 0-22.649 10.177-22.649 22.648v43.37z\" fill=\"#ffcbbe\"><\/path><path d=\"m494.142 302.772c0 22.252-18.198 40.478-40.451 40.478-22.28 0-40.478-18.227-40.478-40.478v-43.37c0-12.472 10.176-22.648 22.648-22.648h35.632c12.473 0 22.649 10.177 22.649 22.648z\" fill=\"#c68b87\"><\/path><path d=\"m494.142 302.772c0 22.252-18.198 40.478-40.451 40.478-4.224 0-8.306-.68-12.161-1.87 15.194-4.819 26.561-18.369 28.149-34.668 6.35 1.077 14.343.51 24.435-2.522l.028-44.788z\" fill=\"#bd7d79\"><\/path><path d=\"m98.817 259.401v15.761c-11.424 4.224-20.778.766-26.249-2.353-4.252-2.409-4.989-2.438-5.499 1.474-1.475 11.367-6.605 42.747-49.154 29.906l-.057-44.788c0-12.472 10.205-22.648 22.649-22.648h35.633c12.472 0 22.677 10.177 22.677 22.648z\" fill=\"#c68b87\"><\/path><path d=\"m413.212 259.401v15.761c11.395 4.224 20.749.766 26.22-2.353 4.28-2.409 4.989-2.438 5.499 1.474 1.475 11.367 6.605 42.747 49.183 29.906l.028-44.788c.028-12.472-10.177-22.648-22.649-22.648h-35.633c-12.472 0-22.648 10.177-22.648 22.648z\" fill=\"#477b9e\"><\/path><path d=\"m469.876 259.401v43.37c0 1.332-.057 2.637-.197 3.94 6.35 1.077 14.343.51 24.435-2.522l.028-44.788c0-11.934-9.326-21.77-21.061-22.592-.539-.057-1.049-.057-1.588-.057h-24.265c12.471.001 22.648 10.178 22.648 22.649z\" fill=\"#365e7d\"><\/path><path d=\"m74.553 302.772c0 18.028-11.963 33.421-28.347 38.608 3.826 1.19 7.908 1.87 12.132 1.87 22.252 0 40.479-18.227 40.479-40.478v-27.609c-10.148 3.77-18.652 1.445-24.265-1.304v28.913z\" fill=\"#f7beaf\"><\/path><path d=\"m51.875 236.753c12.473 0 22.678 10.177 22.678 22.648v14.457c5.612 2.749 14.116 5.074 24.265 1.304v-15.761c0-12.472-10.205-22.648-22.678-22.648z\" fill=\"#bd7d79\"><\/path><path d=\"m272.214 302.772c0 18.028-11.962 33.421-28.346 38.608 3.826 1.19 7.908 1.87 12.132 1.87 22.252 0 40.479-18.227 40.479-40.478v-30.302h-24.266v30.302z\" fill=\"#f7beaf\"><\/path><path d=\"m272.214 242.763v29.707h24.266v-29.707c0-3.629-1.871-6.01-6.039-6.01h-24.264c4.166 0 6.037 2.381 6.037 6.01z\" fill=\"#f2ce7e\"><\/path><path d=\"m87.847 392.743c-.964-1.304-2.947-.651-2.947.992v102.615h9.382 14.882v-29.254-29.253-16.866z\" fill=\"#cf4351\"><\/path><path d=\"m480.252 361.25v124.441c-.964 5.414-5.244 9.694-10.659 10.658h24.266c5.414-.964 9.694-5.244 10.658-10.658v-124.441c0-14.229-10.856-26.078-24.69-27.666-2.92 2.495-6.207 4.593-9.78 6.18 6.208 5.102 10.205 12.869 10.205 21.486z\" fill=\"#b3e59f\"><\/path><path d=\"m200.497 179.918c1.983 13.833 13.947 24.576 28.318 24.576h122.118l30.897 30.898c2.467 2.438 5.273 1.021 5.273-2.211v-28.688c15.732 0 28.602-12.897 28.602-28.63v-72.227c0-14.371-10.715-26.334-24.548-28.318.198 1.333.283 2.665.283 4.054v72.228c0 15.732-12.87 28.602-28.603 28.602h-158.286c-1.39-.001-2.75-.086-4.054-.284z\" fill=\"#ddeafb\"><\/path><path d=\"m227.966 113.389c0 17.349-11.793 32.089-27.781 36.567-3.232.907-6.661 1.417-10.204 1.417h-164.639c-4.139 0-8.107-.68-11.82-1.899 4.989 15.138 19.304 26.164 36.086 26.164v28.715c0 3.062 3.005 4.45 5.273 2.183l30.897-30.898h114.407 14.061c20.891 0 37.983-17.093 37.983-37.984v-62.618-21.401c0-16.753-11.026-31.067-26.163-36.085 1.219 3.741 1.899 7.71 1.899 11.82v45.666 38.353z\" fill=\"#ddeafb\"><\/path><path d=\"m378.571 437.843h24.266v58.507h-24.266z\" fill=\"#be694f\"><\/path><\/g><path d=\"m27.383 314.082c1.673 4.535 4.309 8.617 7.682 11.962 5.981 5.981 14.203 9.694 23.273 9.694 9.043 0 17.292-3.713 23.272-9.694 5.981-5.98 9.695-14.229 9.695-23.272v-18.34c-6.945.596-13.04-.907-17.802-2.892-.426 2.069-.907 4.082-1.531 6.066-2.353 7.653-6.293 14.627-12.529 19.644-6.321 5.103-14.712 8.051-25.824 7.484-1.984-.086-4.054-.312-6.236-.652zm194.29-49.125h65.934v-20.721h-50.769c-4.167 0-7.966 1.73-10.715 4.479-2.75 2.75-4.45 6.52-4.45 10.687zm65.933 14.996h-65.934v22.818c0 9.043 3.713 17.292 9.694 23.272 5.98 5.981 14.229 9.694 23.272 9.694 9.07 0 17.319-3.713 23.273-9.694 5.98-5.98 9.694-14.229 9.694-23.272v-22.818zm205.515 50.06c4.025 2.126 7.568 5.018 10.488 8.447 5.244 6.18 8.391 14.145 8.391 22.79v50.57c0 4.139-3.346 7.483-7.483 7.483-4.139 0-7.513-3.345-7.513-7.483v-50.57c0-4.988-1.814-9.581-4.818-13.124-2.664-3.147-6.265-5.471-10.375-6.576-7.908 5.782-17.632 9.185-28.12 9.185-10.857 0-20.892-3.629-28.971-9.78-1.53.17-3.004.596-4.422 1.247-1.928.907-3.685 2.297-5.103 4.167l-40.281 53.349c-1.417 1.871-3.628 3.005-5.98 3.005h-51.619c-3.827 0-7.285 1.53-9.779 4.024-2.495 2.523-4.054 5.981-4.054 9.78 0 3.826 1.559 7.284 4.054 9.779 2.494 2.494 5.952 4.054 9.779 4.054h61.653c2.467 0 4.365-.256 6.719-1.446 4.366-2.183 8.447-8.815 11.424-12.784l26.674-35.291c2.495-3.316 7.172-3.969 10.488-1.474 3.289 2.494 3.94 7.199 1.446 10.487l-25.37 33.619v65.367h86.655v-43.059c0-4.139 3.374-7.483 7.513-7.483 4.138 0 7.483 3.345 7.483 7.483v50.57c0 4.139-3.346 7.483-7.483 7.483-165.688 0-331.346 0-497.005 0-4.139 0-7.512-3.345-7.512-7.483v-50.57c0-4.139 3.373-7.483 7.512-7.483s7.483 3.345 7.483 7.483v43.059h86.685v-65.367l-25.398-33.619c-2.494-3.288-1.843-7.993 1.475-10.487 3.288-2.495 7.993-1.843 10.488 1.474l26.078 34.526c2.382 3.146 4.763 6.321 7.143 9.495 1.36 1.786 3.033 3.146 4.876 4.054 2.07 1.049 3.997 1.446 6.266 1.446h62.106c3.799 0 7.257-1.56 9.779-4.054 2.495-2.495 4.025-5.953 4.025-9.779 0-3.799-1.53-7.257-4.025-9.78-2.522-2.494-5.98-4.024-9.779-4.024h-51.647c-2.268 0-4.507-1.049-5.98-3.005l-40.281-53.349c-2.296-3.032-5.727-4.988-9.524-5.414-8.051 6.123-18.085 9.78-28.942 9.78-10.487 0-20.24-3.402-28.148-9.156-4.025 1.049-7.597 3.345-10.262 6.406-3.062 3.571-4.933 8.192-4.933 13.266v50.57c0 4.139-3.345 7.483-7.483 7.483s-7.514-3.345-7.514-7.484v-50.57c0-8.759 3.26-16.837 8.617-23.045 2.892-3.316 6.378-6.123 10.29-8.192-5.584-8.022-8.532-17.49-8.532-27.241v-43.37c0-8.306 3.373-15.846 8.844-21.316 5.472-5.442 12.983-8.844 21.289-8.844h35.632c8.306 0 15.846 3.401 21.316 8.844 5.471 5.471 8.845 13.011 8.845 21.316v43.37c0 9.609-2.863 18.596-7.768 26.107 4.054 2.041 7.483 4.848 10.233 8.476l38.014 50.343h30.018v-30.415c0-8.617 4.564-16.413 11.963-23.018 5.726-5.102 13.266-9.553 21.6-13.067-2.381-5.698-3.686-11.906-3.686-18.426v-30.302-13.068c0-8.306 3.402-15.846 8.846-21.316 5.471-5.442 13.011-8.844 21.316-8.844h58.28c4.139 0 7.513 3.373 7.513 7.512v35.717 30.302c0 6.151-1.19 12.048-3.317 17.49 8.958 3.515 17.065 8.05 23.189 13.322 7.851 6.747 12.699 14.797 12.699 23.698v30.415h30.018l38.014-50.343c2.807-3.686 6.321-6.52 10.262-8.447-4.933-7.54-7.796-16.526-7.796-26.136v-43.37c0-8.306 3.402-15.846 8.845-21.316 5.471-5.442 13.011-8.844 21.316-8.844h35.632c8.307 0 15.846 3.401 21.317 8.844 5.442 5.471 8.844 13.011 8.844 21.316v43.37c0 9.75-2.976 19.218-8.532 27.241zm-8.504-15.931c-2.154.34-4.252.566-6.236.652-11.085.566-19.475-2.382-25.796-7.484-6.265-5.017-10.205-11.99-12.558-19.644-.596-1.984-1.105-3.997-1.503-6.066-4.79 1.984-10.856 3.487-17.83 2.892v18.34c0 9.043 3.714 17.292 9.695 23.272 5.98 5.981 14.23 9.694 23.301 9.694 9.042 0 17.291-3.713 23.273-9.694 3.346-3.345 5.981-7.427 7.654-11.962zm-63.923-44.674c10.007 1.417 17.32-4.394 18.624-5.527 1.474-1.248 2.863-2.013 4.876-2.098 4.139-.199 7.625 2.976 7.823 7.114.255 4.876.935 9.808 2.324 14.315 1.531 5.018 3.94 9.439 7.597 12.387 3.601 2.892 8.676 4.536 15.733 4.195 2.722-.142 5.698-.566 8.986-1.304v-39.09c0-4.167-1.729-7.937-4.479-10.687-2.75-2.749-6.52-4.479-10.688-4.479h-35.63c-4.167 0-7.938 1.73-10.687 4.479-2.75 2.75-4.479 6.52-4.479 10.687zm-329.388 0v-10.007c0-4.167-1.701-7.937-4.451-10.687-2.749-2.749-6.548-4.479-10.715-4.479h-35.632c-4.139 0-7.938 1.73-10.688 4.479-2.749 2.75-4.45 6.52-4.45 10.687v39.09c3.26.737 6.236 1.162 8.958 1.304 7.058.341 12.133-1.304 15.733-4.195 3.656-2.947 6.065-7.369 7.625-12.387 1.389-4.508 2.069-9.439 2.296-14.315.198-4.139 3.713-7.313 7.823-7.114 1.928.085 3.402.793 4.819 2.04 1.05.935 8.477 7.029 18.682 5.584zm127.078 64.687c-7.824 3.033-14.74 6.888-19.673 11.31-4.28 3.799-6.917 7.881-6.917 11.878v30.415h2.92c7.938 0 15.165 3.232 20.382 8.447 5.216 5.216 8.447 12.416 8.447 20.382 0 5.017-1.304 9.723-3.543 13.833h72c-2.239-4.11-3.515-8.816-3.515-13.833 0-7.966 3.231-15.166 8.447-20.382 5.217-5.215 12.416-8.447 20.382-8.447h2.892v-30.415c0-4.139-2.835-8.391-7.427-12.331-5.387-4.62-12.87-8.617-21.204-11.65-.964 1.162-1.984 2.296-3.033 3.345-8.703 8.702-20.693 14.089-33.902 14.089-13.182 0-25.2-5.387-33.874-14.089-.823-.824-1.617-1.673-2.382-2.552zm-155.879-270.398c-4.139 0-7.483-3.373-7.483-7.512s3.345-7.483 7.483-7.483h138.842c4.139 0 7.483 3.345 7.483 7.483 0 4.139-3.345 7.512-7.483 7.512zm0 78.917c-4.139 0-7.483-3.373-7.483-7.512s3.345-7.512 7.483-7.512h69.422c4.139 0 7.512 3.373 7.512 7.512s-3.373 7.512-7.512 7.512zm0-39.458c-4.139 0-7.483-3.373-7.483-7.512s3.345-7.484 7.483-7.484h138.842c4.139 0 7.483 3.346 7.483 7.484 0 4.139-3.345 7.512-7.483 7.512zm146.524 79.965c1.049 2.92 2.721 5.527 4.848 7.653 3.799 3.827 9.071 6.208 14.938 6.208h44.079c4.139 0 7.483 3.346 7.483 7.512 0 4.139-3.345 7.484-7.483 7.484h-44.079c-10.006 0-19.021-4.082-25.541-10.659-4.875-4.903-8.334-11.196-9.808-18.198h-104.57l-33.959 33.959c-1.36 1.361-3.231 2.211-5.329 2.211-4.139 0-7.513-3.345-7.513-7.483v-29.31c-9.524-1.588-18.057-6.151-24.604-12.728-8.249-8.221-13.351-19.588-13.351-32.117v-84.018c0-12.501 5.103-23.868 13.351-32.116 8.221-8.221 19.587-13.352 32.117-13.352h164.639c12.528 0 23.896 5.131 32.116 13.352 8.249 8.248 13.352 19.615 13.352 32.116v13.89h127.391c9.949 0 18.964 4.054 25.512 10.602s10.602 15.562 10.602 25.512v72.227c0 9.95-4.054 18.964-10.602 25.512-4.848 4.848-11.084 8.334-18.028 9.809v29.48c0 1.899-.709 3.826-2.183 5.301-2.92 2.919-7.682 2.919-10.602 0l-33.988-33.987h-40.961c-4.139 0-7.512-3.346-7.512-7.484 0-4.166 3.373-7.512 7.512-7.512h44.079c2.098 0 3.969.851 5.329 2.239l23.329 23.329v-18.057c0-4.166 3.374-7.512 7.513-7.512 5.782 0 11.083-2.381 14.91-6.208 3.826-3.826 6.208-9.099 6.208-14.91v-72.227c0-5.811-2.382-11.083-6.208-14.91-3.827-3.827-9.128-6.208-14.91-6.208h-127.392v55.134c0 12.529-5.103 23.896-13.352 32.117-8.221 8.248-19.588 13.351-32.116 13.351h-5.217zm-123.252-14.995h128.469c8.39 0 15.987-3.43 21.515-8.957 5.527-5.528 8.957-13.153 8.957-21.516v-84.018c0-8.362-3.43-15.987-8.957-21.515s-13.125-8.958-21.515-8.958h-164.639c-8.392 0-15.988 3.43-21.516 8.958-5.527 5.527-8.958 13.152-8.958 21.515v84.019c0 8.362 3.431 15.987 8.958 21.516 5.527 5.527 13.124 8.957 21.516 8.957 4.139 0 7.483 3.373 7.483 7.512v18.057l23.386-23.357c1.475-1.476 3.375-2.213 5.301-2.213zm309.576 277.228h-278.678v43.483h278.679v-43.483z\"><\/path><\/g><\/svg>\t\t\t\t<\/span>\n\t\t\t<\/div>\n\t\t\t\n\t\t\t\t\t\t<div class=\"elementor-icon-box-content\">\n\n\t\t\t\t\t\t\t\t\t<h3 class=\"elementor-icon-box-title\">\n\t\t\t\t\t\t<span  >\n\t\t\t\t\t\t\tConsultations\t\t\t\t\t\t<\/span>\n\t\t\t\t\t<\/h3>\n\t\t\t\t\n\t\t\t\t\n\t\t\t<\/div>\n\t\t\t\n\t\t<\/div>\n\t\t\t\t\t\t<\/div>\n\t\t\t\t<\/div>\n\t\t\t\t<section class=\"elementor-section elementor-inner-section elementor-element elementor-element-dfa1b6d elementor-section-boxed elementor-section-height-default elementor-section-height-default\" data-id=\"dfa1b6d\" data-element_type=\"section\" data-e-type=\"section\">\n\t\t\t\t\t\t<div class=\"elementor-container elementor-column-gap-default\">\n\t\t\t\t\t<div class=\"elementor-column elementor-col-33 elementor-inner-column elementor-element elementor-element-49e2f23\" data-id=\"49e2f23\" data-element_type=\"column\" data-e-type=\"column\">\n\t\t\t<div class=\"elementor-widget-wrap elementor-element-populated\">\n\t\t\t\t\t\t<div class=\"elementor-element elementor-element-59fe92d elementor-widget elementor-widget-text-editor\" data-id=\"59fe92d\" data-element_type=\"widget\" data-e-type=\"widget\" data-widget_type=\"text-editor.default\">\n\t\t\t\t<div class=\"elementor-widget-container\">\n\t\t\t\t\t\t\t\t\t<p><strong>Manager<\/strong><\/p><p>Rusu Mihai<\/p><p><strong>Phone:<\/strong>\u00a00744 626 134<\/p><p><strong>Email:<\/strong>\u00a0rusumihai@eurotrat.ro<\/p><p><strong>Program audien\u021be:\u00a0<\/strong><\/p><p>Monday: 10:00-11:00<\/p><p>Tuesday: 09:00-11:00<\/p><p>Wednesday: 10:00-12:00<\/p><p>Thursday: 12:00-12:30<\/p><p>Friday: 08:00-10:30<\/p><p>Saturday-Sunday: Unavailable<\/p>\t\t\t\t\t\t\t\t<\/div>\n\t\t\t\t<\/div>\n\t\t\t\t\t<\/div>\n\t\t<\/div>\n\t\t\t\t<div class=\"elementor-column elementor-col-33 elementor-inner-column elementor-element elementor-element-77df24f\" data-id=\"77df24f\" data-element_type=\"column\" data-e-type=\"column\">\n\t\t\t<div class=\"elementor-widget-wrap elementor-element-populated\">\n\t\t\t\t\t\t<div class=\"elementor-element elementor-element-ee8418b elementor-widget elementor-widget-text-editor\" data-id=\"ee8418b\" data-element_type=\"widget\" data-e-type=\"widget\" data-widget_type=\"text-editor.default\">\n\t\t\t\t<div class=\"elementor-widget-container\">\n\t\t\t\t\t\t\t\t\t<p><strong>Director Financiar-Contabil<\/strong><\/p>\n<p>Farca\u015f Iulia<\/p>\n<p><strong>Phone:<\/strong> 0364 407 063<\/p>\n<p><strong>Email:<\/strong> eurotrat@yahoo.ro<\/p>\n<p><br><\/p>\t\t\t\t\t\t\t\t<\/div>\n\t\t\t\t<\/div>\n\t\t\t\t\t<\/div>\n\t\t<\/div>\n\t\t\t\t<div class=\"elementor-column elementor-col-33 elementor-inner-column elementor-element elementor-element-433ddba\" data-id=\"433ddba\" data-element_type=\"column\" data-e-type=\"column\">\n\t\t\t<div class=\"elementor-widget-wrap elementor-element-populated\">\n\t\t\t\t\t\t<div class=\"elementor-element elementor-element-cfb850c elementor-widget elementor-widget-text-editor\" data-id=\"cfb850c\" data-element_type=\"widget\" data-e-type=\"widget\" data-widget_type=\"text-editor.default\">\n\t\t\t\t<div class=\"elementor-widget-container\">\n\t\t\t\t\t\t\t\t\t<p><strong>Director Medical<\/strong><\/p>\n<p>Dr. Cosnarovici Sorin<\/p>\n<p><strong>Phone:<\/strong>&nbsp;<\/p>\n<p><strong>Email:<\/strong> cosnarovici.sorin@eurotrat.ro<\/p>\n<p><br><\/p>\n<p><\/p>\t\t\t\t\t\t\t\t<\/div>\n\t\t\t\t<\/div>\n\t\t\t\t\t<\/div>\n\t\t<\/div>\n\t\t\t\t\t<\/div>\n\t\t<\/section>\n\t\t\t\t\t<\/div>\n\t\t<\/div>\n\t\t\t\t\t<\/div>\n\t\t<\/section>\n\t\t\t\t<\/div>","protected":false},"excerpt":{"rendered":"<p>Audien\u021be Manager Rusu Mihai Telefon:\u00a00744 626 134 Email:\u00a0rusumihai@eurotrat.ro Program audien\u021be:\u00a0 Luni: 10:00-11:00 Mar\u021bi: 09:00-11:00 Miercuri: 10:00-12:00 Joi: 12:00-12:30 Vineri: 08:00-10:30 S\u00e2mb\u0103t\u0103-Duminic\u0103: Indisponibil Director Financiar-Contabil Farca\u015f Iulia Telefon: 0364 407 063 Email: eurotrat@yahoo.ro Director Medical Dr. Cosnarovici Sorin Telefon:&nbsp; Email: cosnarovici.sorin@eurotrat.ro<\/p>","protected":false},"author":1,"featured_media":0,"parent":0,"menu_order":0,"comment_status":"closed","ping_status":"closed","template":"","meta":{"footnotes":""},"class_list":["post-342","page","type-page","status-publish","hentry"],"_links":{"self":[{"href":"https:\/\/eurotrat.ro\/m\/en\/wp-json\/wp\/v2\/pages\/342","targetHints":{"allow":["GET"]}}],"collection":[{"href":"https:\/\/eurotrat.ro\/m\/en\/wp-json\/wp\/v2\/pages"}],"about":[{"href":"https:\/\/eurotrat.ro\/m\/en\/wp-json\/wp\/v2\/types\/page"}],"author":[{"embeddable":true,"href":"https:\/\/eurotrat.ro\/m\/en\/wp-json\/wp\/v2\/users\/1"}],"replies":[{"embeddable":true,"href":"https:\/\/eurotrat.ro\/m\/en\/wp-json\/wp\/v2\/comments?post=342"}],"version-history":[{"count":0,"href":"https:\/\/eurotrat.ro\/m\/en\/wp-json\/wp\/v2\/pages\/342\/revisions"}],"wp:attachment":[{"href":"https:\/\/eurotrat.ro\/m\/en\/wp-json\/wp\/v2\/media?parent=342"}],"curies":[{"name":"wp","href":"https:\/\/api.w.org\/{rel}","templated":true}]}}