{"id":334,"date":"2020-10-12T11:33:31","date_gmt":"2020-10-12T11:33:31","guid":{"rendered":"http:\/\/eurotrat.ro\/m\/?page_id=334"},"modified":"2021-11-19T17:25:23","modified_gmt":"2021-11-19T14:25:23","slug":"investigatii-si-tratamente-decontate-de-cnas","status":"publish","type":"page","link":"https:\/\/eurotrat.ro\/m\/en\/investigatii-si-tratamente-decontate-de-cnas\/","title":{"rendered":"Investigations and Treatments Settled by CNAS"},"content":{"rendered":"<div data-elementor-type=\"wp-page\" data-elementor-id=\"334\" class=\"elementor elementor-334\" data-elementor-post-type=\"page\">\n\t\t\t\t\t\t<section class=\"elementor-section elementor-top-section elementor-element elementor-element-7a74c2a elementor-section-boxed elementor-section-height-default elementor-section-height-default\" data-id=\"7a74c2a\" data-element_type=\"section\" data-e-type=\"section\">\n\t\t\t\t\t\t<div class=\"elementor-container elementor-column-gap-default\">\n\t\t\t\t\t<div class=\"elementor-column elementor-col-100 elementor-top-column elementor-element elementor-element-574f7fd\" data-id=\"574f7fd\" data-element_type=\"column\" data-e-type=\"column\">\n\t\t\t<div class=\"elementor-widget-wrap elementor-element-populated\">\n\t\t\t\t\t\t<div class=\"elementor-element elementor-element-56da34f elementor-view-default elementor-position-block-start elementor-mobile-position-block-start elementor-widget elementor-widget-icon-box\" data-id=\"56da34f\" data-element_type=\"widget\" data-e-type=\"widget\" data-widget_type=\"icon-box.default\">\n\t\t\t\t<div class=\"elementor-widget-container\">\n\t\t\t\t\t\t\t<div class=\"elementor-icon-box-wrapper\">\n\n\t\t\t\t\t\t<div class=\"elementor-icon-box-icon\">\n\t\t\t\t<span  class=\"elementor-icon\">\n\t\t\t\t<svg xmlns=\"http:\/\/www.w3.org\/2000\/svg\" id=\"Capa_1\" height=\"512\" viewbox=\"0 0 512 512\" width=\"512\"><g><path d=\"m486.802 409.849h-461.604c-9.774 0-17.698-7.924-17.698-17.698v-272.303c0-9.774 7.924-17.698 17.698-17.698h461.604c9.774 0 17.698 7.924 17.698 17.698v272.303c0 9.775-7.924 17.698-17.698 17.698z\" fill=\"#b0e7c9\"><\/path><path d=\"m486.802 102.15h-30c9.774 0 17.698 7.924 17.698 17.698v272.303c0 9.774-7.924 17.698-17.698 17.698h30c9.774 0 17.698-7.924 17.698-17.698v-272.303c0-9.774-7.924-17.698-17.698-17.698z\" fill=\"#6ed5a1\"><\/path><path d=\"m257.401 317.024h196.233v40.575h-196.233z\" fill=\"#46cc8d\"><\/path><path d=\"m423.635 317.024h30v40.575h-30z\" fill=\"#00c27a\"><\/path><path d=\"m148.107 313.087h-16.194c-2.664 0-4.824-2.16-4.824-4.824v-16.194c0-2.664-2.16-4.824-4.824-4.824h-24.374c-2.664 0-4.824 2.16-4.824 4.824v16.194c0 2.664-2.16 4.824-4.824 4.824h-16.195c-2.664 0-4.824 2.16-4.824 4.824v24.373c0 2.664 2.16 4.824 4.824 4.824h16.194c2.664 0 4.824 2.16 4.824 4.824v16.194c0 2.664 2.16 4.824 4.824 4.824h24.373c2.664 0 4.824-2.16 4.824-4.824v-16.194c0-2.664 2.16-4.824 4.824-4.824h16.194c2.664 0 4.824-2.16 4.824-4.824v-24.373c.002-2.664-2.157-4.824-4.822-4.824z\" fill=\"#ffeee8\"><\/path><path d=\"m139.091 245.392h-65.741c-9.774 0-17.698-7.924-17.698-17.698v-65.74c0-9.774 7.924-17.698 17.698-17.698h65.74c9.774 0 17.698 7.924 17.698 17.698v65.74c.001 9.775-7.923 17.698-17.697 17.698z\" fill=\"#ffeee8\"><\/path><path d=\"m139.091 144.256h-30c9.774 0 17.698 7.924 17.698 17.698v65.74c0 9.774-7.924 17.698-17.698 17.698h30c9.774 0 17.698-7.924 17.698-17.698v-65.74c0-9.774-7.924-17.698-17.698-17.698z\" fill=\"#e1d3ce\"><\/path><circle cx=\"106.221\" cy=\"194.824\" fill=\"#f1b0a2\" r=\"25.221\"><\/circle><path d=\"m106.221 169.604c-5.619 0-10.807 1.839-15 4.946 6.2 4.595 10.221 11.964 10.221 20.274s-4.02 15.68-10.221 20.274c4.193 3.107 9.381 4.947 15 4.947 13.929 0 25.221-11.292 25.221-25.221-.001-13.929-11.292-25.22-25.221-25.22z\" fill=\"#eb9c8d\"><\/path><path d=\"m246.315 417.35h-221.117c-13.894 0-25.198-11.304-25.198-25.199v-272.303c0-13.894 11.304-25.198 25.198-25.198h113.71c4.142 0 7.5 3.358 7.5 7.5s-3.358 7.5-7.5 7.5h-113.71c-5.623 0-10.198 4.575-10.198 10.198v272.303c0 5.624 4.575 10.198 10.198 10.198h221.117c4.142 0 7.5 3.358 7.5 7.5s-3.358 7.501-7.5 7.501z\"><\/path><path d=\"m486.802 417.35h-210.487c-4.142 0-7.5-3.358-7.5-7.5s3.358-7.5 7.5-7.5h210.487c5.623 0 10.198-4.575 10.198-10.198v-272.304c0-5.623-4.575-10.198-10.198-10.198h-317.894c-4.142 0-7.5-3.358-7.5-7.5s3.358-7.5 7.5-7.5h317.895c13.894 0 25.198 11.304 25.198 25.198v272.303c-.001 13.895-11.305 25.199-25.199 25.199z\"><\/path><path d=\"m364.064 162.262h-106.663c-4.142 0-7.5-3.358-7.5-7.5s3.358-7.5 7.5-7.5h106.663c4.142 0 7.5 3.358 7.5 7.5s-3.357 7.5-7.5 7.5z\"><\/path><path d=\"m306.277 195.452h-48.876c-4.142 0-7.5-3.358-7.5-7.5s3.358-7.5 7.5-7.5h48.876c4.142 0 7.5 3.358 7.5 7.5s-3.358 7.5-7.5 7.5z\"><\/path><path d=\"m436.968 195.452h-97.341c-4.142 0-7.5-3.358-7.5-7.5s3.358-7.5 7.5-7.5h97.341c4.142 0 7.5 3.358 7.5 7.5s-3.358 7.5-7.5 7.5z\"><\/path><path d=\"m364.064 233.727h-106.663c-4.142 0-7.5-3.358-7.5-7.5s3.358-7.5 7.5-7.5h106.663c4.142 0 7.5 3.358 7.5 7.5s-3.357 7.5-7.5 7.5z\"><\/path><path d=\"m306.277 266.917h-48.876c-4.142 0-7.5-3.358-7.5-7.5s3.358-7.5 7.5-7.5h48.876c4.142 0 7.5 3.358 7.5 7.5s-3.358 7.5-7.5 7.5z\"><\/path><path d=\"m436.968 266.917h-97.341c-4.142 0-7.5-3.358-7.5-7.5s3.358-7.5 7.5-7.5h97.341c4.142 0 7.5 3.358 7.5 7.5s-3.358 7.5-7.5 7.5z\"><\/path><path d=\"m453.635 365.099h-196.234c-4.142 0-7.5-3.358-7.5-7.5v-40.575c0-4.142 3.358-7.5 7.5-7.5h196.233c4.142 0 7.5 3.358 7.5 7.5v40.575c.001 4.142-3.357 7.5-7.499 7.5zm-188.734-15h181.233v-25.575h-181.233z\"><\/path><path d=\"m122.264 380.451h-24.373c-6.795 0-12.324-5.529-12.324-12.324v-13.519h-13.519c-6.795 0-12.324-5.529-12.324-12.324v-24.373c0-6.795 5.529-12.324 12.324-12.324h13.519v-13.519c0-6.795 5.529-12.324 12.324-12.324h24.373c6.795 0 12.324 5.529 12.324 12.324v13.519h13.519c6.795 0 12.324 5.529 12.324 12.324v24.373c0 6.795-5.529 12.324-12.324 12.324h-13.519v13.519c0 6.795-5.528 12.324-12.324 12.324zm-21.697-15h19.021v-13.519c0-6.795 5.529-12.324 12.324-12.324h13.519v-19.021h-13.519c-6.795 0-12.324-5.529-12.324-12.324v-13.519h-19.021v13.519c0 6.795-5.529 12.324-12.324 12.324h-13.519v19.021h13.519c6.795 0 12.324 5.529 12.324 12.324zm47.54-44.864h.01z\"><\/path><path d=\"m139.091 252.893h-65.741c-13.894 0-25.198-11.304-25.198-25.198v-65.74c0-13.894 11.304-25.198 25.198-25.198h65.741c13.894 0 25.198 11.304 25.198 25.198v65.74c0 13.894-11.304 25.198-25.198 25.198zm-65.741-101.137c-5.623 0-10.198 4.575-10.198 10.198v65.74c0 5.624 4.575 10.198 10.198 10.198h65.741c5.623 0 10.198-4.575 10.198-10.198v-65.74c0-5.623-4.575-10.198-10.198-10.198z\"><\/path><path d=\"m106.221 227.545c-18.042 0-32.721-14.679-32.721-32.721s14.679-32.721 32.721-32.721 32.721 14.678 32.721 32.721-14.679 32.721-32.721 32.721zm0-50.441c-9.771 0-17.721 7.95-17.721 17.721s7.95 17.721 17.721 17.721 17.721-7.95 17.721-17.721c-.001-9.772-7.95-17.721-17.721-17.721z\"><\/path><path d=\"m203.686 371.099c-4.142 0-7.5-3.358-7.5-7.5v-219.343c0-4.142 3.358-7.5 7.5-7.5s7.5 3.358 7.5 7.5v219.343c0 4.142-3.358 7.5-7.5 7.5z\"><\/path><\/g><\/svg>\t\t\t\t<\/span>\n\t\t\t<\/div>\n\t\t\t\n\t\t\t\t\t\t<div class=\"elementor-icon-box-content\">\n\n\t\t\t\t\t\t\t\t\t<h3 class=\"elementor-icon-box-title\">\n\t\t\t\t\t\t<span  >\n\t\t\t\t\t\t\tInvestigations and Treatments Settled by CNAS\t\t\t\t\t\t<\/span>\n\t\t\t\t\t<\/h3>\n\t\t\t\t\n\t\t\t\t\n\t\t\t<\/div>\n\t\t\t\n\t\t<\/div>\n\t\t\t\t\t\t<\/div>\n\t\t\t\t<\/div>\n\t\t\t\t\t<\/div>\n\t\t<\/div>\n\t\t\t\t\t<\/div>\n\t\t<\/section>\n\t\t\t\t<section class=\"elementor-section elementor-top-section elementor-element elementor-element-3a47e9b elementor-section-boxed elementor-section-height-default elementor-section-height-default\" data-id=\"3a47e9b\" data-element_type=\"section\" data-e-type=\"section\">\n\t\t\t\t\t\t<div class=\"elementor-container elementor-column-gap-default\">\n\t\t\t\t\t<div class=\"elementor-column elementor-col-100 elementor-top-column elementor-element elementor-element-d9d59f7\" data-id=\"d9d59f7\" data-element_type=\"column\" data-e-type=\"column\">\n\t\t\t<div class=\"elementor-widget-wrap elementor-element-populated\">\n\t\t\t\t\t\t<div class=\"elementor-element elementor-element-14e5cde elementor-widget elementor-widget-text-editor\" data-id=\"14e5cde\" data-element_type=\"widget\" data-e-type=\"widget\" data-widget_type=\"text-editor.default\">\n\t\t\t\t<div class=\"elementor-widget-container\">\n\t\t\t\t\t\t\t\t\t<p style=\"margin: 0in; line-height: 17.25pt; background: white;\"><strong><span style=\"font-size: 10.0pt; font-family: 'Arial',sans-serif; color: #444444;\">SPECIFIC MEDICAL REHABILITATION PROCEDURES<\/span><\/strong><\/p><p style=\"margin: 0in; line-height: 17.25pt; background: white; font-variant-ligatures: normal; font-variant-caps: normal; orphans: 2; text-align: start; widows: 2; -webkit-text-stroke-width: 0px; text-decoration-style: initial; text-decoration-color: initial; word-spacing: 0px;\"><span style=\"font-size: 10.0pt; font-family: 'Arial',sans-serif; color: #444444;\"><br \/>1. Group physiotherapy for internal disorders<br \/>2. Galvanization<br \/>3. Ionization<br \/>4. Diadynamic currents<br \/>5. Trabert<br \/>6. TENS<br \/>7. Interferential currents<br \/>8. Short wave<br \/>9. Microwave<br \/>10. High pulsating frequency currents<br \/>11. Ultrasound<br \/>12. Combination of ultrasound with low frequency currents<br \/>13. Magnetotherapy<br \/>14. Laser therapy<br \/>15. Rectangular pulse currents<br \/>16. Currents with exponential pulses<br \/>17. Electrical isometric contraction<br \/>18. Functional electrical stimulation<br \/>19. Galvanic baths<br \/>20. Regional massage<br \/>21. Segmental massage<br \/>22. Reflex massage<br \/>23. Lymph massage<br \/>24. Individual aerosols<br \/>25. General individual hydrokinetic therapy<br \/>26. Partial hydrokinetic therapy<br \/>27. Individual physiotherapy<br \/>28. Vertebral and articular tractions<br \/>29. Vertebral manipulations<br \/>30. Peripheral joint manipulations<br \/>31. Physiotherapy with special equipment with mechanical, electromechanical and robotic devices<br \/>32. Mineral baths (sulfurous, sodium chloride, alkaline)<br \/>33. Mud baths<br \/>34. Partial packing with mud<br \/>35. Application of extracorporeal shock waves<br \/>36. Application of deep oscillations<br \/><\/span><\/p>\t\t\t\t\t\t\t\t<\/div>\n\t\t\t\t<\/div>\n\t\t\t\t\t<\/div>\n\t\t<\/div>\n\t\t\t\t\t<\/div>\n\t\t<\/section>\n\t\t\t\t<\/div>","protected":false},"excerpt":{"rendered":"<p>Investiga\u021bii \u0219i Tratamente Decontate de CNAS PROCEDURI SPECIFICE DE REABILITARE MEDICAL\u0102 1. Kinetoterapie de grup pe afec\u0163iuni2. Galvanizare3. Ionizare4. Curen\u0163i diadinamici5. Trabert6. TENS7. Curen\u0163i interferen\u0163iali8. Unde scurte9. Microunde10. Curen\u0163i de \u00eenalt\u0103 frecven\u0163\u0103 pulsatil\u010311. Ultrasunet12. Combina\u0163ie de ultrasunet cu curen\u0163i de joas\u0103 frecven\u0163\u010313. Magnetoterapie14. Laser-terapie15. Curen\u0163i cu impulsuri rectangulare16. Curen\u0163i cu impulsuri exponen\u0163iale17. Contrac\u0163ia izometric\u0103 electric\u010318. [&hellip;]<\/p>\n","protected":false},"author":1,"featured_media":0,"parent":0,"menu_order":0,"comment_status":"closed","ping_status":"closed","template":"","meta":{"footnotes":""},"class_list":["post-334","page","type-page","status-publish","hentry"],"_links":{"self":[{"href":"https:\/\/eurotrat.ro\/m\/en\/wp-json\/wp\/v2\/pages\/334","targetHints":{"allow":["GET"]}}],"collection":[{"href":"https:\/\/eurotrat.ro\/m\/en\/wp-json\/wp\/v2\/pages"}],"about":[{"href":"https:\/\/eurotrat.ro\/m\/en\/wp-json\/wp\/v2\/types\/page"}],"author":[{"embeddable":true,"href":"https:\/\/eurotrat.ro\/m\/en\/wp-json\/wp\/v2\/users\/1"}],"replies":[{"embeddable":true,"href":"https:\/\/eurotrat.ro\/m\/en\/wp-json\/wp\/v2\/comments?post=334"}],"version-history":[{"count":0,"href":"https:\/\/eurotrat.ro\/m\/en\/wp-json\/wp\/v2\/pages\/334\/revisions"}],"wp:attachment":[{"href":"https:\/\/eurotrat.ro\/m\/en\/wp-json\/wp\/v2\/media?parent=334"}],"curies":[{"name":"wp","href":"https:\/\/api.w.org\/{rel}","templated":true}]}}