{"id":330,"date":"2020-10-12T11:31:32","date_gmt":"2020-10-12T11:31:32","guid":{"rendered":"http:\/\/eurotrat.ro\/m\/?page_id=330"},"modified":"2020-10-23T15:53:25","modified_gmt":"2020-10-23T15:53:25","slug":"criterii-de-internare","status":"publish","type":"page","link":"https:\/\/eurotrat.ro\/m\/en\/criterii-de-internare\/","title":{"rendered":"Admission criteria"},"content":{"rendered":"<div data-elementor-type=\"wp-page\" data-elementor-id=\"330\" class=\"elementor elementor-330\" data-elementor-post-type=\"page\">\n\t\t\t\t\t\t<section class=\"elementor-section elementor-top-section elementor-element elementor-element-e03bb7a elementor-section-boxed elementor-section-height-default elementor-section-height-default\" data-id=\"e03bb7a\" data-element_type=\"section\" data-e-type=\"section\">\n\t\t\t\t\t\t<div class=\"elementor-container elementor-column-gap-default\">\n\t\t\t\t\t<div class=\"elementor-column elementor-col-100 elementor-top-column elementor-element elementor-element-200fd05\" data-id=\"200fd05\" data-element_type=\"column\" data-e-type=\"column\">\n\t\t\t<div class=\"elementor-widget-wrap elementor-element-populated\">\n\t\t\t\t\t\t<div class=\"elementor-element elementor-element-de7c183 elementor-view-default elementor-position-block-start elementor-mobile-position-block-start elementor-widget elementor-widget-icon-box\" data-id=\"de7c183\" data-element_type=\"widget\" data-e-type=\"widget\" data-widget_type=\"icon-box.default\">\n\t\t\t\t<div class=\"elementor-widget-container\">\n\t\t\t\t\t\t\t<div class=\"elementor-icon-box-wrapper\">\n\n\t\t\t\t\t\t<div class=\"elementor-icon-box-icon\">\n\t\t\t\t<span  class=\"elementor-icon\">\n\t\t\t\t<svg xmlns=\"http:\/\/www.w3.org\/2000\/svg\" id=\"Capa_1\" height=\"512\" viewbox=\"0 0 512 512\" width=\"512\"><g><path d=\"m427.901 46.074c0-3.971-3.219-7.19-7.19-7.19h-74.777v45.385h-179.868v-45.384h-74.778c-3.971 0-7.19 3.219-7.19 7.19v451.235c0 3.971 3.219 7.19 7.19 7.19h329.423c3.971 0 7.19-3.219 7.19-7.19z\" fill=\"#75cef9\"><\/path><path d=\"m300.236 479.5c23.486 0 42.525-19.039 42.525-42.525v-9.575c0-4.44 3.6-8.04 8.04-8.04h9.575c23.486 0 42.525-19.039 42.525-42.525v-304.915c0-4.438-3.598-8.036-8.036-8.036h-48.931v20.385h-179.868v-20.384h-48.931c-4.438 0-8.036 3.598-8.036 8.036v399.544c0 4.438 3.598 8.036 8.036 8.036z\" fill=\"#f1f1f4\"><\/path><path d=\"m394.865 63.885h-31.964v292.95c0 23.486-19.039 42.525-42.525 42.525h-9.575c-4.44 0-8.04 3.6-8.04 8.04v9.574c0 23.486-19.039 42.525-42.525 42.525h-151.137v11.964c0 4.438 3.598 8.036 8.036 8.036h183.101c23.486 0 42.525-19.039 42.525-42.525v-9.574c0-4.44 3.6-8.04 8.04-8.04h9.575c23.486 0 42.525-19.039 42.525-42.525v-304.915c0-4.438-3.598-8.035-8.036-8.035z\" fill=\"#dfdde2\"><\/path><path d=\"m345.934 84.269h-179.868v14.769c0 6.409 5.195 11.604 11.604 11.604h156.659c6.409 0 11.604-5.195 11.604-11.604v-14.769z\" fill=\"#a298a5\"><\/path><path d=\"m340.132 33.082h-53.912c-2.451 0-4.579-1.753-4.976-4.172-1.992-12.144-12.536-21.41-25.244-21.41s-23.252 9.266-25.244 21.41c-.397 2.419-2.525 4.172-4.976 4.172h-53.912c-3.204 0-5.802 2.598-5.802 5.802v45.385h179.868v-45.384c0-3.205-2.598-5.803-5.802-5.803z\" fill=\"#c6c1c8\"><\/path><path d=\"m402.901 376.835c0 27.228-10.816 53.341-30.07 72.595-19.253 19.253-45.367 30.07-72.595 30.07 23.486 0 42.525-19.039 42.525-42.525v-7.964c0-5.33 4.321-9.65 9.65-9.65h7.964c23.487-.001 42.526-19.04 42.526-42.526z\" fill=\"#c6c1c8\"><\/path><g fill=\"#aad880\"><path d=\"m181.505 308.385h-25.406c-1.724 0-3.121-1.397-3.121-3.121v-25.406c0-1.724 1.397-3.121 3.121-3.121h25.406c1.724 0 3.121 1.397 3.121 3.121v25.406c0 1.723-1.397 3.121-3.121 3.121z\"><\/path><path d=\"m181.505 371.429h-25.406c-1.724 0-3.121-1.397-3.121-3.121v-25.406c0-1.724 1.397-3.121 3.121-3.121h25.406c1.724 0 3.121 1.397 3.121 3.121v25.406c0 1.723-1.397 3.121-3.121 3.121z\"><\/path><path d=\"m181.505 434.473h-25.406c-1.724 0-3.121-1.397-3.121-3.121v-25.406c0-1.724 1.397-3.121 3.121-3.121h25.406c1.724 0 3.121 1.397 3.121 3.121v25.406c0 1.723-1.397 3.121-3.121 3.121z\"><\/path><\/g><path d=\"m287.576 141.431c-11.731-1.681-22.527 2.838-29.887 10.901-.967 1.06-2.607 1.06-3.575 0-7.36-8.064-18.156-12.582-29.888-10.901-17.526 2.511-30.432 19.016-29.951 37.754 1.018 39.637 52.497 66.855 60.567 70.881.671.335 1.447.335 2.119 0 8.07-4.026 59.549-31.245 60.567-70.882.481-18.738-12.426-35.242-29.952-37.753z\" fill=\"#dd636e\"><\/path><path d=\"m287.576 141.431c-4.681-.671-9.213-.354-13.437.781 2.317 5.168 3.543 10.955 3.389 16.973-.896 34.909-40.932 60.185-55.984 68.469 14.113 12.45 29.228 20.382 33.299 22.413.671.335 1.447.335 2.119 0 8.07-4.026 59.549-31.245 60.567-70.882.48-18.739-12.427-35.243-29.953-37.754z\" fill=\"#da4a54\"><\/path><ellipse cx=\"256\" cy=\"33.082\" rx=\"7.5\" ry=\"7.5\" transform=\"matrix(.383 -.924 .924 .383 127.469 256.935)\"><\/ellipse><path d=\"m427.901 325.1c4.143 0 7.5-3.357 7.5-7.5v-271.526c0-8.1-6.59-14.689-14.689-14.689h-69.599c-2.398-3.501-6.426-5.803-10.981-5.803h-51.903c-3.443-14.946-16.671-25.582-32.229-25.582-15.56 0-28.788 10.635-32.229 25.582h-51.903c-4.555 0-8.582 2.302-10.981 5.803h-69.599c-8.1 0-14.689 6.59-14.689 14.689v451.236c0 8.1 6.59 14.689 14.689 14.689h329.423c8.1 0 14.689-6.59 14.689-14.689v-144.71c0-4.143-3.357-7.5-7.5-7.5s-7.5 3.357-7.5 7.5v144.4h-328.801v-450.615h66.967v10h-41.431c-8.566 0-15.536 6.969-15.536 15.535v112.264c0 4.143 3.358 7.5 7.5 7.5s7.5-3.357 7.5-7.5v-112.264c0-.295.24-.535.536-.535h41.431v27.653c0 10.534 8.57 19.104 19.104 19.104h156.66c10.534 0 19.104-8.57 19.104-19.104v-27.653h41.432c.295 0 .535.24.535.535v304.915c0 19.313-15.712 35.025-35.024 35.025h-7.964c-2.244 0-4.389.433-6.355 1.221h-134.135c-4.142 0-7.5 3.357-7.5 7.5s3.358 7.5 7.5 7.5h123.363c-.035.653-.025.248-.025 8.894 0 19.313-15.712 35.025-35.024 35.025h-183.102c-.295 0-.536-.24-.536-.535v-252.281c0-4.143-3.358-7.5-7.5-7.5s-7.5 3.357-7.5 7.5v252.281c0 8.566 6.969 15.535 15.536 15.535h183.102c60.883 0 110.164-49.268 110.164-110.165v-304.915c0-8.566-6.969-15.535-15.535-15.535h-41.432v-10h66.968v271.215c-.001 4.142 3.357 7.5 7.499 7.5zm-84.061 136.376c4.087-7.245 6.421-15.606 6.421-24.501v-7.964c0-1.186.965-2.15 2.151-2.15h7.964c8.895 0 17.256-2.334 24.5-6.421-9.028 17.478-23.535 31.995-41.036 41.036zm-5.407-362.438c0 2.264-1.841 4.104-4.104 4.104h-156.659c-2.263 0-4.104-1.841-4.104-4.104v-7.268h101.281c4.143 0 7.5-3.357 7.5-7.5s-3.357-7.5-7.5-7.5h-101.281v-36.188h52.214c6.177 0 11.383-4.397 12.377-10.458 1.437-8.764 8.941-15.124 17.843-15.124s16.405 6.36 17.843 15.123c.993 6.061 6.198 10.459 12.377 10.459h52.214v36.188h-28.587c-4.143 0-7.5 3.357-7.5 7.5s3.357 7.5 7.5 7.5h28.587v7.268z\"><\/path><path d=\"m145.478 279.857v25.406c0 5.856 4.765 10.621 10.621 10.621h25.406c5.857 0 10.622-4.765 10.622-10.621v-25.406c0-5.856-4.765-10.621-10.622-10.621h-25.406c-5.856 0-10.621 4.765-10.621 10.621zm15 4.379h16.648v16.648h-16.648z\"><\/path><path d=\"m145.478 368.308c0 5.856 4.765 10.621 10.621 10.621h25.406c5.857 0 10.622-4.765 10.622-10.621v-25.406c0-5.856-4.765-10.621-10.622-10.621h-25.406c-5.856 0-10.621 4.765-10.621 10.621zm15-21.028h16.648v16.648h-16.648z\"><\/path><path d=\"m145.478 431.352c0 5.856 4.765 10.621 10.621 10.621h25.406c5.857 0 10.622-4.765 10.622-10.621v-25.406c0-5.856-4.765-10.621-10.622-10.621h-25.406c-5.856 0-10.621 4.765-10.621 10.621zm15-21.028h16.648v16.648h-16.648z\"><\/path><path d=\"m359.021 284.134h-147.098c-4.142 0-7.5 3.357-7.5 7.5s3.358 7.5 7.5 7.5h147.099c4.143 0 7.5-3.357 7.5-7.5s-3.358-7.5-7.501-7.5z\"><\/path><path d=\"m359.021 348.607h-147.098c-4.142 0-7.5 3.357-7.5 7.5s3.358 7.5 7.5 7.5h147.099c4.143 0 7.5-3.357 7.5-7.5s-3.358-7.5-7.501-7.5z\"><\/path><path d=\"m168.888 198.79c0 4.143 3.358 7.5 7.5 7.5h17.901c15.235 28.238 48.973 46.38 57.205 50.487 2.766 1.38 6.06 1.375 8.815 0 8.95-4.465 48.048-25.521 60.74-58.102h17.171c4.143 0 7.5-3.357 7.5-7.5s-3.357-7.5-7.5-7.5h-13.477c.149-1.416.244-2.849.281-4.299.585-22.811-15.058-42.315-36.386-45.37-11.98-1.715-23.65 1.765-32.737 9.615-9.086-7.851-20.756-11.333-32.739-9.615-21.329 3.057-36.97 22.562-36.384 45.371.105 4.106.673 8.079 1.624 11.912h-12.015c-4.141.001-7.499 3.358-7.499 7.501zm87.014 43.383c-7.9-4.197-30.575-17.302-43.943-35.883h9c1.989 0 3.897-.79 5.303-2.196l10.632-10.633 21.407 21.408c2.928 2.926 7.677 2.929 10.607-.001l16.191-16.192h19.485c-11.881 22.589-39.739 38.745-48.682 43.497zm-54.128-63.18c-.406-15.8 11.284-30.408 27.287-30.408 7.351 0 14.31 3.101 19.513 8.801 3.935 4.315 10.718 4.32 14.656.002 6.088-6.671 14.576-9.778 23.283-8.533 13.571 1.944 23.901 15.183 23.519 30.138-.041 1.581-.178 3.142-.403 4.684h-27.635c-1.989 0-3.896.79-5.304 2.197l-13.085 13.086-21.407-21.408c-2.927-2.927-7.678-2.928-10.606 0l-13.738 13.739h-13.828c-1.341-3.946-2.143-8.053-2.252-12.298z\"><\/path><\/g><\/svg>\t\t\t\t<\/span>\n\t\t\t<\/div>\n\t\t\t\n\t\t\t\t\t\t<div class=\"elementor-icon-box-content\">\n\n\t\t\t\t\t\t\t\t\t<h3 class=\"elementor-icon-box-title\">\n\t\t\t\t\t\t<span  >\n\t\t\t\t\t\t\tAdmission criteria\t\t\t\t\t\t<\/span>\n\t\t\t\t\t<\/h3>\n\t\t\t\t\n\t\t\t\t\n\t\t\t<\/div>\n\t\t\t\n\t\t<\/div>\n\t\t\t\t\t\t<\/div>\n\t\t\t\t<\/div>\n\t\t\t\t\t<\/div>\n\t\t<\/div>\n\t\t\t\t\t<\/div>\n\t\t<\/section>\n\t\t\t\t<section class=\"elementor-section elementor-top-section elementor-element elementor-element-cd824a3 elementor-section-boxed elementor-section-height-default elementor-section-height-default\" data-id=\"cd824a3\" data-element_type=\"section\" data-e-type=\"section\">\n\t\t\t\t\t\t<div class=\"elementor-container elementor-column-gap-default\">\n\t\t\t\t\t<div class=\"elementor-column elementor-col-100 elementor-top-column elementor-element elementor-element-edd682f\" data-id=\"edd682f\" data-element_type=\"column\" data-e-type=\"column\">\n\t\t\t<div class=\"elementor-widget-wrap elementor-element-populated\">\n\t\t\t\t\t\t<div class=\"elementor-element elementor-element-4213d0c elementor-widget elementor-widget-text-editor\" data-id=\"4213d0c\" data-element_type=\"widget\" data-e-type=\"widget\" data-widget_type=\"text-editor.default\">\n\t\t\t\t<div class=\"elementor-widget-container\">\n\t\t\t\t\t\t\t\t\t<blockquote><p style=\"font-weight: 400;\"><span style=\"text-decoration: underline;\"><strong>Procedure for planning hospitalizations of patients with chronic diseases<\/strong><\/span><\/p><\/blockquote><ol><li style=\"font-weight: 400;\"><strong>Purpose<\/strong><\/li><\/ol><p style=\"font-weight: 400;\">Evidence and scheduling of patients with chronic diseases, in order to hospitalize them.<\/p><p style=\"font-weight: 400;\">MOTIVATION OF ELABORATION<\/p><p style=\"font-weight: 400;\">\u00a0\u00a0\u00a0\u00a0\u00a0\u00a0\u00a0\u00a0\u00a0\u00a0\u00a0\u00a0Planning hospitalizations of patients with chronic diseases.<\/p><ol start=\"2\"><li style=\"font-weight: 400;\"><strong>FIELD OF APPLICATION<\/strong><\/li><\/ol><p style=\"font-weight: 400;\">The procedure is applied in the hospital for the planning activity of hospitalizations of patients with chronic diseases.<\/p><ol start=\"3\"><li style=\"font-weight: 400;\"><strong>REFERENCE DOCUMENTS:<\/strong><\/li><\/ol><ul><li style=\"font-weight: 400;\">Legea nr. 46\/2003, legea drepturilor pacientului.<\/li><li style=\"font-weight: 400;\">Ordinul nr. 386\/2004 privind aprobarea Normelor de aplicare a Legii drepturilor pacientului nr. 46\/2003.<\/li><li style=\"font-weight: 400;\">Ordinul nr. 972\/2010, privind aprobarea standardelor de acreditare.<\/li><li style=\"font-weight: 400;\">Ghidurile de practic\u0103 aprobate de MS.<\/li><\/ul><ol start=\"4\"><li style=\"font-weight: 400;\"><strong>RESPONSIBILITIES:<\/strong><\/li><\/ol><p style=\"font-weight: 400;\">The medical staff applies the procedure.<\/p><ol start=\"5\"><li style=\"font-weight: 400;\"><strong>DESCRIPTION OF THE PROCEDURE:<\/strong><\/li><\/ol><ul><li style=\"font-weight: 400;\">Hospitalization is the way in which the patient with a certain stable condition after consultation at the emergency room, by emergency or outpatient, is admitted to the ward with beds. Medical-surgical emergencies are not subject to this procedure.<\/li><li style=\"font-weight: 400;\">The patient who does not present medical-surgical emergencies, but who needs hospitalization, can be admitted to the departments \/ compartments within the Eurotrat Hospital, by appointment.<\/li><li style=\"font-weight: 400;\">At the level of each department \/ compartment within the Eurotrat Hospital there is a register for inpatient scheduling.<\/li><li style=\"font-weight: 400;\">The chief physicians \/ department \/ department coordinators establish, depending on the number of beds and the dynamics of hospitalizations \/ discharges of patients presenting medical-surgical emergencies, the number of patients who can be hospitalized per day, by appointment.<\/li><li style=\"font-weight: 400;\">Each section \/ compartment has the obligation to provide a number of free beds between 5-10% of the total number of beds in that section, for emergencies.<\/li><li style=\"font-weight: 400;\">The priority criteria for access to medical services provided through scheduled hospitalization are: the patient's clinical condition, distance between home and hospital, the existence or not of relatives.<\/li><li style=\"font-weight: 400;\">The programming can be done as follows:<\/li><\/ul><ul><li style=\"font-weight: 400;\">By telephone - through the hospital's telephone exchange - the patient's telephone connection is established with the doctor on the ward \/ compartment for which there is a hospitalization ticket, the respective doctor schedules the patient with the date, time, presumptive diagnosis, all these are noted in the specially designed register respectively. It is also noted in the register and contact details, when possible.<\/li><li style=\"font-weight: 400;\">The attending physician schedules the patient after the outpatient consultation, noting these data in the register.<\/li><li style=\"font-weight: 400;\">The patient is asked to contact the respective department by phone one day before the date set for admission, to check if there is a bed available. In situations where due to the large number of emergency hospitalizations, there are no free beds in that department, the doctor will set, in agreement with the patient, another date for appointment.<\/li><li style=\"font-weight: 400;\">The attending physicians in the wards \/ compartments where the hospitalization is made, depending on the available places, sign, sealing and date the hospitalization ticket.<\/li><li style=\"font-weight: 400;\">The patient presents at the hospital, according to the schedule, presenting the following documents:<\/li><\/ul><ol><li style=\"font-weight: 400;\">\u00a0 Medical referral letter<\/li><li style=\"font-weight: 400;\">\u00a0 Admission letter<\/li><li style=\"font-weight: 400;\">\u00a0 Health card<\/li><li style=\"font-weight: 400;\">\u00a0 Documents proving the quality of the insured<\/li><li style=\"font-weight: 400;\">\u00a0 ID, passport or birth certificate<\/li><\/ol><ul><li style=\"font-weight: 400;\">If the patient is not insured \/ cannot prove the quality of the insured, he \/ she will complete the declaration, by which he \/ she undertakes to pay the expenses incurred by his \/ her hospitalization.<\/li><\/ul><ol start=\"6\"><li style=\"font-weight: 400;\"><strong>ANNEXES \/ DOCUMENTS<\/strong><\/li><\/ol><ul><li style=\"font-weight: 400;\">Working documents, according to the procedure;<\/li><li style=\"font-weight: 400;\">Patient file.<\/li><\/ul>\t\t\t\t\t\t\t\t<\/div>\n\t\t\t\t<\/div>\n\t\t\t\t\t<\/div>\n\t\t<\/div>\n\t\t\t\t\t<\/div>\n\t\t<\/section>\n\t\t\t\t<\/div>","protected":false},"excerpt":{"rendered":"<p>Criterii de internare Procedura pentru planificarea intern\u0103rilor pacien\u021bilor cu afec\u021biuni cronice Scop Eviden\u021ba \u0219i programarea pacien\u021bilor cu afec\u021biuni cronice, \u00een vederea intern\u0103rii acestora. MOTIVAREA ELABOR\u0102RII \u00a0\u00a0\u00a0\u00a0\u00a0\u00a0\u00a0\u00a0\u00a0\u00a0\u00a0\u00a0Planificarea intern\u0103rilor pacien\u021bilor cu afec\u021biuni cronice. DOMENIU DE APLICARE Procedura se aplic\u0103 \u00een cadrul spitalului pentru activitatea de planificare a intern\u0103rilor pacien\u021bilor cu afec\u021biuni cronice. DOCUMENTE DE REFERIN\u021a\u0102: Legea nr. [&hellip;]<\/p>\n","protected":false},"author":1,"featured_media":0,"parent":0,"menu_order":0,"comment_status":"closed","ping_status":"closed","template":"","meta":{"footnotes":""},"class_list":["post-330","page","type-page","status-publish","hentry"],"_links":{"self":[{"href":"https:\/\/eurotrat.ro\/m\/en\/wp-json\/wp\/v2\/pages\/330","targetHints":{"allow":["GET"]}}],"collection":[{"href":"https:\/\/eurotrat.ro\/m\/en\/wp-json\/wp\/v2\/pages"}],"about":[{"href":"https:\/\/eurotrat.ro\/m\/en\/wp-json\/wp\/v2\/types\/page"}],"author":[{"embeddable":true,"href":"https:\/\/eurotrat.ro\/m\/en\/wp-json\/wp\/v2\/users\/1"}],"replies":[{"embeddable":true,"href":"https:\/\/eurotrat.ro\/m\/en\/wp-json\/wp\/v2\/comments?post=330"}],"version-history":[{"count":0,"href":"https:\/\/eurotrat.ro\/m\/en\/wp-json\/wp\/v2\/pages\/330\/revisions"}],"wp:attachment":[{"href":"https:\/\/eurotrat.ro\/m\/en\/wp-json\/wp\/v2\/media?parent=330"}],"curies":[{"name":"wp","href":"https:\/\/api.w.org\/{rel}","templated":true}]}}