{"id":18833,"date":"2021-08-23T15:25:19","date_gmt":"2021-08-23T12:25:19","guid":{"rendered":"https:\/\/eurotrat.ro\/m\/?page_id=18833"},"modified":"2023-05-02T11:04:56","modified_gmt":"2023-05-02T08:04:56","slug":"reumatologie","status":"publish","type":"page","link":"https:\/\/eurotrat.ro\/m\/en\/reumatologie\/","title":{"rendered":"Reumatologie"},"content":{"rendered":"<div data-elementor-type=\"wp-page\" data-elementor-id=\"18833\" class=\"elementor elementor-18833\" data-elementor-post-type=\"page\">\n\t\t\t\t\t\t<section class=\"elementor-section elementor-top-section elementor-element elementor-element-0e585af elementor-section-boxed elementor-section-height-default elementor-section-height-default\" data-id=\"0e585af\" data-element_type=\"section\" data-e-type=\"section\">\n\t\t\t\t\t\t<div class=\"elementor-container elementor-column-gap-default\">\n\t\t\t\t\t<div class=\"elementor-column elementor-col-50 elementor-top-column elementor-element elementor-element-05488d2\" data-id=\"05488d2\" data-element_type=\"column\" data-e-type=\"column\">\n\t\t\t<div class=\"elementor-widget-wrap elementor-element-populated\">\n\t\t\t\t\t\t<div class=\"elementor-element elementor-element-d598ab9 elementor-widget elementor-widget-image\" data-id=\"d598ab9\" data-element_type=\"widget\" data-e-type=\"widget\" data-widget_type=\"image.default\">\n\t\t\t\t<div class=\"elementor-widget-container\">\n\t\t\t\t\t\t\t\t\t\t\t\t\t\t\t<img decoding=\"async\" data-src=\"https:\/\/eurotrat.ro\/m\/wp-content\/plugins\/elementor\/assets\/images\/placeholder.png\" title=\"\" alt=\"\" src=\"data:image\/svg+xml;base64,PHN2ZyB3aWR0aD0iMSIgaGVpZ2h0PSIxIiB4bWxucz0iaHR0cDovL3d3dy53My5vcmcvMjAwMC9zdmciPjwvc3ZnPg==\" class=\"lazyload\" style=\"--smush-placeholder-width: 1200px; --smush-placeholder-aspect-ratio: 1200\/800;\" \/>\t\t\t\t\t\t\t\t\t\t\t\t\t\t\t<\/div>\n\t\t\t\t<\/div>\n\t\t\t\t\t<\/div>\n\t\t<\/div>\n\t\t\t\t<div class=\"elementor-column elementor-col-50 elementor-top-column elementor-element elementor-element-1f598e2\" data-id=\"1f598e2\" data-element_type=\"column\" data-e-type=\"column\">\n\t\t\t<div class=\"elementor-widget-wrap elementor-element-populated\">\n\t\t\t\t\t\t<div class=\"elementor-element elementor-element-bcf014e elementor-widget elementor-widget-text-editor\" data-id=\"bcf014e\" data-element_type=\"widget\" data-e-type=\"widget\" data-widget_type=\"text-editor.default\">\n\t\t\t\t<div class=\"elementor-widget-container\">\n\t\t\t\t\t\t\t\t\t<p><span style=\"color: #ff0000;\"><strong>UNAVAILABLE<\/strong><\/span><\/p><p><strong>Cabinet Reumatologie<\/strong><\/p><p>Dr.<\/p><p>Schedule:<br \/><span style=\"color: #000000;\">Luni-Vineri 08:00-13:00<\/span><\/p><p><strong>Appointments and information: <a href=\"tel:0744 604 248\">0744 604 248<\/a><\/strong><br \/>Schedule: Monday-Friday 08:00-14:00<\/p>\t\t\t\t\t\t\t\t<\/div>\n\t\t\t\t<\/div>\n\t\t\t\t\t<\/div>\n\t\t<\/div>\n\t\t\t\t\t<\/div>\n\t\t<\/section>\n\t\t\t\t<\/div>","protected":false},"excerpt":{"rendered":"<p>INDISPONIBIL MOMENTAN Cabinet Reumatologie Dr. Program de lucru:Luni-Vineri 08:00-13:00 Program\u0103ri \u015fi informa\u0163ii: 0744 604 248Orar: Luni-Vineri 8:00-14:00<\/p>","protected":false},"author":1,"featured_media":0,"parent":0,"menu_order":0,"comment_status":"closed","ping_status":"closed","template":"","meta":{"footnotes":""},"class_list":["post-18833","page","type-page","status-publish","hentry"],"_links":{"self":[{"href":"https:\/\/eurotrat.ro\/m\/en\/wp-json\/wp\/v2\/pages\/18833","targetHints":{"allow":["GET"]}}],"collection":[{"href":"https:\/\/eurotrat.ro\/m\/en\/wp-json\/wp\/v2\/pages"}],"about":[{"href":"https:\/\/eurotrat.ro\/m\/en\/wp-json\/wp\/v2\/types\/page"}],"author":[{"embeddable":true,"href":"https:\/\/eurotrat.ro\/m\/en\/wp-json\/wp\/v2\/users\/1"}],"replies":[{"embeddable":true,"href":"https:\/\/eurotrat.ro\/m\/en\/wp-json\/wp\/v2\/comments?post=18833"}],"version-history":[{"count":0,"href":"https:\/\/eurotrat.ro\/m\/en\/wp-json\/wp\/v2\/pages\/18833\/revisions"}],"wp:attachment":[{"href":"https:\/\/eurotrat.ro\/m\/en\/wp-json\/wp\/v2\/media?parent=18833"}],"curies":[{"name":"wp","href":"https:\/\/api.w.org\/{rel}","templated":true}]}}